{"id":5727,"date":"2026-04-12T01:25:37","date_gmt":"2026-04-12T04:25:37","guid":{"rendered":"https:\/\/www.kelver.com.ar\/?product=balanza-comercial-digital-systel-croma-con-bateria-31kg"},"modified":"2026-04-16T00:14:46","modified_gmt":"2026-04-16T03:14:46","slug":"balanza-comercial-digital-systel-croma-con-bateria-31kg","status":"publish","type":"product","link":"https:\/\/www.kelver.com.ar\/?product=balanza-comercial-digital-systel-croma-con-bateria-31kg","title":{"rendered":"Balanza Comercial Digital Systel Croma Con Bater\u00eda 31kg"},"content":{"rendered":"<p>Este instrumento brinda la precisi\u00f3n, calidad y tecnolog\u00eda que necesit\u00e1s en tu negocio para pesar con exactitud. Adem\u00e1s, cuenta con una gran variedad de funciones que permiten trabajar con comodidad. <\/p>\n<p>Systel es una empresa argentina en continuo desarrollo que se dedica al dise\u00f1o, fabricaci\u00f3n y comercializaci\u00f3n de productos de pesaje. Sus balanzas destacan en el mercado por ser soluciones confiables y de calidad para sus usuarios. <\/p>\n<p>Con la balanza Croma con bater\u00eda todo se vuelve mucho m\u00e1s f\u00e1cil. No solo determina el peso exacto de los productos, sino que tambi\u00e9n agiliza las tareas de tu negocio y te ayuda a reducir los tiempos de espera de tus clientes.<\/p>\n<p>Display digital <br \/>Olvidate de pesos inexactos, la mayor ventaja de tener una balanza con pantalla digital es que te muestra de manera clara y precisa tu pesaje. <\/p>\n<p>La practicidad de la tecla Tara <br \/>Esta tecla convierte la balanza en una herramienta de trabajo pr\u00e1ctica, que posibilita restar el peso del recipiente que contiene el producto y alcanzar la medida exacta.<\/p>\n<p>Menos errores con los c\u00f3digos PLU<br \/>Con los c\u00f3digos PLU que dispone este equipo, vas a obtener m\u00faltiples beneficios. Por un lado, vas a lograr simplificar las operaciones de la caja registradora y del control de inventario. Pero tambi\u00e9n, vas a minimizar errores y garantizar que quienes compren paguen el precio correcto.<\/p>\n","protected":false},"excerpt":{"rendered":"<p>Este instrumento brinda la precisi\u00f3n, calidad y tecnolog\u00eda que necesit\u00e1s en tu negocio para pesar con exactitud. Adem\u00e1s, cuenta con una gran variedad de funciones que permiten trabajar con comodidad. Systel es una empresa argentina en continuo desarrollo que se dedica al dise\u00f1o, fabricaci\u00f3n y comercializaci\u00f3n de productos de pesaje. Sus balanzas destacan en el&hellip; <br \/> <a class=\"read-more\" href=\"https:\/\/www.kelver.com.ar\/?product=balanza-comercial-digital-systel-croma-con-bateria-31kg\">Leer m\u00e1s<\/a><\/p>\n","protected":false},"featured_media":5728,"comment_status":"open","ping_status":"closed","template":"","meta":{"_joinchat":[],"jetpack_publicize_message":"","jetpack_publicize_feature_enabled":true,"jetpack_social_post_already_shared":true,"jetpack_social_options":{"image_generator_settings":{"template":"highway","default_image_id":0,"font":"","enabled":false},"version":2}},"product_brand":[],"product_cat":[34],"product_tag":[],"class_list":{"0":"post-5727","1":"product","2":"type-product","3":"status-publish","4":"has-post-thumbnail","6":"product_cat-sin-categorizar","8":"first","9":"instock","10":"shipping-taxable","11":"purchasable","12":"product-type-simple"},"jetpack_publicize_connections":[],"jetpack_sharing_enabled":true,"_links":{"self":[{"href":"https:\/\/www.kelver.com.ar\/index.php?rest_route=\/wp\/v2\/product\/5727","targetHints":{"allow":["GET"]}}],"collection":[{"href":"https:\/\/www.kelver.com.ar\/index.php?rest_route=\/wp\/v2\/product"}],"about":[{"href":"https:\/\/www.kelver.com.ar\/index.php?rest_route=\/wp\/v2\/types\/product"}],"replies":[{"embeddable":true,"href":"https:\/\/www.kelver.com.ar\/index.php?rest_route=%2Fwp%2Fv2%2Fcomments&post=5727"}],"wp:featuredmedia":[{"embeddable":true,"href":"https:\/\/www.kelver.com.ar\/index.php?rest_route=\/wp\/v2\/media\/5728"}],"wp:attachment":[{"href":"https:\/\/www.kelver.com.ar\/index.php?rest_route=%2Fwp%2Fv2%2Fmedia&parent=5727"}],"wp:term":[{"taxonomy":"product_brand","embeddable":true,"href":"https:\/\/www.kelver.com.ar\/index.php?rest_route=%2Fwp%2Fv2%2Fproduct_brand&post=5727"},{"taxonomy":"product_cat","embeddable":true,"href":"https:\/\/www.kelver.com.ar\/index.php?rest_route=%2Fwp%2Fv2%2Fproduct_cat&post=5727"},{"taxonomy":"product_tag","embeddable":true,"href":"https:\/\/www.kelver.com.ar\/index.php?rest_route=%2Fwp%2Fv2%2Fproduct_tag&post=5727"}],"curies":[{"name":"wp","href":"https:\/\/api.w.org\/{rel}","templated":true}]}}