{"id":5718,"date":"2026-04-12T01:16:02","date_gmt":"2026-04-12T04:16:02","guid":{"rendered":"https:\/\/www.kelver.com.ar\/?product=impresora-laser-pantum-p3010dw-wifi-ethernet-nfc-33ppm"},"modified":"2026-04-15T21:53:25","modified_gmt":"2026-04-16T00:53:25","slug":"impresora-laser-pantum-p3010dw-wifi-ethernet-nfc-33ppm","status":"publish","type":"product","link":"https:\/\/www.kelver.com.ar\/?product=impresora-laser-pantum-p3010dw-wifi-ethernet-nfc-33ppm","title":{"rendered":"Impresora Laser Pantum P3010dw Wifi Ethernet Nfc 33ppm"},"content":{"rendered":"<p>Empiece a imprimir hoy, sin preocupaciones con la nueva serie P3010 de Pantum que tiene una incidencia extremadamente baja de atascamiento de papel. Posee cartucho de t\u00f3ner y unidad de tambor separada altamente econ\u00f3mica y m\u00e1s ecol\u00f3gica. Est\u00e1 dise\u00f1ada para usuarios desde negocios peque\u00f1os y medianos hasta grandes grupos de trabajo que requieren herramientas de oficina f\u00e1ciles de usar y econ\u00f3micas para su negocio con r\u00e1pido crecimiento.<\/p>\n<p>Panel de control LCD, f\u00e1cil de usar<br \/>La informaci\u00f3n se muestra claramente, la operaci\u00f3n es m\u00e1s simple, el proceso de impresi\u00f3n es m\u00e1s eficiente<\/p>\n<p>Impresi\u00f3n silenciosa, oficina c\u00f3moda<br \/>Reducir eficazmente el ruido de impresi\u00f3n y proporcionarle un entorno de oficina tranquilo y c\u00f3modo<\/p>\n","protected":false},"excerpt":{"rendered":"<p>Empiece a imprimir hoy, sin preocupaciones con la nueva serie P3010 de Pantum que tiene una incidencia extremadamente baja de atascamiento de papel. Posee cartucho de t\u00f3ner y unidad de tambor separada altamente econ\u00f3mica y m\u00e1s ecol\u00f3gica. Est\u00e1 dise\u00f1ada para usuarios desde negocios peque\u00f1os y medianos hasta grandes grupos de trabajo que requieren herramientas de&hellip; <br \/> <a class=\"read-more\" href=\"https:\/\/www.kelver.com.ar\/?product=impresora-laser-pantum-p3010dw-wifi-ethernet-nfc-33ppm\">Leer m\u00e1s<\/a><\/p>\n","protected":false},"featured_media":5719,"comment_status":"open","ping_status":"closed","template":"","meta":{"_joinchat":[],"jetpack_publicize_message":"","jetpack_publicize_feature_enabled":true,"jetpack_social_post_already_shared":true,"jetpack_social_options":{"image_generator_settings":{"template":"highway","default_image_id":0,"font":"","enabled":false},"version":2}},"product_brand":[],"product_cat":[34],"product_tag":[],"class_list":{"0":"post-5718","1":"product","2":"type-product","3":"status-publish","4":"has-post-thumbnail","6":"product_cat-sin-categorizar","8":"first","9":"instock","10":"shipping-taxable","11":"purchasable","12":"product-type-simple"},"jetpack_publicize_connections":[],"jetpack_sharing_enabled":true,"_links":{"self":[{"href":"https:\/\/www.kelver.com.ar\/index.php?rest_route=\/wp\/v2\/product\/5718","targetHints":{"allow":["GET"]}}],"collection":[{"href":"https:\/\/www.kelver.com.ar\/index.php?rest_route=\/wp\/v2\/product"}],"about":[{"href":"https:\/\/www.kelver.com.ar\/index.php?rest_route=\/wp\/v2\/types\/product"}],"replies":[{"embeddable":true,"href":"https:\/\/www.kelver.com.ar\/index.php?rest_route=%2Fwp%2Fv2%2Fcomments&post=5718"}],"wp:featuredmedia":[{"embeddable":true,"href":"https:\/\/www.kelver.com.ar\/index.php?rest_route=\/wp\/v2\/media\/5719"}],"wp:attachment":[{"href":"https:\/\/www.kelver.com.ar\/index.php?rest_route=%2Fwp%2Fv2%2Fmedia&parent=5718"}],"wp:term":[{"taxonomy":"product_brand","embeddable":true,"href":"https:\/\/www.kelver.com.ar\/index.php?rest_route=%2Fwp%2Fv2%2Fproduct_brand&post=5718"},{"taxonomy":"product_cat","embeddable":true,"href":"https:\/\/www.kelver.com.ar\/index.php?rest_route=%2Fwp%2Fv2%2Fproduct_cat&post=5718"},{"taxonomy":"product_tag","embeddable":true,"href":"https:\/\/www.kelver.com.ar\/index.php?rest_route=%2Fwp%2Fv2%2Fproduct_tag&post=5718"}],"curies":[{"name":"wp","href":"https:\/\/api.w.org\/{rel}","templated":true}]}}