{"id":5711,"date":"2026-04-12T01:06:06","date_gmt":"2026-04-12T04:06:06","guid":{"rendered":"https:\/\/www.kelver.com.ar\/?product=proyector-epson-powerlite-x49-3lcd-xga-3600-lum-hdmi"},"modified":"2026-04-15T23:55:35","modified_gmt":"2026-04-16T02:55:35","slug":"proyector-epson-powerlite-x49-3lcd-xga-3600-lum-hdmi","status":"publish","type":"product","link":"https:\/\/www.kelver.com.ar\/?product=proyector-epson-powerlite-x49-3lcd-xga-3600-lum-hdmi","title":{"rendered":"Proyector Epson Powerlite X49 3lcd Xga 3600 Lum Hdmi"},"content":{"rendered":"<p>\u00a6\u00a6\u00a6\u00a6\u00a6\u00a6\u00a6\u00a6\u00a6\u00a6\u00a6\u00a6\u00a6\u00a6\u00a6\u00a6\u00a6\u00a6\u00a6\u00a6\u00a6\u00a6\u00a6\u00a6\u00a6\u00a6\u00a6\u00a6\u00a6\u00a6\u00a6\u00a6\u00a6\u00a6\u00a6\u00a6\u00a6\u00a6\u00a6\u00a6\u00a6\u00a6\u00a6\u00a6\u00a6\u00a6\u00a6\u00a6\u00a6\u00a6\u00a6\u00a6\u00a6\u00a6\u00a6\u00a6\u00a6\u00a6\u00a6\u00a6\u00a6\u00a6\u00a6\u00a6\u00a6\u00a6\u00a6\u00a6\u00a6\u00a6\u00a6\u00a6\u00a6\u00a6\u00a6\u00a6\u00a6\u00a6\u00a6\u00a6\u00a6\u00a6\u00a6\u00a6\u00a6\u00a6\u00a6\u00a6\u00a6\u00a6\u00a6\u00a6\u00a6\u00a6\u00a6\u00a6\u00a6\u00a6\u00a6\u00a6\u00a6\u00a6<br \/>KELVER COMPUTACION<br \/>BALANZAS &#8211; CONTROLADORES FISCALES<br \/>\u00a6\u00a6\u00a6\u00a6\u00a6\u00a6\u00a6\u00a6\u00a6\u00a6\u00a6\u00a6\u00a6\u00a6\u00a6\u00a6\u00a6\u00a6\u00a6\u00a6\u00a6\u00a6\u00a6\u00a6\u00a6\u00a6\u00a6\u00a6\u00a6\u00a6\u00a6\u00a6\u00a6\u00a6\u00a6\u00a6\u00a6\u00a6\u00a6\u00a6\u00a6\u00a6\u00a6\u00a6\u00a6\u00a6\u00a6\u00a6\u00a6\u00a6\u00a6\u00a6\u00a6\u00a6\u00a6\u00a6\u00a6\u00a6\u00a6\u00a6\u00a6\u00a6\u00a6\u00a6\u00a6\u00a6\u00a6\u00a6\u00a6\u00a6\u00a6\u00a6\u00a6\u00a6\u00a6\u00a6\u00a6\u00a6\u00a6\u00a6\u00a6\u00a6\u00a6\u00a6\u00a6\u00a6\u00a6\u00a6\u00a6\u00a6\u00a6\u00a6\u00a6\u00a6\u00a6\u00a6\u00a6\u00a6\u00a6\u00a6\u00a6\u00a6<\/p>\n<p>==&gt;Mercadolibre 100% Calificaciones positivas<br \/>==&gt;Hacemos Factura A o B por su compra<br \/>==&gt;38 a\u00f1os en el rubro<br \/>==&gt;Garant\u00eda escrita<br \/>==&gt;Env\u00edos a todo el pa\u00eds: Mercado Env\u00edos,<br \/>==&gt;T\u00e9cnicos Autorizados<\/p>\n<p>Videoproyector EPSON<br \/>PowerLite\u00ae X49<\/p>\n<p>Videoproyector ideal para peque\u00f1as y medianas aulas de estudio<\/p>\n<p>Caracter\u00edsticas principales<br \/>\u2022 Excelente calidad: resoluci\u00f3n nativa XGA (1.024 px x 768 px). Ideal para hojas de c\u00e1lculo.<br \/>\u2022 L\u00e1mpara con una duraci\u00f3n hasta de 12.000 horas (modo Eco).<br \/>\u2022 Conectividad avanzada: conecta hasta 50 dispositivos como Chromebook\u2122, Mac\u00ae, iOSTM o Android\u2122 y muestra simult\u00e1neamente hasta 4 pantallas con Epson iProjectionTM (m\u00f3dulo inal\u00e1mbrico no incluido, se vende por separado).<br \/>\u2022 Funci\u00f3n de ajustes sencillos: para una instalaci\u00f3n m\u00e1s r\u00e1pida como Quick Corner, la cual te permite ajustar la imagen de proyecci\u00f3n de manera sencilla y r\u00e1pida.<br \/>\u2022 Experiencia al natural: colores hasta 3 veces m\u00e1s brillantes. La tecnolog\u00eda 3LCD permite un balance m\u00e1s exacto entre la luz blanca y la de color, para proyecciones realmente naturales.<\/p>\n<p>El PowerLite\u00ae X49 es el videoproyector ideal para el segmento de educaci\u00f3n.<br \/>Brinda una pantalla de m\u00e1s de 100&#8243; con calidad excepcional.<\/p>\n<p>La tecnolog\u00eda 3LCD ofrece im\u00e1genes claras, brillantes y llenas de color. Su luminosidad de 3.600 l\u00famenes en color y 3.600 l\u00famenes en blanco lo convierten en la mejor opci\u00f3n para aulas de educaci\u00f3n bien iluminadas. Adicionalmente, ofrece una conectividad avanzada con puertos HDMI\u00ae, RJ-45<\/p>\n<p>Especicaciones t\u00e9cnicas<br \/>\u2022 PowerLite\u00ae X49: V11H982020<br \/>\u2022 UPC: 010343954137<br \/>\u2022 Sistema de proyecci\u00f3n: Tecnolog\u00eda Epson 3LCD de 3 chips<br \/>\u2022 Modo de proyecci\u00f3n: Frontal\/trasera\/montaje techo<br \/>\u2022 Pantalla LCD: 0,55 pulgadas (C2ne)<br \/>\u2022 M\u00e9todo de proyecci\u00f3n: Poly-silicon TFT active matrix<br \/>\u2022 N\u00famero de pixeles: 786.432 pixeles (1.024 px x 768 px) x 3<br \/>\u2022 Resoluci\u00f3n nativa: XGA<br \/>\u2022 Relaci\u00f3n de aspecto: 4:3<br \/>\u2022 Luminosidad del color: 3.600 l\u00famenes (variar\u00e1n seg\u00fan las condiciones de uso)<br \/>\u2022 Luminosidad del blanco: 3.600 l\u00famenes (variar\u00e1n seg\u00fan las condiciones de uso)<br \/>\u2022 Relaci\u00f3n de contraste: Hasta 16.000:1<br \/>\u2022 Reproducci\u00f3n del color: Hasta 1 bill\u00f3n de colores<br \/>\u2022 Parlante: Monoaural 5W x 1<br \/>\u2022 Ruido del ventilador: 28 dB \/ 37 dB<\/p>\n","protected":false},"excerpt":{"rendered":"<p>\u00a6\u00a6\u00a6\u00a6\u00a6\u00a6\u00a6\u00a6\u00a6\u00a6\u00a6\u00a6\u00a6\u00a6\u00a6\u00a6\u00a6\u00a6\u00a6\u00a6\u00a6\u00a6\u00a6\u00a6\u00a6\u00a6\u00a6\u00a6\u00a6\u00a6\u00a6\u00a6\u00a6\u00a6\u00a6\u00a6\u00a6\u00a6\u00a6\u00a6\u00a6\u00a6\u00a6\u00a6\u00a6\u00a6\u00a6\u00a6\u00a6\u00a6\u00a6\u00a6\u00a6\u00a6\u00a6\u00a6\u00a6\u00a6\u00a6\u00a6\u00a6\u00a6\u00a6\u00a6\u00a6\u00a6\u00a6\u00a6\u00a6\u00a6\u00a6\u00a6\u00a6\u00a6\u00a6\u00a6\u00a6\u00a6\u00a6\u00a6\u00a6\u00a6\u00a6\u00a6\u00a6\u00a6\u00a6\u00a6\u00a6\u00a6\u00a6\u00a6\u00a6\u00a6\u00a6\u00a6\u00a6\u00a6\u00a6\u00a6\u00a6\u00a6KELVER COMPUTACIONBALANZAS &#8211; CONTROLADORES FISCALES\u00a6\u00a6\u00a6\u00a6\u00a6\u00a6\u00a6\u00a6\u00a6\u00a6\u00a6\u00a6\u00a6\u00a6\u00a6\u00a6\u00a6\u00a6\u00a6\u00a6\u00a6\u00a6\u00a6\u00a6\u00a6\u00a6\u00a6\u00a6\u00a6\u00a6\u00a6\u00a6\u00a6\u00a6\u00a6\u00a6\u00a6\u00a6\u00a6\u00a6\u00a6\u00a6\u00a6\u00a6\u00a6\u00a6\u00a6\u00a6\u00a6\u00a6\u00a6\u00a6\u00a6\u00a6\u00a6\u00a6\u00a6\u00a6\u00a6\u00a6\u00a6\u00a6\u00a6\u00a6\u00a6\u00a6\u00a6\u00a6\u00a6\u00a6\u00a6\u00a6\u00a6\u00a6\u00a6\u00a6\u00a6\u00a6\u00a6\u00a6\u00a6\u00a6\u00a6\u00a6\u00a6\u00a6\u00a6\u00a6\u00a6\u00a6\u00a6\u00a6\u00a6\u00a6\u00a6\u00a6\u00a6\u00a6\u00a6\u00a6\u00a6\u00a6 ==&gt;Mercadolibre 100% Calificaciones positivas==&gt;Hacemos Factura A o B por su compra==&gt;38 a\u00f1os en el rubro==&gt;Garant\u00eda escrita==&gt;Env\u00edos a todo el pa\u00eds: Mercado Env\u00edos,==&gt;T\u00e9cnicos Autorizados Videoproyector EPSONPowerLite\u00ae X49 Videoproyector ideal para peque\u00f1as y medianas aulas de estudio Caracter\u00edsticas principales\u2022 Excelente calidad: resoluci\u00f3n nativa XGA (1.024 px x 768 px). Ideal para hojas&hellip; <br \/> <a class=\"read-more\" href=\"https:\/\/www.kelver.com.ar\/?product=proyector-epson-powerlite-x49-3lcd-xga-3600-lum-hdmi\">Leer m\u00e1s<\/a><\/p>\n","protected":false},"featured_media":5712,"comment_status":"open","ping_status":"closed","template":"","meta":{"_joinchat":[],"jetpack_publicize_message":"","jetpack_publicize_feature_enabled":true,"jetpack_social_post_already_shared":true,"jetpack_social_options":{"image_generator_settings":{"template":"highway","default_image_id":0,"font":"","enabled":false},"version":2}},"product_brand":[],"product_cat":[34],"product_tag":[],"class_list":{"0":"post-5711","1":"product","2":"type-product","3":"status-publish","4":"has-post-thumbnail","6":"product_cat-sin-categorizar","8":"first","9":"instock","10":"shipping-taxable","11":"purchasable","12":"product-type-simple"},"jetpack_publicize_connections":[],"jetpack_sharing_enabled":true,"_links":{"self":[{"href":"https:\/\/www.kelver.com.ar\/index.php?rest_route=\/wp\/v2\/product\/5711","targetHints":{"allow":["GET"]}}],"collection":[{"href":"https:\/\/www.kelver.com.ar\/index.php?rest_route=\/wp\/v2\/product"}],"about":[{"href":"https:\/\/www.kelver.com.ar\/index.php?rest_route=\/wp\/v2\/types\/product"}],"replies":[{"embeddable":true,"href":"https:\/\/www.kelver.com.ar\/index.php?rest_route=%2Fwp%2Fv2%2Fcomments&post=5711"}],"wp:featuredmedia":[{"embeddable":true,"href":"https:\/\/www.kelver.com.ar\/index.php?rest_route=\/wp\/v2\/media\/5712"}],"wp:attachment":[{"href":"https:\/\/www.kelver.com.ar\/index.php?rest_route=%2Fwp%2Fv2%2Fmedia&parent=5711"}],"wp:term":[{"taxonomy":"product_brand","embeddable":true,"href":"https:\/\/www.kelver.com.ar\/index.php?rest_route=%2Fwp%2Fv2%2Fproduct_brand&post=5711"},{"taxonomy":"product_cat","embeddable":true,"href":"https:\/\/www.kelver.com.ar\/index.php?rest_route=%2Fwp%2Fv2%2Fproduct_cat&post=5711"},{"taxonomy":"product_tag","embeddable":true,"href":"https:\/\/www.kelver.com.ar\/index.php?rest_route=%2Fwp%2Fv2%2Fproduct_tag&post=5711"}],"curies":[{"name":"wp","href":"https:\/\/api.w.org\/{rel}","templated":true}]}}