{"id":5707,"date":"2026-04-12T01:06:00","date_gmt":"2026-04-12T04:06:00","guid":{"rendered":"https:\/\/www.kelver.com.ar\/?product=proyector-epson-powerlite-w49-3800-lumen-3lcd-wxga"},"modified":"2026-04-16T02:10:47","modified_gmt":"2026-04-16T05:10:47","slug":"proyector-epson-powerlite-w49-3800-lumen-3lcd-wxga","status":"publish","type":"product","link":"https:\/\/www.kelver.com.ar\/?product=proyector-epson-powerlite-w49-3800-lumen-3lcd-wxga","title":{"rendered":"Proyector Epson Powerlite W49 3800 Lumen 3lcd Wxga"},"content":{"rendered":"<p>\u00a6\u00a6\u00a6\u00a6\u00a6\u00a6\u00a6\u00a6\u00a6\u00a6\u00a6\u00a6\u00a6\u00a6\u00a6\u00a6\u00a6\u00a6\u00a6\u00a6\u00a6\u00a6\u00a6\u00a6\u00a6\u00a6\u00a6\u00a6\u00a6\u00a6\u00a6\u00a6\u00a6\u00a6\u00a6\u00a6\u00a6\u00a6\u00a6\u00a6\u00a6\u00a6\u00a6\u00a6\u00a6\u00a6\u00a6\u00a6\u00a6\u00a6\u00a6\u00a6\u00a6\u00a6\u00a6\u00a6\u00a6\u00a6\u00a6\u00a6\u00a6\u00a6\u00a6\u00a6\u00a6\u00a6\u00a6\u00a6\u00a6\u00a6\u00a6\u00a6\u00a6\u00a6\u00a6\u00a6\u00a6\u00a6\u00a6\u00a6\u00a6\u00a6\u00a6\u00a6\u00a6\u00a6\u00a6\u00a6\u00a6\u00a6\u00a6\u00a6\u00a6\u00a6\u00a6\u00a6\u00a6\u00a6\u00a6\u00a6\u00a6\u00a6<br \/>KELVER COMPUTACION<br \/>BALANZAS &#8211; CONTROLADORES FISCALES<br \/>\u00a6\u00a6\u00a6\u00a6\u00a6\u00a6\u00a6\u00a6\u00a6\u00a6\u00a6\u00a6\u00a6\u00a6\u00a6\u00a6\u00a6\u00a6\u00a6\u00a6\u00a6\u00a6\u00a6\u00a6\u00a6\u00a6\u00a6\u00a6\u00a6\u00a6\u00a6\u00a6\u00a6\u00a6\u00a6\u00a6\u00a6\u00a6\u00a6\u00a6\u00a6\u00a6\u00a6\u00a6\u00a6\u00a6\u00a6\u00a6\u00a6\u00a6\u00a6\u00a6\u00a6\u00a6\u00a6\u00a6\u00a6\u00a6\u00a6\u00a6\u00a6\u00a6\u00a6\u00a6\u00a6\u00a6\u00a6\u00a6\u00a6\u00a6\u00a6\u00a6\u00a6\u00a6\u00a6\u00a6\u00a6\u00a6\u00a6\u00a6\u00a6\u00a6\u00a6\u00a6\u00a6\u00a6\u00a6\u00a6\u00a6\u00a6\u00a6\u00a6\u00a6\u00a6\u00a6\u00a6\u00a6\u00a6\u00a6\u00a6\u00a6\u00a6<\/p>\n<p>==&gt;Mercadolibre 100% Calificaciones positivas<br \/>==&gt;Hacemos Factura A o B por su compra<br \/>==&gt;38 a\u00f1os en el rubro<br \/>==&gt;Garant\u00eda escrita<br \/>==&gt;Env\u00edos a todo el pa\u00eds: Mercado Env\u00edos<br \/>==&gt;Tecnicos Autorizados<\/p>\n<p>**************************************************************<br \/>Proyector PowerLite W49 3LCD WXGA con HDMI<br \/>**************************************************************<br \/>Especificaciones del Proyector:<br \/>Sistema de Proyecci\u00f3n:<br \/>Tecnolog\u00eda Epson 3LCD de 3 chips<br \/>M\u00e9todo de Proyecci\u00f3n:<br \/>Frontal \/ Posterior \/ Techo<br \/>Pantalla LCD:<br \/>0,59 pulgadas (C2fine)<br \/>M\u00e9todo de visualizaci\u00f3n:<br \/>Poly-silicon TFT active matrix<br \/>N\u00famero de Pixeles:<br \/>1.024.000 pixeles (1.280 px x 800 px) x 3<br \/>Luminosidad en Color:<br \/>3.800 L\u00famenes<br \/>Luminosidad en Blanco:<br \/>3.800 L\u00famenes<br \/>Relaci\u00f3n de Aspecto:<br \/>16:10<br \/>Resoluci\u00f3n Nativa:<br \/>WXGA<br \/>Re escalamiento:<br \/>640 x 480 (VGA), 800 x 600 (SVGA), 1280 x 960 (SXGA2), 1280 x 1024 (SXGA3), 1366 x 768 (WXGA60-3), 1400 x 1050 (SXGA+), 1440 x 900 (WXGA+), 1680 x 900 (WXGA++), 1600 x 1200 (UXGA60)<br \/>Tipo de L\u00e1mpara:<br \/>210W UHE<br \/>Vida \u00datil de la L\u00e1mpara:<br \/>8.000 horas (normal); 17.000 horas (Eco)<br \/>Relaci\u00f3n de Proyecci\u00f3n:<br \/>1.30 (Zoom:Wide), 1.56 (Zoom:Tele)<br \/>Tama\u00f1o &#8211; distancia projectada:<br \/>33&#8243; to 320&#8243; (0.91 to 9.07 m) (Zoom:Wide)<br \/>Correcci\u00f3n de Trapecio:<br \/>Vertical: -30\u00b0 +30\u00ba<br \/>Horizontal: -30\u00b0 +30\u00b0<br \/>USB Plug &#8216;n Play:<br \/>Projector is compatible with PC and Mac\u00ae computers<br \/>Relaci\u00f3n de Contraste:<br \/>Hasta 16.000:1<br \/>Procesamiento del Color:<br \/>10 bit<br \/>Reproducci\u00f3n del Color:<br \/>Hasta 1 bill\u00f3n de colores<br \/>General:<br \/>Temperatura:<br \/>41\u00b0 to 95\u00b0 F (5\u00b0 to 35\u00b0 C)<br \/>Temperatura de uso:<br \/>5 \u00b0C a 40 \u00b0C (41 \u00b0F a 104 \u00b0F)<br \/>Dimensiones:<br \/>302 mm x 87 mm x 249 mm (ancho x alto x profundidad)<br \/>Peso:<br \/>2,7 Kg<br \/>Seguridad:<br \/>Kensington Lock , Traba de seguridad<br \/>Garant\u00eda:<br \/>2 a\u00f1os de garant\u00eda limitada para el videoproyector y garant\u00eda limitada de 90 d\u00edas para la l\u00e1mpara<br \/>Energ\u00eda:<br \/>Voltaje de Fuente de Poder:<br \/>100V &#8211; 240V AC +\/- 10%, 50\/60 Hz<br \/>Consumo de Energ\u00eda:<br \/>100V-120V: 345 (normal) &#8211; 235 (Eco)<br \/>220V-240V: 327 (normal) &#8211; 225 (Eco)<\/p>\n<p>\u00a6\u00a6\u00a6\u00a6\u00a6\u00a6\u00a6\u00a6\u00a6\u00a6\u00a6\u00a6\u00a6\u00a6\u00a6\u00a6\u00a6\u00a6\u00a6\u00a6\u00a6\u00a6\u00a6\u00a6\u00a6\u00a6\u00a6\u00a6\u00a6\u00a6\u00a6\u00a6\u00a6\u00a6\u00a6\u00a6\u00a6\u00a6\u00a6\u00a6\u00a6\u00a6\u00a6\u00a6\u00a6\u00a6\u00a6\u00a6\u00a6\u00a6\u00a6\u00a6\u00a6\u00a6\u00a6\u00a6\u00a6\u00a6\u00a6\u00a6\u00a6\u00a6\u00a6\u00a6\u00a6\u00a6\u00a6\u00a6\u00a6\u00a6\u00a6\u00a6\u00a6\u00a6\u00a6\u00a6\u00a6\u00a6\u00a6\u00a6\u00a6\u00a6\u00a6\u00a6\u00a6\u00a6\u00a6\u00a6\u00a6\u00a6\u00a6\u00a6\u00a6\u00a6\u00a6\u00a6\u00a6\u00a6\u00a6\u00a6\u00a6\u00a6\u00a6\u00a6\u00a6\u00a6\u00a6\u00a6\u00a6\u00a6\u00a6\u00a6\u00a6\u00a6\u00a6\u00a6\u00a6\u00a6\u00a6<br \/>Casi 40 a\u00f1os en el rubro avalan nuestra trayectoria<br \/>Cuente con nosotros. Lo asesoraremos para que tenga la mejor soluci\u00f3n. Le brindaremos:<br \/>Asesoramiento<br \/>El mejor servicio<br \/>Stock permanente<br \/>Velocidad en entregas<br \/>Productos de Calidad<\/p>\n<p>PRECIO CALIDAD Y SERVICIO<\/p>\n<p>\u00a6\u00a6\u00a6\u00a6\u00a6\u00a6\u00a6\u00a6\u00a6\u00a6\u00a6\u00a6\u00a6\u00a6\u00a6\u00a6\u00a6\u00a6\u00a6\u00a6\u00a6\u00a6\u00a6\u00a6\u00a6\u00a6\u00a6\u00a6\u00a6\u00a6\u00a6\u00a6\u00a6\u00a6\u00a6\u00a6\u00a6\u00a6\u00a6\u00a6\u00a6\u00a6\u00a6\u00a6\u00a6\u00a6\u00a6\u00a6\u00a6\u00a6\u00a6\u00a6\u00a6\u00a6\u00a6\u00a6\u00a6\u00a6\u00a6\u00a6\u00a6\u00a6\u00a6\u00a6\u00a6\u00a6\u00a6\u00a6\u00a6\u00a6\u00a6\u00a6\u00a6\u00a6\u00a6\u00a6\u00a6\u00a6\u00a6\u00a6\u00a6\u00a6\u00a6\u00a6\u00a6\u00a6\u00a6\u00a6\u00a6\u00a6\u00a6\u00a6\u00a6\u00a6\u00a6\u00a6\u00a6\u00a6\u00a6\u00a6\u00a6\u00a6\u00a6\u00a6\u00a6\u00a6\u00a6\u00a6\u00a6\u00a6\u00a6\u00a6\u00a6\u00a6\u00a6\u00a6\u00a6\u00a6\u00a6<br \/>Ademas contamos con: Impresoras Fiscales, Software de<br \/>Facturaci\u00f3n, Lectores C\u00f3digo de barras, Impresoras de ticket<br \/>no fiscales, Impresoras de etiquetas, Contadores de Billetes,<br \/>All in One Touchscreen, Calculadoras electr\u00f3nicas,<br \/>Destructoras de documentos, Balanzas Electr\u00f3nicas, Insumos<\/p>\n<p>No dudes en consultarnos, estamos para ayudarte!<\/p>\n<p>KELVER COMPUTACI\u00d3N<\/p>\n","protected":false},"excerpt":{"rendered":"<p>\u00a6\u00a6\u00a6\u00a6\u00a6\u00a6\u00a6\u00a6\u00a6\u00a6\u00a6\u00a6\u00a6\u00a6\u00a6\u00a6\u00a6\u00a6\u00a6\u00a6\u00a6\u00a6\u00a6\u00a6\u00a6\u00a6\u00a6\u00a6\u00a6\u00a6\u00a6\u00a6\u00a6\u00a6\u00a6\u00a6\u00a6\u00a6\u00a6\u00a6\u00a6\u00a6\u00a6\u00a6\u00a6\u00a6\u00a6\u00a6\u00a6\u00a6\u00a6\u00a6\u00a6\u00a6\u00a6\u00a6\u00a6\u00a6\u00a6\u00a6\u00a6\u00a6\u00a6\u00a6\u00a6\u00a6\u00a6\u00a6\u00a6\u00a6\u00a6\u00a6\u00a6\u00a6\u00a6\u00a6\u00a6\u00a6\u00a6\u00a6\u00a6\u00a6\u00a6\u00a6\u00a6\u00a6\u00a6\u00a6\u00a6\u00a6\u00a6\u00a6\u00a6\u00a6\u00a6\u00a6\u00a6\u00a6\u00a6\u00a6\u00a6\u00a6KELVER COMPUTACIONBALANZAS &#8211; CONTROLADORES FISCALES\u00a6\u00a6\u00a6\u00a6\u00a6\u00a6\u00a6\u00a6\u00a6\u00a6\u00a6\u00a6\u00a6\u00a6\u00a6\u00a6\u00a6\u00a6\u00a6\u00a6\u00a6\u00a6\u00a6\u00a6\u00a6\u00a6\u00a6\u00a6\u00a6\u00a6\u00a6\u00a6\u00a6\u00a6\u00a6\u00a6\u00a6\u00a6\u00a6\u00a6\u00a6\u00a6\u00a6\u00a6\u00a6\u00a6\u00a6\u00a6\u00a6\u00a6\u00a6\u00a6\u00a6\u00a6\u00a6\u00a6\u00a6\u00a6\u00a6\u00a6\u00a6\u00a6\u00a6\u00a6\u00a6\u00a6\u00a6\u00a6\u00a6\u00a6\u00a6\u00a6\u00a6\u00a6\u00a6\u00a6\u00a6\u00a6\u00a6\u00a6\u00a6\u00a6\u00a6\u00a6\u00a6\u00a6\u00a6\u00a6\u00a6\u00a6\u00a6\u00a6\u00a6\u00a6\u00a6\u00a6\u00a6\u00a6\u00a6\u00a6\u00a6\u00a6 ==&gt;Mercadolibre 100% Calificaciones positivas==&gt;Hacemos Factura A o B por su compra==&gt;38 a\u00f1os en el rubro==&gt;Garant\u00eda escrita==&gt;Env\u00edos a todo el pa\u00eds: Mercado Env\u00edos==&gt;Tecnicos Autorizados **************************************************************Proyector PowerLite W49 3LCD WXGA con HDMI**************************************************************Especificaciones del Proyector:Sistema de Proyecci\u00f3n:Tecnolog\u00eda Epson 3LCD de 3 chipsM\u00e9todo de Proyecci\u00f3n:Frontal \/ Posterior \/ TechoPantalla LCD:0,59 pulgadas (C2fine)M\u00e9todo de visualizaci\u00f3n:Poly-silicon&hellip; <br \/> <a class=\"read-more\" href=\"https:\/\/www.kelver.com.ar\/?product=proyector-epson-powerlite-w49-3800-lumen-3lcd-wxga\">Leer m\u00e1s<\/a><\/p>\n","protected":false},"featured_media":5708,"comment_status":"open","ping_status":"closed","template":"","meta":{"_joinchat":[],"jetpack_publicize_message":"","jetpack_publicize_feature_enabled":true,"jetpack_social_post_already_shared":true,"jetpack_social_options":{"image_generator_settings":{"template":"highway","default_image_id":0,"font":"","enabled":false},"version":2}},"product_brand":[],"product_cat":[34],"product_tag":[],"class_list":{"0":"post-5707","1":"product","2":"type-product","3":"status-publish","4":"has-post-thumbnail","6":"product_cat-sin-categorizar","8":"first","9":"instock","10":"shipping-taxable","11":"purchasable","12":"product-type-simple"},"jetpack_publicize_connections":[],"jetpack_sharing_enabled":true,"_links":{"self":[{"href":"https:\/\/www.kelver.com.ar\/index.php?rest_route=\/wp\/v2\/product\/5707","targetHints":{"allow":["GET"]}}],"collection":[{"href":"https:\/\/www.kelver.com.ar\/index.php?rest_route=\/wp\/v2\/product"}],"about":[{"href":"https:\/\/www.kelver.com.ar\/index.php?rest_route=\/wp\/v2\/types\/product"}],"replies":[{"embeddable":true,"href":"https:\/\/www.kelver.com.ar\/index.php?rest_route=%2Fwp%2Fv2%2Fcomments&post=5707"}],"wp:featuredmedia":[{"embeddable":true,"href":"https:\/\/www.kelver.com.ar\/index.php?rest_route=\/wp\/v2\/media\/5708"}],"wp:attachment":[{"href":"https:\/\/www.kelver.com.ar\/index.php?rest_route=%2Fwp%2Fv2%2Fmedia&parent=5707"}],"wp:term":[{"taxonomy":"product_brand","embeddable":true,"href":"https:\/\/www.kelver.com.ar\/index.php?rest_route=%2Fwp%2Fv2%2Fproduct_brand&post=5707"},{"taxonomy":"product_cat","embeddable":true,"href":"https:\/\/www.kelver.com.ar\/index.php?rest_route=%2Fwp%2Fv2%2Fproduct_cat&post=5707"},{"taxonomy":"product_tag","embeddable":true,"href":"https:\/\/www.kelver.com.ar\/index.php?rest_route=%2Fwp%2Fv2%2Fproduct_tag&post=5707"}],"curies":[{"name":"wp","href":"https:\/\/api.w.org\/{rel}","templated":true}]}}