{"id":5702,"date":"2026-04-12T00:52:20","date_gmt":"2026-04-12T03:52:20","guid":{"rendered":"https:\/\/www.kelver.com.ar\/?product=webcam-dell-wb3023-2k-qhd-1440p-hdr-usb-a"},"modified":"2026-04-16T02:01:05","modified_gmt":"2026-04-16T05:01:05","slug":"webcam-dell-wb3023-2k-qhd-1440p-hdr-usb-a","status":"publish","type":"product","link":"https:\/\/www.kelver.com.ar\/?product=webcam-dell-wb3023-2k-qhd-1440p-hdr-usb-a","title":{"rendered":"Webcam Dell Wb3023 2k Qhd 1440p Hdr Usb-a"},"content":{"rendered":"<p>Im\u00e1genes extraordinarias<br \/>Disfrute de una claridad de imagen n\u00edtida gracias a esta c\u00e1mara 2K QHD de 1440p con sensor de Sony image sensor.<\/p>\n<p>Imagen realista<\/p>\n<p>Disfrute de colores reales gracias al alto rango din\u00e1mico (HDR) con la mayor\u00eda de rangos de iluminaci\u00f3n.<\/p>\n<p>Vea los rasgos faciales con claridad gracias a la exposici\u00f3n autom\u00e1tica de detecci\u00f3n facial (FDAE) que suaviza incluso la iluminaci\u00f3n m\u00e1s extrema.<\/p>\n<p>Disfrute de la claridad de la imagen incluso en condiciones de escasa iluminaci\u00f3n gracias a la reducci\u00f3n de ruido temporal (3D) y espacial (2D), lo que elimina la granulaci\u00f3n y el desenfoque de movimiento.<\/p>\n<p>Que se oiga su voz<br \/>Comun\u00edquese claramente sin importar lo que ocurre a su alrededor gracias al micr\u00f3fono integrado con reducci\u00f3n de ruido. <\/p>\n<p>Ajuste su visi\u00f3n<br \/>Proteja su privacidad con el obturador deslizante integrado cuando no utilice la c\u00e1mara web.<\/p>\n<p>Gestione qu\u00e9 porci\u00f3n de lo que le rodea se incluye en el encuadre con las funciones de giro e inclinaci\u00f3n, as\u00ed como mediante el ajuste del campo de visi\u00f3n (a 65 o 78 grados).<\/p>\n","protected":false},"excerpt":{"rendered":"<p>Im\u00e1genes extraordinariasDisfrute de una claridad de imagen n\u00edtida gracias a esta c\u00e1mara 2K QHD de 1440p con sensor de Sony image sensor. Imagen realista Disfrute de colores reales gracias al alto rango din\u00e1mico (HDR) con la mayor\u00eda de rangos de iluminaci\u00f3n. Vea los rasgos faciales con claridad gracias a la exposici\u00f3n autom\u00e1tica de detecci\u00f3n facial&hellip; <br \/> <a class=\"read-more\" href=\"https:\/\/www.kelver.com.ar\/?product=webcam-dell-wb3023-2k-qhd-1440p-hdr-usb-a\">Leer m\u00e1s<\/a><\/p>\n","protected":false},"featured_media":5790,"comment_status":"open","ping_status":"closed","template":"","meta":{"_joinchat":[],"jetpack_publicize_message":"","jetpack_publicize_feature_enabled":true,"jetpack_social_post_already_shared":true,"jetpack_social_options":{"image_generator_settings":{"template":"highway","default_image_id":0,"font":"","enabled":false},"version":2}},"product_brand":[],"product_cat":[34],"product_tag":[],"class_list":{"0":"post-5702","1":"product","2":"type-product","3":"status-publish","4":"has-post-thumbnail","6":"product_cat-sin-categorizar","8":"first","9":"instock","10":"shipping-taxable","11":"purchasable","12":"product-type-simple"},"jetpack_publicize_connections":[],"jetpack_sharing_enabled":true,"_links":{"self":[{"href":"https:\/\/www.kelver.com.ar\/index.php?rest_route=\/wp\/v2\/product\/5702","targetHints":{"allow":["GET"]}}],"collection":[{"href":"https:\/\/www.kelver.com.ar\/index.php?rest_route=\/wp\/v2\/product"}],"about":[{"href":"https:\/\/www.kelver.com.ar\/index.php?rest_route=\/wp\/v2\/types\/product"}],"replies":[{"embeddable":true,"href":"https:\/\/www.kelver.com.ar\/index.php?rest_route=%2Fwp%2Fv2%2Fcomments&post=5702"}],"wp:featuredmedia":[{"embeddable":true,"href":"https:\/\/www.kelver.com.ar\/index.php?rest_route=\/wp\/v2\/media\/5790"}],"wp:attachment":[{"href":"https:\/\/www.kelver.com.ar\/index.php?rest_route=%2Fwp%2Fv2%2Fmedia&parent=5702"}],"wp:term":[{"taxonomy":"product_brand","embeddable":true,"href":"https:\/\/www.kelver.com.ar\/index.php?rest_route=%2Fwp%2Fv2%2Fproduct_brand&post=5702"},{"taxonomy":"product_cat","embeddable":true,"href":"https:\/\/www.kelver.com.ar\/index.php?rest_route=%2Fwp%2Fv2%2Fproduct_cat&post=5702"},{"taxonomy":"product_tag","embeddable":true,"href":"https:\/\/www.kelver.com.ar\/index.php?rest_route=%2Fwp%2Fv2%2Fproduct_tag&post=5702"}],"curies":[{"name":"wp","href":"https:\/\/api.w.org\/{rel}","templated":true}]}}