{"id":5695,"date":"2026-04-12T00:52:11","date_gmt":"2026-04-12T03:52:11","guid":{"rendered":"https:\/\/www.kelver.com.ar\/?product=camara-ip-tplink-tapoc200-fhd-wifi-360-v-nocturna-sonido"},"modified":"2026-04-15T21:30:59","modified_gmt":"2026-04-16T00:30:59","slug":"camara-ip-tplink-tapoc200-fhd-wifi-360-v-nocturna-sonido","status":"publish","type":"product","link":"https:\/\/www.kelver.com.ar\/?product=camara-ip-tplink-tapoc200-fhd-wifi-360-v-nocturna-sonido","title":{"rendered":"Camara Ip Tplink Tapoc200 Fhd Wifi 360\u00b0 V. Nocturna Sonido"},"content":{"rendered":"<p>Video de alta definici\u00f3n: captura todos los detalles en una definici\u00f3n n\u00edtida de 1080p.<br \/>Vista nocturna avanzada: incluso de noche, la c\u00e1mara puede proporcionar una distancia visual de hasta 30 pies.<br \/>Detecci\u00f3n de movimiento y notificaciones: recibe una notificaci\u00f3n si se detecta algo sospechoso.<br \/>Sonido y alarma de luz: disparador de luz y efectos de sonido para ahuyentar a los visitantes no deseados.<br \/>Audio bidireccional: comun\u00edcate con otros con el micr\u00f3fono y el altavoz incorporados.<br \/>Almacenamiento seguro: admite tarjeta MicroSD (hasta 128 GB).<\/p>\n<p>Detecta movimiento y te env\u00eda alertas de inmediato<br \/>El robo en el hogar es lo que queremos evitar. Coloque una c\u00e1mara hacia la entrada de su hogar, garaje o s\u00f3tano para garantizar la seguridad de su familia y propiedad.<br \/>Recibe una notificaci\u00f3n cuando la c\u00e1mara detecte movimiento en casa. Puede ser una advertencia de la llegada del paquete o una intrusi\u00f3n sospechosa. Dispara efectos de luz y sonido para ahuyentar a los visitantes no deseados.<br \/>La vista nocturna avanzada te mantiene seguro mientras duermes<br \/>Duerme seguro por la noche. Deja que su c\u00e1mara vigile tu casa mientras est\u00e1 profundamente dormido. La visi\u00f3n nocturna por infrarrojos de 850 nm admite el filtro de cambio de color autom\u00e1tico en condiciones de poca luz con una distancia visual de hasta 30 pies<\/p>\n<p>Video de alta definici\u00f3n<br \/>Captura cada detalle en una definici\u00f3n n\u00edtida de 1080p. Ve exactamente lo que sucede frente a tu c\u00e1mara cada vez que este encendida. Averigua si tus hijos est\u00e1n seguros, bien cuidados o se est\u00e1n metiendo en problemas.<\/p>\n<p>Vista en vivo y audio bidireccional<br \/>Cuando hagas un viaje, puedes asegurarte de que tus beb\u00e9s no se metan en problemas o que su ni\u00f1era los est\u00e9 cuidando bien. El audio bidireccional te permite decirles que los extra\u00f1as (o evitar que compartan su comida).<\/p>\n","protected":false},"excerpt":{"rendered":"<p>Video de alta definici\u00f3n: captura todos los detalles en una definici\u00f3n n\u00edtida de 1080p.Vista nocturna avanzada: incluso de noche, la c\u00e1mara puede proporcionar una distancia visual de hasta 30 pies.Detecci\u00f3n de movimiento y notificaciones: recibe una notificaci\u00f3n si se detecta algo sospechoso.Sonido y alarma de luz: disparador de luz y efectos de sonido para ahuyentar&hellip; <br \/> <a class=\"read-more\" href=\"https:\/\/www.kelver.com.ar\/?product=camara-ip-tplink-tapoc200-fhd-wifi-360-v-nocturna-sonido\">Leer m\u00e1s<\/a><\/p>\n","protected":false},"featured_media":5775,"comment_status":"open","ping_status":"closed","template":"","meta":{"_joinchat":[],"jetpack_publicize_message":"","jetpack_publicize_feature_enabled":true,"jetpack_social_post_already_shared":true,"jetpack_social_options":{"image_generator_settings":{"template":"highway","default_image_id":0,"font":"","enabled":false},"version":2}},"product_brand":[],"product_cat":[34],"product_tag":[],"class_list":{"0":"post-5695","1":"product","2":"type-product","3":"status-publish","4":"has-post-thumbnail","6":"product_cat-sin-categorizar","8":"first","9":"instock","10":"shipping-taxable","11":"purchasable","12":"product-type-simple"},"jetpack_publicize_connections":[],"jetpack_sharing_enabled":true,"_links":{"self":[{"href":"https:\/\/www.kelver.com.ar\/index.php?rest_route=\/wp\/v2\/product\/5695","targetHints":{"allow":["GET"]}}],"collection":[{"href":"https:\/\/www.kelver.com.ar\/index.php?rest_route=\/wp\/v2\/product"}],"about":[{"href":"https:\/\/www.kelver.com.ar\/index.php?rest_route=\/wp\/v2\/types\/product"}],"replies":[{"embeddable":true,"href":"https:\/\/www.kelver.com.ar\/index.php?rest_route=%2Fwp%2Fv2%2Fcomments&post=5695"}],"wp:featuredmedia":[{"embeddable":true,"href":"https:\/\/www.kelver.com.ar\/index.php?rest_route=\/wp\/v2\/media\/5775"}],"wp:attachment":[{"href":"https:\/\/www.kelver.com.ar\/index.php?rest_route=%2Fwp%2Fv2%2Fmedia&parent=5695"}],"wp:term":[{"taxonomy":"product_brand","embeddable":true,"href":"https:\/\/www.kelver.com.ar\/index.php?rest_route=%2Fwp%2Fv2%2Fproduct_brand&post=5695"},{"taxonomy":"product_cat","embeddable":true,"href":"https:\/\/www.kelver.com.ar\/index.php?rest_route=%2Fwp%2Fv2%2Fproduct_cat&post=5695"},{"taxonomy":"product_tag","embeddable":true,"href":"https:\/\/www.kelver.com.ar\/index.php?rest_route=%2Fwp%2Fv2%2Fproduct_tag&post=5695"}],"curies":[{"name":"wp","href":"https:\/\/api.w.org\/{rel}","templated":true}]}}