{"id":5689,"date":"2026-04-12T00:52:00","date_gmt":"2026-04-12T03:52:00","guid":{"rendered":"https:\/\/www.kelver.com.ar\/?product=proyector-epson-fh52-inalambrico-4000-lumenes-full-hd-hdmi"},"modified":"2026-04-15T23:43:29","modified_gmt":"2026-04-16T02:43:29","slug":"proyector-epson-fh52-inalambrico-4000-lumenes-full-hd-hdmi","status":"publish","type":"product","link":"https:\/\/www.kelver.com.ar\/?product=proyector-epson-fh52-inalambrico-4000-lumenes-full-hd-hdmi","title":{"rendered":"Proyector Epson Fh52 Inalambrico 4000 L\u00famenes Full Hd Hdmi"},"content":{"rendered":"<p>Proyector inal\u00e1mbrico portable y confiable con alta definici\u00f3n<br \/>El PowerLite\u00ae FH52+ es el proyector ideal para el negocio, ya que se pueden conectar los dispositivos favoritos de forma inal\u00e1mbrica. Brinda una pantalla de m\u00e1s de 100&#8243; con calidad excepcional. Este proyector tiene un excelente brillo para situaciones de gran luz ambiental o artificial.<\/p>\n<p>La tecnolog\u00eda 3LCD ofrece im\u00e1genes claras, brillantes y llenas de color. Su luminosidad de 4.000 l\u00famenes en color2  y 4.000 l\u00famenes en blanco2 lo convierten en la mejor opci\u00f3n. Su resoluci\u00f3n de alta definici\u00f3n es ideal para presentaciones de gran calidad. Su dise\u00f1o compacto y portable lo convierten en la mejor opci\u00f3n para los ejecutivos actuales.<\/p>\n<p>\u00d3ptima calidad: resoluci\u00f3n nativa Full HD 2.073.600 pixeles (1.920 px x 1.080 px). Ideal para contenido en alta definici\u00f3n.<\/p>\n<p>Capacidades avanzadas para proyectar: puede proyectar videos en formato Full HD 1080p de forma inal\u00e1mbrica a trav\u00e9s de la funci\u00f3n Miracast.<\/p>\n<p>2x HDMI\u00ae: admite m\u00faltiples dispositivos AV de alta definici\u00f3n.<\/p>\n<p>L\u00e1mpara con una duraci\u00f3n hasta de 12.000 horas3.<\/p>\n<p>Experiencia al natural: colores hasta 3 veces m\u00e1s brillantes1. La tecnolog\u00eda 3LCD permite un balance m\u00e1s exacto entre la luz blanca y la de color, para proyecciones realmente naturales.<\/p>\n","protected":false},"excerpt":{"rendered":"<p>Proyector inal\u00e1mbrico portable y confiable con alta definici\u00f3nEl PowerLite\u00ae FH52+ es el proyector ideal para el negocio, ya que se pueden conectar los dispositivos favoritos de forma inal\u00e1mbrica. Brinda una pantalla de m\u00e1s de 100&#8243; con calidad excepcional. Este proyector tiene un excelente brillo para situaciones de gran luz ambiental o artificial. La tecnolog\u00eda 3LCD&hellip; <br \/> <a class=\"read-more\" href=\"https:\/\/www.kelver.com.ar\/?product=proyector-epson-fh52-inalambrico-4000-lumenes-full-hd-hdmi\">Leer m\u00e1s<\/a><\/p>\n","protected":false},"featured_media":5690,"comment_status":"open","ping_status":"closed","template":"","meta":{"_joinchat":[],"jetpack_publicize_message":"","jetpack_publicize_feature_enabled":true,"jetpack_social_post_already_shared":true,"jetpack_social_options":{"image_generator_settings":{"template":"highway","default_image_id":0,"font":"","enabled":false},"version":2}},"product_brand":[],"product_cat":[34],"product_tag":[],"class_list":{"0":"post-5689","1":"product","2":"type-product","3":"status-publish","4":"has-post-thumbnail","6":"product_cat-sin-categorizar","8":"first","9":"instock","10":"shipping-taxable","11":"purchasable","12":"product-type-simple"},"jetpack_publicize_connections":[],"jetpack_sharing_enabled":true,"_links":{"self":[{"href":"https:\/\/www.kelver.com.ar\/index.php?rest_route=\/wp\/v2\/product\/5689","targetHints":{"allow":["GET"]}}],"collection":[{"href":"https:\/\/www.kelver.com.ar\/index.php?rest_route=\/wp\/v2\/product"}],"about":[{"href":"https:\/\/www.kelver.com.ar\/index.php?rest_route=\/wp\/v2\/types\/product"}],"replies":[{"embeddable":true,"href":"https:\/\/www.kelver.com.ar\/index.php?rest_route=%2Fwp%2Fv2%2Fcomments&post=5689"}],"wp:featuredmedia":[{"embeddable":true,"href":"https:\/\/www.kelver.com.ar\/index.php?rest_route=\/wp\/v2\/media\/5690"}],"wp:attachment":[{"href":"https:\/\/www.kelver.com.ar\/index.php?rest_route=%2Fwp%2Fv2%2Fmedia&parent=5689"}],"wp:term":[{"taxonomy":"product_brand","embeddable":true,"href":"https:\/\/www.kelver.com.ar\/index.php?rest_route=%2Fwp%2Fv2%2Fproduct_brand&post=5689"},{"taxonomy":"product_cat","embeddable":true,"href":"https:\/\/www.kelver.com.ar\/index.php?rest_route=%2Fwp%2Fv2%2Fproduct_cat&post=5689"},{"taxonomy":"product_tag","embeddable":true,"href":"https:\/\/www.kelver.com.ar\/index.php?rest_route=%2Fwp%2Fv2%2Fproduct_tag&post=5689"}],"curies":[{"name":"wp","href":"https:\/\/api.w.org\/{rel}","templated":true}]}}