{"id":5152,"date":"2026-03-12T12:39:14","date_gmt":"2026-03-12T15:39:14","guid":{"rendered":"https:\/\/www.kelver.com.ar\/?product=balanza-comercial-aila-p-30-kg-check-out-novedad"},"modified":"2026-05-02T10:14:27","modified_gmt":"2026-05-02T13:14:27","slug":"balanza-comercial-aila-p-30-kg-check-out-novedad","status":"publish","type":"product","link":"https:\/\/www.kelver.com.ar\/?product=balanza-comercial-aila-p-30-kg-check-out-novedad","title":{"rendered":"Balanza Comercial Aila P 30 Kg Check Out Novedad"},"content":{"rendered":"<p>> Distinguido con el Sello de Buen Dise\u00f1o Argentino.<\/p>\n<p>Balanzas electr\u00f3nicas con dise\u00f1o compacto y funcional, fabricadas en ABS de alto impacto y acero inoxidable. Combinan precisi\u00f3n, durabilidad y est\u00e9tica moderna, optimizando la operatoria diaria en puntos de venta. Su tecnolog\u00eda permite m\u00e1xima eficiencia, conectividad y autonom\u00eda de hasta 30 horas.<\/p>\n<p>FUNCIONES:<\/p>\n<p>    Contadora<br \/>    Suma<br \/>    Totalizaci\u00f3n de pesadas<br \/>    Capaz de integrarse a punto POS<br \/>    Filtro de estabilidad de peso para cargas en movimiento<br \/>    Modo bajo consumo e indicador de bater\u00eda<\/p>\n","protected":false},"excerpt":{"rendered":"<p>> Distinguido con el Sello de Buen Dise\u00f1o Argentino. Balanzas electr\u00f3nicas con dise\u00f1o compacto y funcional, fabricadas en ABS de alto impacto y acero inoxidable. Combinan precisi\u00f3n, durabilidad y est\u00e9tica moderna, optimizando la operatoria diaria en puntos de venta. Su tecnolog\u00eda permite m\u00e1xima eficiencia, conectividad y autonom\u00eda de hasta 30 horas. FUNCIONES: Contadora Suma Totalizaci\u00f3n&hellip; <br \/> <a class=\"read-more\" href=\"https:\/\/www.kelver.com.ar\/?product=balanza-comercial-aila-p-30-kg-check-out-novedad\">Leer m\u00e1s<\/a><\/p>\n","protected":false},"featured_media":5849,"comment_status":"open","ping_status":"closed","template":"","meta":{"_joinchat":[],"jetpack_publicize_message":"","jetpack_publicize_feature_enabled":true,"jetpack_social_post_already_shared":true,"jetpack_social_options":{"image_generator_settings":{"template":"highway","default_image_id":0,"font":"","enabled":false},"version":2}},"product_brand":[],"product_cat":[39],"product_tag":[],"class_list":{"0":"post-5152","1":"product","2":"type-product","3":"status-publish","4":"has-post-thumbnail","6":"product_cat-balanzas","8":"first","9":"instock","10":"shipping-taxable","11":"purchasable","12":"product-type-simple"},"jetpack_publicize_connections":[],"jetpack_sharing_enabled":true,"_links":{"self":[{"href":"https:\/\/www.kelver.com.ar\/index.php?rest_route=\/wp\/v2\/product\/5152","targetHints":{"allow":["GET"]}}],"collection":[{"href":"https:\/\/www.kelver.com.ar\/index.php?rest_route=\/wp\/v2\/product"}],"about":[{"href":"https:\/\/www.kelver.com.ar\/index.php?rest_route=\/wp\/v2\/types\/product"}],"replies":[{"embeddable":true,"href":"https:\/\/www.kelver.com.ar\/index.php?rest_route=%2Fwp%2Fv2%2Fcomments&post=5152"}],"wp:featuredmedia":[{"embeddable":true,"href":"https:\/\/www.kelver.com.ar\/index.php?rest_route=\/wp\/v2\/media\/5849"}],"wp:attachment":[{"href":"https:\/\/www.kelver.com.ar\/index.php?rest_route=%2Fwp%2Fv2%2Fmedia&parent=5152"}],"wp:term":[{"taxonomy":"product_brand","embeddable":true,"href":"https:\/\/www.kelver.com.ar\/index.php?rest_route=%2Fwp%2Fv2%2Fproduct_brand&post=5152"},{"taxonomy":"product_cat","embeddable":true,"href":"https:\/\/www.kelver.com.ar\/index.php?rest_route=%2Fwp%2Fv2%2Fproduct_cat&post=5152"},{"taxonomy":"product_tag","embeddable":true,"href":"https:\/\/www.kelver.com.ar\/index.php?rest_route=%2Fwp%2Fv2%2Fproduct_tag&post=5152"}],"curies":[{"name":"wp","href":"https:\/\/api.w.org\/{rel}","templated":true}]}}