{"id":4840,"date":"2025-09-15T23:01:35","date_gmt":"2025-09-15T20:01:35","guid":{"rendered":"https:\/\/www.kelver.com.ar\/?product=proyector-havit-pj217-doble-banda-wifi-7500-lumens-720p"},"modified":"2026-04-16T17:56:45","modified_gmt":"2026-04-16T20:56:45","slug":"proyector-havit-pj217-doble-banda-wifi-7500-lumens-720p","status":"publish","type":"product","link":"https:\/\/www.kelver.com.ar\/?product=proyector-havit-pj217-doble-banda-wifi-7500-lumens-720p","title":{"rendered":"Proyector Havit Pj217 Doble Banda Wifi 7500 Lumens 720p"},"content":{"rendered":"<p>El Proyector Havit PJ217, es la opci\u00f3n perfecta para disfrutar de una experiencia cinematogr\u00e1fica en cualquier lugar. Con su dise\u00f1o elegante y color blanco con una superficie gris, este proyector de marca Havit se adapta a cualquier estilo y ambiente.<\/p>\n<p>Con un brillo de imagen de 7500 lumenes, podr\u00e1s disfrutar de im\u00e1genes n\u00edtidas y vibrantes en una pantalla de tama\u00f1o ajustable de 45 a 300&#8243;. Ya sea para ver tus pel\u00edculas favoritas, presentaciones de trabajo o jugar videojuegos, este proyector te brindar\u00e1 una calidad de imagen excepcional.<\/p>\n<p>Con m\u00faltiples conexiones de entrada, como AV, HDMI,USB y Wifi Screen, podr\u00e1s conectar f\u00e1cilmente tus dispositivos y reproducir contenido desde diferentes fuentes. Adem\u00e1s, cuenta con Wi-Fi incorporado, lo que te permite acceder a contenido en l\u00ednea y disfrutar de tus plataformas de streaming favoritas.<\/p>\n<p>El consumo energ\u00e9tico de este proyector es de solo 70 W, lo que lo hace eficiente y amigable con el medio ambiente. Adem\u00e1s, su fuente de luz LED garantiza una vida \u00fatil prolongada y un bajo costo de mantenimiento.<\/p>\n<p>No pierdas la oportunidad de llevar a casa este incre\u00edble proyector port\u00e1til LED Havit 7500lm HDMI 720p en color blanco. Disfruta de una experiencia visual \u00fanica y lleva tus momentos de entretenimiento al siguiente nivel. \u00a1Hazte con el tuyo ahora mismo!<\/p>\n<p>Mejores definiciones entre 36,6 a 98&#8243;<\/p>\n<p>36,6&#8243; se logra a 1.1 metro (Pantalla de 0.81 x 0.46)<br \/>58&#8243; se logra a 1.7 metros (Pantalla de 1.30 x 0.73)<br \/>69&#8243; se logra a 2.0 metros (Pantalla de 1.54 x 0.86)<br \/>88 se logra a 2.5 metros (Pantalla de 1.95 x 1.09)<br \/>98&#8243; se logra a 2.8 metros (Pantalla de 2.19 x 1.23)<\/p>\n<p>Especificaciones:<br \/>Pantalla LCD de 2.69&#8243;<br \/>Resoluci\u00f3n nativa: 1280&#215;720<br \/>Soporta 1920&#215;1080<br \/>Brillo medio: 7500 lumens &#8211; 180 ANSI<br \/>Relaci\u00f3n aspecto 4:3 y 16:9<br \/>Conexiones HDMI &#8211; USB &#8211; AV<br \/>Altavoces 4omz 3w<br \/>Tama\u00f1o del producto 203x83mm<br \/>Peso: 0.96kg<\/p>\n","protected":false},"excerpt":{"rendered":"<p>El Proyector Havit PJ217, es la opci\u00f3n perfecta para disfrutar de una experiencia cinematogr\u00e1fica en cualquier lugar. Con su dise\u00f1o elegante y color blanco con una superficie gris, este proyector de marca Havit se adapta a cualquier estilo y ambiente. Con un brillo de imagen de 7500 lumenes, podr\u00e1s disfrutar de im\u00e1genes n\u00edtidas y vibrantes&hellip; <br \/> <a class=\"read-more\" href=\"https:\/\/www.kelver.com.ar\/?product=proyector-havit-pj217-doble-banda-wifi-7500-lumens-720p\">Leer m\u00e1s<\/a><\/p>\n","protected":false},"featured_media":5536,"comment_status":"open","ping_status":"closed","template":"","meta":{"_joinchat":[],"jetpack_publicize_message":"","jetpack_publicize_feature_enabled":true,"jetpack_social_post_already_shared":true,"jetpack_social_options":{"image_generator_settings":{"template":"highway","default_image_id":0,"font":"","enabled":false},"version":2}},"product_brand":[],"product_cat":[49],"product_tag":[],"class_list":{"0":"post-4840","1":"product","2":"type-product","3":"status-publish","4":"has-post-thumbnail","6":"product_cat-proyectores","8":"first","9":"instock","10":"shipping-taxable","11":"purchasable","12":"product-type-simple"},"jetpack_publicize_connections":[],"jetpack_sharing_enabled":true,"_links":{"self":[{"href":"https:\/\/www.kelver.com.ar\/index.php?rest_route=\/wp\/v2\/product\/4840","targetHints":{"allow":["GET"]}}],"collection":[{"href":"https:\/\/www.kelver.com.ar\/index.php?rest_route=\/wp\/v2\/product"}],"about":[{"href":"https:\/\/www.kelver.com.ar\/index.php?rest_route=\/wp\/v2\/types\/product"}],"replies":[{"embeddable":true,"href":"https:\/\/www.kelver.com.ar\/index.php?rest_route=%2Fwp%2Fv2%2Fcomments&post=4840"}],"wp:featuredmedia":[{"embeddable":true,"href":"https:\/\/www.kelver.com.ar\/index.php?rest_route=\/wp\/v2\/media\/5536"}],"wp:attachment":[{"href":"https:\/\/www.kelver.com.ar\/index.php?rest_route=%2Fwp%2Fv2%2Fmedia&parent=4840"}],"wp:term":[{"taxonomy":"product_brand","embeddable":true,"href":"https:\/\/www.kelver.com.ar\/index.php?rest_route=%2Fwp%2Fv2%2Fproduct_brand&post=4840"},{"taxonomy":"product_cat","embeddable":true,"href":"https:\/\/www.kelver.com.ar\/index.php?rest_route=%2Fwp%2Fv2%2Fproduct_cat&post=4840"},{"taxonomy":"product_tag","embeddable":true,"href":"https:\/\/www.kelver.com.ar\/index.php?rest_route=%2Fwp%2Fv2%2Fproduct_tag&post=4840"}],"curies":[{"name":"wp","href":"https:\/\/api.w.org\/{rel}","templated":true}]}}