{"id":4794,"date":"2025-08-30T01:34:09","date_gmt":"2025-08-29T22:34:09","guid":{"rendered":"https:\/\/www.kelver.com.ar\/?product=balanza-kretz-report-lt-30kg-con-impresora-usb-blth-nueva"},"modified":"2026-04-04T05:11:20","modified_gmt":"2026-04-04T08:11:20","slug":"balanza-kretz-report-lt-30kg-con-impresora-usb-blth-nueva","status":"publish","type":"product","link":"https:\/\/www.kelver.com.ar\/?product=balanza-kretz-report-lt-30kg-con-impresora-usb-blth-nueva","title":{"rendered":"Balanza Kretz Report Lt 30kg Con Impresora Usb Blth Nueva"},"content":{"rendered":"<p>\u00a6\u00a6\u00a6\u00a6\u00a6\u00a6\u00a6\u00a6\u00a6\u00a6\u00a6\u00a6\u00a6\u00a6\u00a6\u00a6\u00a6\u00a6\u00a6\u00a6\u00a6\u00a6\u00a6\u00a6\u00a6\u00a6\u00a6\u00a6\u00a6\u00a6\u00a6\u00a6\u00a6\u00a6\u00a6\u00a6\u00a6\u00a6\u00a6\u00a6\u00a6\u00a6\u00a6\u00a6\u00a6\u00a6\u00a6\u00a6\u00a6\u00a6\u00a6\u00a6\u00a6\u00a6\u00a6\u00a6\u00a6\u00a6\u00a6\u00a6\u00a6\u00a6\u00a6\u00a6\u00a6\u00a6\u00a6\u00a6\u00a6\u00a6\u00a6\u00a6\u00a6\u00a6\u00a6\u00a6\u00a6\u00a6\u00a6\u00a6\u00a6\u00a6\u00a6\u00a6\u00a6\u00a6\u00a6\u00a6\u00a6\u00a6\u00a6\u00a6\u00a6\u00a6\u00a6\u00a6\u00a6\u00a6\u00a6\u00a6\u00a6\u00a6<br \/>KELVER COMPUTACION<br \/>BALANZAS &#8211; CONTROLADORES FISCALES <br \/>\u00a6\u00a6\u00a6\u00a6\u00a6\u00a6\u00a6\u00a6\u00a6\u00a6\u00a6\u00a6\u00a6\u00a6\u00a6\u00a6\u00a6\u00a6\u00a6\u00a6\u00a6\u00a6\u00a6\u00a6\u00a6\u00a6\u00a6\u00a6\u00a6\u00a6\u00a6\u00a6\u00a6\u00a6\u00a6\u00a6\u00a6\u00a6\u00a6\u00a6\u00a6\u00a6\u00a6\u00a6\u00a6\u00a6\u00a6\u00a6\u00a6\u00a6\u00a6\u00a6\u00a6\u00a6\u00a6\u00a6\u00a6\u00a6\u00a6\u00a6\u00a6\u00a6\u00a6\u00a6\u00a6\u00a6\u00a6\u00a6\u00a6\u00a6\u00a6\u00a6\u00a6\u00a6\u00a6\u00a6\u00a6\u00a6\u00a6\u00a6\u00a6\u00a6\u00a6\u00a6\u00a6\u00a6\u00a6\u00a6\u00a6\u00a6\u00a6\u00a6\u00a6\u00a6\u00a6\u00a6\u00a6\u00a6\u00a6\u00a6\u00a6\u00a6<\/p>\n<p>==>Mercadolibre 100% Calificaciones positivas<br \/>==>Hacemos Factura A o B por su compra<br \/>==>38 a\u00f1os en el rubro<br \/>==>Garant\u00eda escrita<br \/>==>Env\u00edos a todo el pa\u00eds: Mercado Env\u00edos<br \/>==>T\u00e9cnicos Autorizados<\/p>\n<p>**************************************************************<br \/>KRETZ REPORT LT<br \/>**************************************************************<\/p>\n<p>>Un equipo pensado para comercios variados<br \/>>Dise\u00f1o moderno que ocupa muy poco espacio<br \/>>Conexi\u00f3n a PC <br \/>>Comunicaci\u00f3n BLUETOOTH<br \/>>Conexi\u00f3n a PC<br \/>>Teclas para configuraci\u00f3n<\/p>\n<p>CAPACIDAD:30Kg<br \/>CARACTER\u00cdSTICAS:<\/p>\n<p>Imprime reportes para el control de operaciones.<br \/>Imprime Etiquetas de codigos de barra.<br \/>Incluye Software de gesti\u00f3n de datos.<br \/>Teclado de 78 teclas a prueba de l\u00edquido.<br \/>Comunicaci\u00f3n: RS232<br \/>Permite la gesti\u00f3n remota de los equipos en red con iTegra<br \/>Funci\u00f3n de Vendedores Flotantes.<br \/>Precio alternativo \/ Manual \/ Por Rangos.<br \/>Manejo de n\u00famero de lote.<br \/>Funci\u00f3n temporizadores para programar la realizaci\u00f3n de tareas autom\u00e1ticas.<br \/>Tablas nutricionales, ingredientes, textos libres y fijos.<br \/>Logo del comercio en etiqueta. Nombre del vendedor.<br \/>Fecha y hora. Vencimiento.<br \/>Alta capacidad de almacenamiento.<br \/>Men\u00fa de programaci\u00f3n f\u00e1cil de visualizar y operar.<br \/>Impresi\u00f3n de Ticket, copia de ticket y tal\u00f3n ticket.<br \/>36 vendedores.<br \/>Mensajes publicitarios programables.<br \/>Funci\u00f3n Pre-empaque.<br \/>Impresi\u00f3n de Lote.<br \/>Impresi\u00f3n de etiquetas y papel continuo (copia de ticket y tal\u00f3n).<br \/>Suma de art\u00edculos pesables y no pesables.<br \/>NO IMPRIME ETIQUETAS POR MENOS DE 100g<\/p>\n<p>DISTRIBUIDOR Y SERVICIO TECNICO OFICIAL KRETZ<\/p>\n<p>\u00a6\u00a6\u00a6\u00a6\u00a6\u00a6\u00a6\u00a6\u00a6\u00a6\u00a6\u00a6\u00a6\u00a6\u00a6\u00a6\u00a6\u00a6\u00a6\u00a6\u00a6\u00a6\u00a6\u00a6\u00a6\u00a6\u00a6\u00a6\u00a6\u00a6\u00a6\u00a6\u00a6\u00a6\u00a6\u00a6\u00a6\u00a6\u00a6\u00a6\u00a6\u00a6\u00a6\u00a6\u00a6\u00a6\u00a6\u00a6\u00a6\u00a6\u00a6\u00a6\u00a6\u00a6\u00a6\u00a6\u00a6\u00a6\u00a6\u00a6\u00a6\u00a6\u00a6\u00a6\u00a6\u00a6\u00a6\u00a6\u00a6\u00a6\u00a6\u00a6\u00a6\u00a6\u00a6\u00a6\u00a6\u00a6\u00a6\u00a6\u00a6\u00a6\u00a6\u00a6\u00a6\u00a6\u00a6\u00a6\u00a6\u00a6\u00a6\u00a6\u00a6\u00a6\u00a6\u00a6\u00a6\u00a6\u00a6\u00a6\u00a6\u00a6\u00a6\u00a6\u00a6\u00a6\u00a6\u00a6\u00a6\u00a6\u00a6\u00a6\u00a6\u00a6\u00a6\u00a6\u00a6\u00a6\u00a6<br \/>Casi 40 a\u00f1os en el rubro avalan nuestra trayectoria<br \/>Cuente con nosotros. Lo asesoraremos para que tenga la mejor soluci\u00f3n. Le brindaremos:<br \/>Asesoramiento<br \/>El mejor servicio<br \/>Stock permanente<br \/>Velocidad en entregas<br \/>Productos de Calidad<\/p>\n<p>PRECIO CALIDAD Y SERVICIO<\/p>\n<p>\u00a6\u00a6\u00a6\u00a6\u00a6\u00a6\u00a6\u00a6\u00a6\u00a6\u00a6\u00a6\u00a6\u00a6\u00a6\u00a6\u00a6\u00a6\u00a6\u00a6\u00a6\u00a6\u00a6\u00a6\u00a6\u00a6\u00a6\u00a6\u00a6\u00a6\u00a6\u00a6\u00a6\u00a6\u00a6\u00a6\u00a6\u00a6\u00a6\u00a6\u00a6\u00a6\u00a6\u00a6\u00a6\u00a6\u00a6\u00a6\u00a6\u00a6\u00a6\u00a6\u00a6\u00a6\u00a6\u00a6\u00a6\u00a6\u00a6\u00a6\u00a6\u00a6\u00a6\u00a6\u00a6\u00a6\u00a6\u00a6\u00a6\u00a6\u00a6\u00a6\u00a6\u00a6\u00a6\u00a6\u00a6\u00a6\u00a6\u00a6\u00a6\u00a6\u00a6\u00a6\u00a6\u00a6\u00a6\u00a6\u00a6\u00a6\u00a6\u00a6\u00a6\u00a6\u00a6\u00a6\u00a6\u00a6\u00a6\u00a6\u00a6\u00a6\u00a6\u00a6\u00a6\u00a6\u00a6\u00a6\u00a6\u00a6\u00a6\u00a6\u00a6\u00a6\u00a6\u00a6\u00a6\u00a6\u00a6<br \/>Ademas contamos con: Impresoras Fiscales, Software de<br \/>Facturaci\u00f3n, Lectores C\u00f3digo de barras, Impresoras de ticket<br \/>no fiscales, Impresoras de etiquetas, Contadores de Billetes,<br \/>All in One Touchscreen, Calculadoras electronicas,<br \/>Destructoras de documentos, Balanzas Electronicas, Insumos<\/p>\n<p>No dudes en consultarnos, estamos para ayudarte!<\/p>\n","protected":false},"excerpt":{"rendered":"<p>\u00a6\u00a6\u00a6\u00a6\u00a6\u00a6\u00a6\u00a6\u00a6\u00a6\u00a6\u00a6\u00a6\u00a6\u00a6\u00a6\u00a6\u00a6\u00a6\u00a6\u00a6\u00a6\u00a6\u00a6\u00a6\u00a6\u00a6\u00a6\u00a6\u00a6\u00a6\u00a6\u00a6\u00a6\u00a6\u00a6\u00a6\u00a6\u00a6\u00a6\u00a6\u00a6\u00a6\u00a6\u00a6\u00a6\u00a6\u00a6\u00a6\u00a6\u00a6\u00a6\u00a6\u00a6\u00a6\u00a6\u00a6\u00a6\u00a6\u00a6\u00a6\u00a6\u00a6\u00a6\u00a6\u00a6\u00a6\u00a6\u00a6\u00a6\u00a6\u00a6\u00a6\u00a6\u00a6\u00a6\u00a6\u00a6\u00a6\u00a6\u00a6\u00a6\u00a6\u00a6\u00a6\u00a6\u00a6\u00a6\u00a6\u00a6\u00a6\u00a6\u00a6\u00a6\u00a6\u00a6\u00a6\u00a6\u00a6\u00a6\u00a6\u00a6KELVER COMPUTACIONBALANZAS &#8211; CONTROLADORES FISCALES \u00a6\u00a6\u00a6\u00a6\u00a6\u00a6\u00a6\u00a6\u00a6\u00a6\u00a6\u00a6\u00a6\u00a6\u00a6\u00a6\u00a6\u00a6\u00a6\u00a6\u00a6\u00a6\u00a6\u00a6\u00a6\u00a6\u00a6\u00a6\u00a6\u00a6\u00a6\u00a6\u00a6\u00a6\u00a6\u00a6\u00a6\u00a6\u00a6\u00a6\u00a6\u00a6\u00a6\u00a6\u00a6\u00a6\u00a6\u00a6\u00a6\u00a6\u00a6\u00a6\u00a6\u00a6\u00a6\u00a6\u00a6\u00a6\u00a6\u00a6\u00a6\u00a6\u00a6\u00a6\u00a6\u00a6\u00a6\u00a6\u00a6\u00a6\u00a6\u00a6\u00a6\u00a6\u00a6\u00a6\u00a6\u00a6\u00a6\u00a6\u00a6\u00a6\u00a6\u00a6\u00a6\u00a6\u00a6\u00a6\u00a6\u00a6\u00a6\u00a6\u00a6\u00a6\u00a6\u00a6\u00a6\u00a6\u00a6\u00a6\u00a6\u00a6 ==>Mercadolibre 100% Calificaciones positivas==>Hacemos Factura A o B por su compra==>38 a\u00f1os en el rubro==>Garant\u00eda escrita==>Env\u00edos a todo el pa\u00eds: Mercado Env\u00edos==>T\u00e9cnicos Autorizados **************************************************************KRETZ REPORT LT************************************************************** >Un equipo pensado para comercios variados>Dise\u00f1o moderno que ocupa muy poco espacio>Conexi\u00f3n a PC >Comunicaci\u00f3n BLUETOOTH>Conexi\u00f3n a PC>Teclas para configuraci\u00f3n CAPACIDAD:30KgCARACTER\u00cdSTICAS: Imprime reportes&hellip; <br \/> <a class=\"read-more\" href=\"https:\/\/www.kelver.com.ar\/?product=balanza-kretz-report-lt-30kg-con-impresora-usb-blth-nueva\">Leer m\u00e1s<\/a><\/p>\n","protected":false},"featured_media":4938,"comment_status":"open","ping_status":"closed","template":"","meta":{"_joinchat":[],"jetpack_publicize_message":"","jetpack_publicize_feature_enabled":true,"jetpack_social_post_already_shared":true,"jetpack_social_options":{"image_generator_settings":{"template":"highway","default_image_id":0,"font":"","enabled":false},"version":2}},"product_brand":[],"product_cat":[39],"product_tag":[],"class_list":{"0":"post-4794","1":"product","2":"type-product","3":"status-publish","4":"has-post-thumbnail","6":"product_cat-balanzas","8":"first","9":"instock","10":"shipping-taxable","11":"purchasable","12":"product-type-simple"},"jetpack_publicize_connections":[],"jetpack_sharing_enabled":true,"_links":{"self":[{"href":"https:\/\/www.kelver.com.ar\/index.php?rest_route=\/wp\/v2\/product\/4794","targetHints":{"allow":["GET"]}}],"collection":[{"href":"https:\/\/www.kelver.com.ar\/index.php?rest_route=\/wp\/v2\/product"}],"about":[{"href":"https:\/\/www.kelver.com.ar\/index.php?rest_route=\/wp\/v2\/types\/product"}],"replies":[{"embeddable":true,"href":"https:\/\/www.kelver.com.ar\/index.php?rest_route=%2Fwp%2Fv2%2Fcomments&post=4794"}],"wp:featuredmedia":[{"embeddable":true,"href":"https:\/\/www.kelver.com.ar\/index.php?rest_route=\/wp\/v2\/media\/4938"}],"wp:attachment":[{"href":"https:\/\/www.kelver.com.ar\/index.php?rest_route=%2Fwp%2Fv2%2Fmedia&parent=4794"}],"wp:term":[{"taxonomy":"product_brand","embeddable":true,"href":"https:\/\/www.kelver.com.ar\/index.php?rest_route=%2Fwp%2Fv2%2Fproduct_brand&post=4794"},{"taxonomy":"product_cat","embeddable":true,"href":"https:\/\/www.kelver.com.ar\/index.php?rest_route=%2Fwp%2Fv2%2Fproduct_cat&post=4794"},{"taxonomy":"product_tag","embeddable":true,"href":"https:\/\/www.kelver.com.ar\/index.php?rest_route=%2Fwp%2Fv2%2Fproduct_tag&post=4794"}],"curies":[{"name":"wp","href":"https:\/\/api.w.org\/{rel}","templated":true}]}}