{"id":4646,"date":"2025-08-13T01:04:42","date_gmt":"2025-08-12T22:04:42","guid":{"rendered":"https:\/\/www.kelver.com.ar\/?product=cifra-dt-350-calculadora-de-escritorio-12-digitos-2-lineas"},"modified":"2026-04-04T06:02:19","modified_gmt":"2026-04-04T09:02:19","slug":"cifra-dt-350-calculadora-de-escritorio-12-digitos-2-lineas","status":"publish","type":"product","link":"https:\/\/www.kelver.com.ar\/?product=cifra-dt-350-calculadora-de-escritorio-12-digitos-2-lineas","title":{"rendered":"Cifra Dt-350 Calculadora De Escritorio 12 D\u00edgitos 2 L\u00edneas"},"content":{"rendered":"<p>Separaci\u00f3n de a miles con comas c\/3-d\u00edgitos<br \/>Alimentaci\u00f3n dual<br \/>Visor inclinado Teclas Pl\u00e1sticas<br \/>4 Operaciones B\u00e1sicas<br \/>Memoria de 4 funciones<br \/>Tecla Porcentaje \u201c%\u201d<br \/>Selector de redondeo<br \/>Selector de lugares decimales<br \/>TAX +\/- Conversi\u00f3n de moneda<br \/>C\u00e1lculo r\u00e1pido de Costo \/Margen \/ Precio de venta<br \/>Superficie met\u00e1lica Dimensiones (mm) 155x115x25<\/p>\n","protected":false},"excerpt":{"rendered":"<p>Separaci\u00f3n de a miles con comas c\/3-d\u00edgitosAlimentaci\u00f3n dualVisor inclinado Teclas Pl\u00e1sticas4 Operaciones B\u00e1sicasMemoria de 4 funcionesTecla Porcentaje \u201c%\u201dSelector de redondeoSelector de lugares decimalesTAX +\/- Conversi\u00f3n de monedaC\u00e1lculo r\u00e1pido de Costo \/Margen \/ Precio de ventaSuperficie met\u00e1lica Dimensiones (mm) 155x115x25<\/p>\n","protected":false},"featured_media":4928,"comment_status":"open","ping_status":"closed","template":"","meta":{"_joinchat":[],"jetpack_publicize_message":"","jetpack_publicize_feature_enabled":true,"jetpack_social_post_already_shared":true,"jetpack_social_options":{"image_generator_settings":{"template":"highway","default_image_id":0,"font":"","enabled":false},"version":2}},"product_brand":[],"product_cat":[48],"product_tag":[],"class_list":{"0":"post-4646","1":"product","2":"type-product","3":"status-publish","4":"has-post-thumbnail","6":"product_cat-calculadoras","8":"first","9":"instock","10":"shipping-taxable","11":"purchasable","12":"product-type-simple"},"jetpack_publicize_connections":[],"jetpack_sharing_enabled":true,"_links":{"self":[{"href":"https:\/\/www.kelver.com.ar\/index.php?rest_route=\/wp\/v2\/product\/4646","targetHints":{"allow":["GET"]}}],"collection":[{"href":"https:\/\/www.kelver.com.ar\/index.php?rest_route=\/wp\/v2\/product"}],"about":[{"href":"https:\/\/www.kelver.com.ar\/index.php?rest_route=\/wp\/v2\/types\/product"}],"replies":[{"embeddable":true,"href":"https:\/\/www.kelver.com.ar\/index.php?rest_route=%2Fwp%2Fv2%2Fcomments&post=4646"}],"wp:featuredmedia":[{"embeddable":true,"href":"https:\/\/www.kelver.com.ar\/index.php?rest_route=\/wp\/v2\/media\/4928"}],"wp:attachment":[{"href":"https:\/\/www.kelver.com.ar\/index.php?rest_route=%2Fwp%2Fv2%2Fmedia&parent=4646"}],"wp:term":[{"taxonomy":"product_brand","embeddable":true,"href":"https:\/\/www.kelver.com.ar\/index.php?rest_route=%2Fwp%2Fv2%2Fproduct_brand&post=4646"},{"taxonomy":"product_cat","embeddable":true,"href":"https:\/\/www.kelver.com.ar\/index.php?rest_route=%2Fwp%2Fv2%2Fproduct_cat&post=4646"},{"taxonomy":"product_tag","embeddable":true,"href":"https:\/\/www.kelver.com.ar\/index.php?rest_route=%2Fwp%2Fv2%2Fproduct_tag&post=4646"}],"curies":[{"name":"wp","href":"https:\/\/api.w.org\/{rel}","templated":true}]}}