{"id":4634,"date":"2025-08-12T07:01:17","date_gmt":"2025-08-12T04:01:17","guid":{"rendered":"https:\/\/www.kelver.com.ar\/?product=impresora-comandera-termica-3nstar-rpt008-usb-red"},"modified":"2026-04-25T04:34:21","modified_gmt":"2026-04-25T07:34:21","slug":"impresora-comandera-termica-3nstar-rpt008-usb-red","status":"publish","type":"product","link":"https:\/\/www.kelver.com.ar\/?product=impresora-comandera-termica-3nstar-rpt008-usb-red","title":{"rendered":"Impresora Comandera Termica 3nstar Rpt008 Usb Red"},"content":{"rendered":"<p>\u00a6\u00a6\u00a6\u00a6\u00a6\u00a6\u00a6\u00a6\u00a6\u00a6\u00a6\u00a6\u00a6\u00a6\u00a6\u00a6\u00a6\u00a6\u00a6\u00a6\u00a6\u00a6\u00a6\u00a6\u00a6\u00a6\u00a6\u00a6\u00a6\u00a6\u00a6\u00a6\u00a6\u00a6\u00a6\u00a6\u00a6\u00a6\u00a6\u00a6\u00a6\u00a6\u00a6\u00a6\u00a6\u00a6\u00a6\u00a6\u00a6\u00a6\u00a6\u00a6\u00a6\u00a6\u00a6\u00a6\u00a6\u00a6\u00a6\u00a6\u00a6\u00a6\u00a6\u00a6\u00a6\u00a6\u00a6\u00a6\u00a6\u00a6\u00a6\u00a6\u00a6\u00a6\u00a6\u00a6\u00a6\u00a6\u00a6\u00a6\u00a6\u00a6\u00a6\u00a6\u00a6\u00a6\u00a6\u00a6\u00a6\u00a6\u00a6\u00a6\u00a6\u00a6\u00a6\u00a6\u00a6\u00a6\u00a6\u00a6\u00a6\u00a6<br \/>KELVER COMPUTACION<br \/>BALANZAS &#8211; CONTROLADORES FISCALES<br \/>\u00a6\u00a6\u00a6\u00a6\u00a6\u00a6\u00a6\u00a6\u00a6\u00a6\u00a6\u00a6\u00a6\u00a6\u00a6\u00a6\u00a6\u00a6\u00a6\u00a6\u00a6\u00a6\u00a6\u00a6\u00a6\u00a6\u00a6\u00a6\u00a6\u00a6\u00a6\u00a6\u00a6\u00a6\u00a6\u00a6\u00a6\u00a6\u00a6\u00a6\u00a6\u00a6\u00a6\u00a6\u00a6\u00a6\u00a6\u00a6\u00a6\u00a6\u00a6\u00a6\u00a6\u00a6\u00a6\u00a6\u00a6\u00a6\u00a6\u00a6\u00a6\u00a6\u00a6\u00a6\u00a6\u00a6\u00a6\u00a6\u00a6\u00a6\u00a6\u00a6\u00a6\u00a6\u00a6\u00a6\u00a6\u00a6\u00a6\u00a6\u00a6\u00a6\u00a6\u00a6\u00a6\u00a6\u00a6\u00a6\u00a6\u00a6\u00a6\u00a6\u00a6\u00a6\u00a6\u00a6\u00a6\u00a6\u00a6\u00a6\u00a6\u00a6<\/p>\n<p>==>Mercadolibre 100% Calificaciones positivas<br \/>==>Hacemos Factura A o B por su compra<br \/>==>Local a la calle en San Isidro<br \/>==>38 a\u00f1os en el rubro<br \/>==>Garant\u00eda escrita<br \/>==>Env\u00edos a todo el pa\u00eds: Mercado Env\u00edos, Via Cargo<br \/>==>Tecnicos Autorizados<\/p>\n<p>*************************************************************************<br \/>Impresora Termica 3nstar Rpt008 Comandera Ticket 232\/usb\/lan<br \/>*************************************************************************<\/p>\n<p>>Un equipo pensado para comercios variados<br \/>>Dise\u00f1o moderno que ocupa muy poco espacio<\/p>\n<p>>IMPRESORA COMANDERA TICKEADORA TERMICA<br \/>>INTERFACE DUAL: RS-232 (PUERTO SERIAL),USB Y LAN (Ethernet)<br \/>>CORTADOR AUTOMATICO DE TICKETS VIDA UTIL: 1 MILLON DE CORTES<br \/>>VIDA UTIL CABEZAL DE IMPRESION: 100km<br \/>>VELOCIDAD DE IMPRESI\u00d3N: 260 MM\/S<br \/>>CAPACIDAD PARA IMPRIMIR C\u00d3DIGOS QR<br \/>>CARGA DE PAPEL SIMPLE (DROP-IN)<br \/>>ALARMAS DE ORDEN ENTRANTE Y ERROR<br \/>>EMULACI\u00d3N ESC\/POS<br \/>>OCHO (8) NIVELES DE DENSIDAD DE IMPRESI\u00d3N<br \/>>BUFFER DE ENTRADA DE 2.048K<br \/>>MONITOREO DE ESTADO DE LA IMPRESORA<\/p>\n<p>\u00a6\u00a6\u00a6\u00a6\u00a6\u00a6\u00a6\u00a6\u00a6\u00a6\u00a6\u00a6\u00a6\u00a6\u00a6\u00a6\u00a6\u00a6\u00a6\u00a6\u00a6\u00a6\u00a6\u00a6\u00a6\u00a6\u00a6\u00a6\u00a6\u00a6\u00a6\u00a6\u00a6\u00a6\u00a6\u00a6\u00a6\u00a6\u00a6\u00a6\u00a6\u00a6\u00a6\u00a6\u00a6\u00a6\u00a6\u00a6\u00a6\u00a6\u00a6\u00a6\u00a6\u00a6\u00a6\u00a6\u00a6\u00a6\u00a6\u00a6\u00a6\u00a6\u00a6\u00a6\u00a6\u00a6\u00a6\u00a6\u00a6\u00a6\u00a6\u00a6\u00a6\u00a6\u00a6\u00a6\u00a6\u00a6\u00a6\u00a6\u00a6\u00a6\u00a6\u00a6\u00a6\u00a6\u00a6\u00a6\u00a6\u00a6\u00a6\u00a6\u00a6\u00a6\u00a6\u00a6\u00a6\u00a6\u00a6\u00a6\u00a6\u00a6\u00a6\u00a6\u00a6\u00a6\u00a6\u00a6\u00a6\u00a6\u00a6\u00a6\u00a6\u00a6\u00a6\u00a6\u00a6\u00a6\u00a6<br \/>Casi 40 a\u00f1os en el rubro avalan nuestra trayectoria<br \/>Cuente con nosotros. Lo asesoraremos para que tenga la mejor solucion. Le biendaremos:<br \/>Asesoramiento<br \/>El mejor servicio<br \/>Stock permanente<br \/>Velocidad en entregas<br \/>Productos de Calidad<\/p>\n<p>PRECIO CALIDAD Y SERVICIO<\/p>\n<p>\u00a6\u00a6\u00a6\u00a6\u00a6\u00a6\u00a6\u00a6\u00a6\u00a6\u00a6\u00a6\u00a6\u00a6\u00a6\u00a6\u00a6\u00a6\u00a6\u00a6\u00a6\u00a6\u00a6\u00a6\u00a6\u00a6\u00a6\u00a6\u00a6\u00a6\u00a6\u00a6\u00a6\u00a6\u00a6\u00a6\u00a6\u00a6\u00a6\u00a6\u00a6\u00a6\u00a6\u00a6\u00a6\u00a6\u00a6\u00a6\u00a6\u00a6\u00a6\u00a6\u00a6\u00a6\u00a6\u00a6\u00a6\u00a6\u00a6\u00a6\u00a6\u00a6\u00a6\u00a6\u00a6\u00a6\u00a6\u00a6\u00a6\u00a6\u00a6\u00a6\u00a6\u00a6\u00a6\u00a6\u00a6\u00a6\u00a6\u00a6\u00a6\u00a6\u00a6\u00a6\u00a6\u00a6\u00a6\u00a6\u00a6\u00a6\u00a6\u00a6\u00a6\u00a6\u00a6\u00a6\u00a6\u00a6\u00a6\u00a6\u00a6\u00a6\u00a6\u00a6\u00a6\u00a6\u00a6\u00a6\u00a6\u00a6\u00a6\u00a6\u00a6\u00a6\u00a6\u00a6\u00a6\u00a6\u00a6<br \/>Ademas contamos con: Impresoras Fiscales, Software de<br \/>Facturaci\u00f3n, Lectores C\u00f3digo de barras, Impresoras de ticket<br \/>no fiscales, Impresoras de etiquetas, Contadores de Billetes,<br \/>All in One Touchscreen, Calculadoras electronicas,<br \/>Destructoras de documentos, Balanzas Electronicas, Insumos<\/p>\n<p>No dudes en consultarnos, estamos para ayudarte!<\/p>\n<p>KELVER COMPUTACION<\/p>\n","protected":false},"excerpt":{"rendered":"<p>\u00a6\u00a6\u00a6\u00a6\u00a6\u00a6\u00a6\u00a6\u00a6\u00a6\u00a6\u00a6\u00a6\u00a6\u00a6\u00a6\u00a6\u00a6\u00a6\u00a6\u00a6\u00a6\u00a6\u00a6\u00a6\u00a6\u00a6\u00a6\u00a6\u00a6\u00a6\u00a6\u00a6\u00a6\u00a6\u00a6\u00a6\u00a6\u00a6\u00a6\u00a6\u00a6\u00a6\u00a6\u00a6\u00a6\u00a6\u00a6\u00a6\u00a6\u00a6\u00a6\u00a6\u00a6\u00a6\u00a6\u00a6\u00a6\u00a6\u00a6\u00a6\u00a6\u00a6\u00a6\u00a6\u00a6\u00a6\u00a6\u00a6\u00a6\u00a6\u00a6\u00a6\u00a6\u00a6\u00a6\u00a6\u00a6\u00a6\u00a6\u00a6\u00a6\u00a6\u00a6\u00a6\u00a6\u00a6\u00a6\u00a6\u00a6\u00a6\u00a6\u00a6\u00a6\u00a6\u00a6\u00a6\u00a6\u00a6\u00a6\u00a6\u00a6KELVER COMPUTACIONBALANZAS &#8211; CONTROLADORES FISCALES\u00a6\u00a6\u00a6\u00a6\u00a6\u00a6\u00a6\u00a6\u00a6\u00a6\u00a6\u00a6\u00a6\u00a6\u00a6\u00a6\u00a6\u00a6\u00a6\u00a6\u00a6\u00a6\u00a6\u00a6\u00a6\u00a6\u00a6\u00a6\u00a6\u00a6\u00a6\u00a6\u00a6\u00a6\u00a6\u00a6\u00a6\u00a6\u00a6\u00a6\u00a6\u00a6\u00a6\u00a6\u00a6\u00a6\u00a6\u00a6\u00a6\u00a6\u00a6\u00a6\u00a6\u00a6\u00a6\u00a6\u00a6\u00a6\u00a6\u00a6\u00a6\u00a6\u00a6\u00a6\u00a6\u00a6\u00a6\u00a6\u00a6\u00a6\u00a6\u00a6\u00a6\u00a6\u00a6\u00a6\u00a6\u00a6\u00a6\u00a6\u00a6\u00a6\u00a6\u00a6\u00a6\u00a6\u00a6\u00a6\u00a6\u00a6\u00a6\u00a6\u00a6\u00a6\u00a6\u00a6\u00a6\u00a6\u00a6\u00a6\u00a6\u00a6 ==>Mercadolibre 100% Calificaciones positivas==>Hacemos Factura A o B por su compra==>Local a la calle en San Isidro==>38 a\u00f1os en el rubro==>Garant\u00eda escrita==>Env\u00edos a todo el pa\u00eds: Mercado Env\u00edos, Via Cargo==>Tecnicos Autorizados *************************************************************************Impresora Termica 3nstar Rpt008 Comandera Ticket 232\/usb\/lan************************************************************************* >Un equipo pensado para comercios variados>Dise\u00f1o moderno que ocupa muy poco espacio&hellip; <br \/> <a class=\"read-more\" href=\"https:\/\/www.kelver.com.ar\/?product=impresora-comandera-termica-3nstar-rpt008-usb-red\">Leer m\u00e1s<\/a><\/p>\n","protected":false},"featured_media":5358,"comment_status":"open","ping_status":"closed","template":"","meta":{"_joinchat":[],"jetpack_publicize_message":"","jetpack_publicize_feature_enabled":true,"jetpack_social_post_already_shared":true,"jetpack_social_options":{"image_generator_settings":{"template":"highway","default_image_id":0,"font":"","enabled":false},"version":2}},"product_brand":[],"product_cat":[43],"product_tag":[],"class_list":{"0":"post-4634","1":"product","2":"type-product","3":"status-publish","4":"has-post-thumbnail","6":"product_cat-impresoras-comanderas","8":"first","9":"outofstock","10":"shipping-taxable","11":"purchasable","12":"product-type-simple"},"jetpack_publicize_connections":[],"jetpack_sharing_enabled":true,"_links":{"self":[{"href":"https:\/\/www.kelver.com.ar\/index.php?rest_route=\/wp\/v2\/product\/4634","targetHints":{"allow":["GET"]}}],"collection":[{"href":"https:\/\/www.kelver.com.ar\/index.php?rest_route=\/wp\/v2\/product"}],"about":[{"href":"https:\/\/www.kelver.com.ar\/index.php?rest_route=\/wp\/v2\/types\/product"}],"replies":[{"embeddable":true,"href":"https:\/\/www.kelver.com.ar\/index.php?rest_route=%2Fwp%2Fv2%2Fcomments&post=4634"}],"wp:featuredmedia":[{"embeddable":true,"href":"https:\/\/www.kelver.com.ar\/index.php?rest_route=\/wp\/v2\/media\/5358"}],"wp:attachment":[{"href":"https:\/\/www.kelver.com.ar\/index.php?rest_route=%2Fwp%2Fv2%2Fmedia&parent=4634"}],"wp:term":[{"taxonomy":"product_brand","embeddable":true,"href":"https:\/\/www.kelver.com.ar\/index.php?rest_route=%2Fwp%2Fv2%2Fproduct_brand&post=4634"},{"taxonomy":"product_cat","embeddable":true,"href":"https:\/\/www.kelver.com.ar\/index.php?rest_route=%2Fwp%2Fv2%2Fproduct_cat&post=4634"},{"taxonomy":"product_tag","embeddable":true,"href":"https:\/\/www.kelver.com.ar\/index.php?rest_route=%2Fwp%2Fv2%2Fproduct_tag&post=4634"}],"curies":[{"name":"wp","href":"https:\/\/api.w.org\/{rel}","templated":true}]}}