{"id":4585,"date":"2025-08-08T22:36:38","date_gmt":"2025-08-08T19:36:38","guid":{"rendered":"https:\/\/www.kelver.com.ar\/?product=cortadora-de-fiambre-fadeco-330-de-ac-inoxidable-unica"},"modified":"2026-05-12T12:39:34","modified_gmt":"2026-05-12T15:39:34","slug":"cortadora-de-fiambre-fadeco-330-de-ac-inoxidable-unica","status":"publish","type":"product","link":"https:\/\/www.kelver.com.ar\/?product=cortadora-de-fiambre-fadeco-330-de-ac-inoxidable-unica","title":{"rendered":"Cortadora De Fiambre Fadeco 330 Inoxidable Simil Trinidad330"},"content":{"rendered":"<p>Motor de 0,40 CV, el m\u00e1s robusto del mercado, esto hace que no se frene la cuchilla con los quesos blandos.<\/p>\n<p>Carro de desplazamiento<br \/>El carro est\u00e1 construido en fundici\u00f3n de hierro montado sobre 8 rodamientos en sus 4 ruedas, que facilitan extremadamente su desplazamiento evitando el desgaste prematuro.<\/p>\n<p>Ajuste de corte de alta precisi\u00f3n<br \/>Montado sobre barras rectificadas que hacen un movimiento<br \/>de regulaci\u00f3n suave.<\/p>\n<p>Mecanismo de transmisi\u00f3n<br \/>La utilizaci\u00f3n de 3 rulemanes de gran tama\u00f1o y la transmisi\u00f3n<br \/>por sin fin y corona, hacen que la m\u00e1quina no se frene en el<br \/>momento del corte, su potente motor con refrigeraci\u00f3n<br \/>forzada proporciona mayor potencia en el movimiento de la<br \/>cuchilla.<\/p>\n<p>Bandeja<br \/>Bandeja porta fiambre con inclinaci\u00f3n de 45\u00b0<br \/>Cuchilla<br \/>Cuchilla de acero especial, disco enterizo con ba\u00f1o de cromo<br \/>duro.<\/p>\n<p>Afilador<br \/>Afilador con piedras de di\u00e1metro grande, montadas sobre<br \/>rodamientos blindados para mejorar el afilado.<\/p>\n<p>Dise\u00f1o<br \/>El moderno dise\u00f1o facilita la limpieza de la m\u00e1quina sin dejar de<br \/>lado su gran robustez.<br \/>Esta m\u00e1quina esta libre de lubricaci\u00f3n ya que todas sus partes<br \/>m\u00f3viles est\u00e1n montadas sobre rodamientos blindados.<\/p>\n","protected":false},"excerpt":{"rendered":"<p>Motor de 0,40 CV, el m\u00e1s robusto del mercado, esto hace que no se frene la cuchilla con los quesos blandos. Carro de desplazamientoEl carro est\u00e1 construido en fundici\u00f3n de hierro montado sobre 8 rodamientos en sus 4 ruedas, que facilitan extremadamente su desplazamiento evitando el desgaste prematuro. Ajuste de corte de alta precisi\u00f3nMontado sobre&hellip; <br \/> <a class=\"read-more\" href=\"https:\/\/www.kelver.com.ar\/?product=cortadora-de-fiambre-fadeco-330-de-ac-inoxidable-unica\">Leer m\u00e1s<\/a><\/p>\n","protected":false},"featured_media":5450,"comment_status":"open","ping_status":"closed","template":"","meta":{"_joinchat":[],"jetpack_publicize_message":"","jetpack_publicize_feature_enabled":true,"jetpack_social_post_already_shared":true,"jetpack_social_options":{"image_generator_settings":{"template":"highway","default_image_id":0,"font":"","enabled":false},"version":2}},"product_brand":[],"product_cat":[36],"product_tag":[],"class_list":{"0":"post-4585","1":"product","2":"type-product","3":"status-publish","4":"has-post-thumbnail","6":"product_cat-cortadoras","8":"first","9":"instock","10":"shipping-taxable","11":"purchasable","12":"product-type-simple"},"jetpack_publicize_connections":[],"jetpack_sharing_enabled":true,"_links":{"self":[{"href":"https:\/\/www.kelver.com.ar\/index.php?rest_route=\/wp\/v2\/product\/4585","targetHints":{"allow":["GET"]}}],"collection":[{"href":"https:\/\/www.kelver.com.ar\/index.php?rest_route=\/wp\/v2\/product"}],"about":[{"href":"https:\/\/www.kelver.com.ar\/index.php?rest_route=\/wp\/v2\/types\/product"}],"replies":[{"embeddable":true,"href":"https:\/\/www.kelver.com.ar\/index.php?rest_route=%2Fwp%2Fv2%2Fcomments&post=4585"}],"wp:featuredmedia":[{"embeddable":true,"href":"https:\/\/www.kelver.com.ar\/index.php?rest_route=\/wp\/v2\/media\/5450"}],"wp:attachment":[{"href":"https:\/\/www.kelver.com.ar\/index.php?rest_route=%2Fwp%2Fv2%2Fmedia&parent=4585"}],"wp:term":[{"taxonomy":"product_brand","embeddable":true,"href":"https:\/\/www.kelver.com.ar\/index.php?rest_route=%2Fwp%2Fv2%2Fproduct_brand&post=4585"},{"taxonomy":"product_cat","embeddable":true,"href":"https:\/\/www.kelver.com.ar\/index.php?rest_route=%2Fwp%2Fv2%2Fproduct_cat&post=4585"},{"taxonomy":"product_tag","embeddable":true,"href":"https:\/\/www.kelver.com.ar\/index.php?rest_route=%2Fwp%2Fv2%2Fproduct_tag&post=4585"}],"curies":[{"name":"wp","href":"https:\/\/api.w.org\/{rel}","templated":true}]}}