{"id":4550,"date":"2025-07-28T16:39:35","date_gmt":"2025-07-28T13:39:35","guid":{"rendered":"https:\/\/www.kelver.com.ar\/?product=impresora-multifuncion-pantum-mg6509nw-monocromatica"},"modified":"2026-04-04T06:36:11","modified_gmt":"2026-04-04T09:36:11","slug":"impresora-multifuncion-pantum-mg6509nw-monocromatica","status":"publish","type":"product","link":"https:\/\/www.kelver.com.ar\/?product=impresora-multifuncion-pantum-mg6509nw-monocromatica","title":{"rendered":"Impresora Multifunci\u00f3n Pantum Mg6509nw Monocrom\u00e1tica"},"content":{"rendered":"<p>IMPRESORA PANTUM M6509NW, una impresora compacta y econ\u00f3mica para ayudarle a imprimir f\u00e1cilmente.<\/p>\n<p>Salida superior y eficiente<br \/>A4 velocidad de impresi\u00f3n de hasta 22 p\u00e1ginas por minuto, con tres en una funci\u00f3n de impresi\u00f3n, copia y escaneo, f\u00e1cil de cumplir los requisitos de trabajo de oficina<\/p>\n<p>Impresi\u00f3n m\u00f3vil y Ethernet para una experiencia f\u00e1cil<br \/>A trav\u00e9s de Ethernet, red inal\u00e1mbrica, conexi\u00f3n Wi &#8211; Fi, etc., puede realizar f\u00e1cilmente la impresi\u00f3n multi &#8211; dispositivo de tel\u00e9fonos m\u00f3viles, tabletas, computadoras, disfrutar del estilo de oficina libre de la nueva era<\/p>\n<p>La aplicaci\u00f3n pantum soporta la impresi\u00f3n directa de documentos de oficina<br \/>Ahorro de redundancia y cumplimiento eficiente de los requisitos de trabajo de oficina<\/p>\n<p>Instalaci\u00f3n de controladores de un paso, f\u00e1cil de usar<br \/>Los controladores se pueden instalar paso a paso, sin procedimientos complejos, para ayudar a los usuarios a disfrutar de la operaci\u00f3n sin preocupaciones<\/p>\n<p>Interior con marco de metal s\u00f3lido<br \/>Robustez y durabilidad para asegurar la estabilidad de la impresora<\/p>\n","protected":false},"excerpt":{"rendered":"<p>IMPRESORA PANTUM M6509NW, una impresora compacta y econ\u00f3mica para ayudarle a imprimir f\u00e1cilmente. Salida superior y eficienteA4 velocidad de impresi\u00f3n de hasta 22 p\u00e1ginas por minuto, con tres en una funci\u00f3n de impresi\u00f3n, copia y escaneo, f\u00e1cil de cumplir los requisitos de trabajo de oficina Impresi\u00f3n m\u00f3vil y Ethernet para una experiencia f\u00e1cilA trav\u00e9s de&hellip; <br \/> <a class=\"read-more\" href=\"https:\/\/www.kelver.com.ar\/?product=impresora-multifuncion-pantum-mg6509nw-monocromatica\">Leer m\u00e1s<\/a><\/p>\n","protected":false},"featured_media":4903,"comment_status":"open","ping_status":"closed","template":"","meta":{"_joinchat":[],"jetpack_publicize_message":"","jetpack_publicize_feature_enabled":true,"jetpack_social_post_already_shared":true,"jetpack_social_options":{"image_generator_settings":{"template":"highway","default_image_id":0,"font":"","enabled":false},"version":2}},"product_brand":[],"product_cat":[896],"product_tag":[],"class_list":{"0":"post-4550","1":"product","2":"type-product","3":"status-publish","4":"has-post-thumbnail","6":"product_cat-impresoras-laser","8":"first","9":"instock","10":"shipping-taxable","11":"purchasable","12":"product-type-simple"},"jetpack_publicize_connections":[],"jetpack_sharing_enabled":true,"_links":{"self":[{"href":"https:\/\/www.kelver.com.ar\/index.php?rest_route=\/wp\/v2\/product\/4550","targetHints":{"allow":["GET"]}}],"collection":[{"href":"https:\/\/www.kelver.com.ar\/index.php?rest_route=\/wp\/v2\/product"}],"about":[{"href":"https:\/\/www.kelver.com.ar\/index.php?rest_route=\/wp\/v2\/types\/product"}],"replies":[{"embeddable":true,"href":"https:\/\/www.kelver.com.ar\/index.php?rest_route=%2Fwp%2Fv2%2Fcomments&post=4550"}],"wp:featuredmedia":[{"embeddable":true,"href":"https:\/\/www.kelver.com.ar\/index.php?rest_route=\/wp\/v2\/media\/4903"}],"wp:attachment":[{"href":"https:\/\/www.kelver.com.ar\/index.php?rest_route=%2Fwp%2Fv2%2Fmedia&parent=4550"}],"wp:term":[{"taxonomy":"product_brand","embeddable":true,"href":"https:\/\/www.kelver.com.ar\/index.php?rest_route=%2Fwp%2Fv2%2Fproduct_brand&post=4550"},{"taxonomy":"product_cat","embeddable":true,"href":"https:\/\/www.kelver.com.ar\/index.php?rest_route=%2Fwp%2Fv2%2Fproduct_cat&post=4550"},{"taxonomy":"product_tag","embeddable":true,"href":"https:\/\/www.kelver.com.ar\/index.php?rest_route=%2Fwp%2Fv2%2Fproduct_tag&post=4550"}],"curies":[{"name":"wp","href":"https:\/\/api.w.org\/{rel}","templated":true}]}}