{"id":4540,"date":"2025-07-25T23:50:52","date_gmt":"2025-07-26T02:50:52","guid":{"rendered":"https:\/\/www.kelver.com.ar\/?product=balanza-comercial-kretz-report-lt-30kg-tcp-ethernet-oferta"},"modified":"2026-05-02T12:46:41","modified_gmt":"2026-05-02T15:46:41","slug":"balanza-comercial-kretz-report-lt-30kg-tcp-ethernet-oferta","status":"publish","type":"product","link":"https:\/\/www.kelver.com.ar\/?product=balanza-comercial-kretz-report-lt-30kg-tcp-ethernet-oferta","title":{"rendered":"Balanza Comercial Kretz Report Lt 30kg Tcp Ethernet Oferta"},"content":{"rendered":"<p>La Balanza comercial digital Kretz Report LT es la soluci\u00f3n perfecta para tu negocio en Argentina. Con un peso m\u00e1ximo soportado de 30 kg y una superficie de apoyo de 395 mm x 250 mm, esta balanza te permite pesar productos de diferentes tama\u00f1os con precisi\u00f3n y facilidad. Su pantalla LCD de f\u00e1cil lectura y la pantalla adicional para el cliente garantizan una experiencia de compra transparente y satisfactoria para tus clientes.<\/p>\n<p>La Kretz Report LT cuenta con una impresora integrada que te permite imprimir etiquetas y tickets de manera r\u00e1pida y eficiente. Adem\u00e1s, su conectividad ethernet facilita la integraci\u00f3n con otros dispositivos y sistemas de gesti\u00f3n.<\/p>\n<p>La Kretz Report LT funciona con corriente el\u00e9ctrica y su superficie de apoyo est\u00e1 fabricada en acero inoxidable, lo que garantiza durabilidad y resistencia al uso diario. Adem\u00e1s, cuenta con capacidad para almacenar hasta 5000 c\u00f3digos PLU, lo que te permite llevar un control eficiente de tus productos y agilizar el proceso de venta.<\/p>\n<p>ESTE PRODUCTO NO TIENE BATERIA. FRENTE A CUALQUIER CORTE, NO POSEE BATERIA DE RESPALDO. <br \/>MERCADOLIBRE PONE SIN NUESTRA AUTORIZACION EL SIGUIENTE MENSAJE:<\/p>\n","protected":false},"excerpt":{"rendered":"<p>La Balanza comercial digital Kretz Report LT es la soluci\u00f3n perfecta para tu negocio en Argentina. Con un peso m\u00e1ximo soportado de 30 kg y una superficie de apoyo de 395 mm x 250 mm, esta balanza te permite pesar productos de diferentes tama\u00f1os con precisi\u00f3n y facilidad. Su pantalla LCD de f\u00e1cil lectura y&hellip; <br \/> <a class=\"read-more\" href=\"https:\/\/www.kelver.com.ar\/?product=balanza-comercial-kretz-report-lt-30kg-tcp-ethernet-oferta\">Leer m\u00e1s<\/a><\/p>\n","protected":false},"featured_media":5634,"comment_status":"open","ping_status":"closed","template":"","meta":{"_joinchat":[],"jetpack_publicize_message":"","jetpack_publicize_feature_enabled":true,"jetpack_social_post_already_shared":true,"jetpack_social_options":{"image_generator_settings":{"template":"highway","default_image_id":0,"font":"","enabled":false},"version":2}},"product_brand":[],"product_cat":[39],"product_tag":[],"class_list":{"0":"post-4540","1":"product","2":"type-product","3":"status-publish","4":"has-post-thumbnail","6":"product_cat-balanzas","8":"first","9":"outofstock","10":"shipping-taxable","11":"purchasable","12":"product-type-simple"},"jetpack_publicize_connections":[],"jetpack_sharing_enabled":true,"_links":{"self":[{"href":"https:\/\/www.kelver.com.ar\/index.php?rest_route=\/wp\/v2\/product\/4540","targetHints":{"allow":["GET"]}}],"collection":[{"href":"https:\/\/www.kelver.com.ar\/index.php?rest_route=\/wp\/v2\/product"}],"about":[{"href":"https:\/\/www.kelver.com.ar\/index.php?rest_route=\/wp\/v2\/types\/product"}],"replies":[{"embeddable":true,"href":"https:\/\/www.kelver.com.ar\/index.php?rest_route=%2Fwp%2Fv2%2Fcomments&post=4540"}],"wp:featuredmedia":[{"embeddable":true,"href":"https:\/\/www.kelver.com.ar\/index.php?rest_route=\/wp\/v2\/media\/5634"}],"wp:attachment":[{"href":"https:\/\/www.kelver.com.ar\/index.php?rest_route=%2Fwp%2Fv2%2Fmedia&parent=4540"}],"wp:term":[{"taxonomy":"product_brand","embeddable":true,"href":"https:\/\/www.kelver.com.ar\/index.php?rest_route=%2Fwp%2Fv2%2Fproduct_brand&post=4540"},{"taxonomy":"product_cat","embeddable":true,"href":"https:\/\/www.kelver.com.ar\/index.php?rest_route=%2Fwp%2Fv2%2Fproduct_cat&post=4540"},{"taxonomy":"product_tag","embeddable":true,"href":"https:\/\/www.kelver.com.ar\/index.php?rest_route=%2Fwp%2Fv2%2Fproduct_tag&post=4540"}],"curies":[{"name":"wp","href":"https:\/\/api.w.org\/{rel}","templated":true}]}}