{"id":4379,"date":"2025-06-14T03:00:30","date_gmt":"2025-06-14T00:00:30","guid":{"rendered":"https:\/\/www.kelver.com.ar\/?product=mouse-inalambrico-dell-wm126-negro"},"modified":"2026-04-04T07:03:44","modified_gmt":"2026-04-04T10:03:44","slug":"mouse-inalambrico-dell-wm126-negro","status":"publish","type":"product","link":"https:\/\/www.kelver.com.ar\/?product=mouse-inalambrico-dell-wm126-negro","title":{"rendered":"Mouse Inal\u00e1mbrico Dell Wm126 Negro"},"content":{"rendered":"<p>Para trabajar desde casa con la computadora o aprovechar los momentos de ocio, necesit\u00e1s comodidad y facilidad de movimiento. Con tu Dell WM126 encontr\u00e1 eso que busc\u00e1s en un solo aparato con la mejor tecnolog\u00eda.<\/p>\n<p>Adaptado a tus movimientos<br \/>Su dise\u00f1o eficaz hace de este mouse un elemento c\u00f3modo, con una gran experiencia de uso para aquellas personas que buscan seguridad en cada click.<\/p>\n<p>La funcionalidad al alcance de tu mano<br \/>El sistema de detecci\u00f3n de movimiento \u00f3ptico te permitir\u00e1 mover el cursor de una manera m\u00e1s precisa y sensible que en los sistemas tradicionales.<\/p>\n<p>Plug And Play<br \/>Solo deb\u00e9s colocar el receptor en un puerto USB de la computadora y ya pod\u00e9s empezar a usarlo. No hace falta emparejar el mouse ni descargar software para utilizarlo.<\/p>\n<p>Tecnolog\u00eda inal\u00e1mbrica<br \/>Trabaj\u00e1 de forma inal\u00e1mbrica y movete libremente sin ninguna interrupci\u00f3n. Al no haber cables, tu escritorio se mantiene despejado. Y adem\u00e1s, pod\u00e9s llevar tu mouse f\u00e1cilmente de un espacio de trabajo a otro.<\/p>\n<p>Apto para f\u00e1cil traslado<br \/>Naveg\u00e1 r\u00e1pidamente por documentos y p\u00e1ginas web gracias su dise\u00f1o ultra delgado, ergon\u00f3mico, liviano y conveniente para llevar a donde quieras o viajar.<\/p>\n","protected":false},"excerpt":{"rendered":"<p>Para trabajar desde casa con la computadora o aprovechar los momentos de ocio, necesit\u00e1s comodidad y facilidad de movimiento. Con tu Dell WM126 encontr\u00e1 eso que busc\u00e1s en un solo aparato con la mejor tecnolog\u00eda. Adaptado a tus movimientosSu dise\u00f1o eficaz hace de este mouse un elemento c\u00f3modo, con una gran experiencia de uso para&hellip; <br \/> <a class=\"read-more\" href=\"https:\/\/www.kelver.com.ar\/?product=mouse-inalambrico-dell-wm126-negro\">Leer m\u00e1s<\/a><\/p>\n","protected":false},"featured_media":4912,"comment_status":"open","ping_status":"closed","template":"","meta":{"_joinchat":[],"jetpack_publicize_message":"","jetpack_publicize_feature_enabled":true,"jetpack_social_post_already_shared":true,"jetpack_social_options":{"image_generator_settings":{"template":"highway","default_image_id":0,"font":"","enabled":false},"version":2}},"product_brand":[],"product_cat":[63],"product_tag":[],"class_list":{"0":"post-4379","1":"product","2":"type-product","3":"status-publish","4":"has-post-thumbnail","6":"product_cat-mouse","8":"first","9":"outofstock","10":"shipping-taxable","11":"purchasable","12":"product-type-simple"},"jetpack_publicize_connections":[],"jetpack_sharing_enabled":true,"_links":{"self":[{"href":"https:\/\/www.kelver.com.ar\/index.php?rest_route=\/wp\/v2\/product\/4379","targetHints":{"allow":["GET"]}}],"collection":[{"href":"https:\/\/www.kelver.com.ar\/index.php?rest_route=\/wp\/v2\/product"}],"about":[{"href":"https:\/\/www.kelver.com.ar\/index.php?rest_route=\/wp\/v2\/types\/product"}],"replies":[{"embeddable":true,"href":"https:\/\/www.kelver.com.ar\/index.php?rest_route=%2Fwp%2Fv2%2Fcomments&post=4379"}],"wp:featuredmedia":[{"embeddable":true,"href":"https:\/\/www.kelver.com.ar\/index.php?rest_route=\/wp\/v2\/media\/4912"}],"wp:attachment":[{"href":"https:\/\/www.kelver.com.ar\/index.php?rest_route=%2Fwp%2Fv2%2Fmedia&parent=4379"}],"wp:term":[{"taxonomy":"product_brand","embeddable":true,"href":"https:\/\/www.kelver.com.ar\/index.php?rest_route=%2Fwp%2Fv2%2Fproduct_brand&post=4379"},{"taxonomy":"product_cat","embeddable":true,"href":"https:\/\/www.kelver.com.ar\/index.php?rest_route=%2Fwp%2Fv2%2Fproduct_cat&post=4379"},{"taxonomy":"product_tag","embeddable":true,"href":"https:\/\/www.kelver.com.ar\/index.php?rest_route=%2Fwp%2Fv2%2Fproduct_tag&post=4379"}],"curies":[{"name":"wp","href":"https:\/\/api.w.org\/{rel}","templated":true}]}}