{"id":4368,"date":"2025-06-14T03:00:15","date_gmt":"2025-06-14T00:00:15","guid":{"rendered":"https:\/\/www.kelver.com.ar\/?product=auriculares-dell-hs2201-black-con-cable-reduccion-de-ruido"},"modified":"2026-04-04T07:03:42","modified_gmt":"2026-04-04T10:03:42","slug":"auriculares-dell-hs2201-black-con-cable-reduccion-de-ruido","status":"publish","type":"product","link":"https:\/\/www.kelver.com.ar\/?product=auriculares-dell-hs2201-black-con-cable-reduccion-de-ruido","title":{"rendered":"Auriculares Dell Hs2201 Black Con Cable Reducci\u00f3n De Ruido"},"content":{"rendered":"<p>\u00a1Experimenta la adrenalina de sumergirte en la escena de otra manera! Tener auriculares espec\u00edficos para juegos cambia por completo tu experiencia. Con los Dell WH1022, no te perder\u00e1s ning\u00fan detalle y escuchar\u00e1s el audio tal y como lo pretendieron los creadores.<\/p>\n<p>La forma perfecta para ti<br \/>El dise\u00f1o para colocar sobre las orejas ofrece una comodidad sin igual gracias a sus cojines. Al mismo tiempo, su sonido envolvente del m\u00e1s alto nivel se convierte en el protagonista de la escena.<\/p>\n","protected":false},"excerpt":{"rendered":"<p>\u00a1Experimenta la adrenalina de sumergirte en la escena de otra manera! Tener auriculares espec\u00edficos para juegos cambia por completo tu experiencia. Con los Dell WH1022, no te perder\u00e1s ning\u00fan detalle y escuchar\u00e1s el audio tal y como lo pretendieron los creadores. La forma perfecta para tiEl dise\u00f1o para colocar sobre las orejas ofrece una comodidad&hellip; <br \/> <a class=\"read-more\" href=\"https:\/\/www.kelver.com.ar\/?product=auriculares-dell-hs2201-black-con-cable-reduccion-de-ruido\">Leer m\u00e1s<\/a><\/p>\n","protected":false},"featured_media":4934,"comment_status":"open","ping_status":"closed","template":"","meta":{"_joinchat":[],"jetpack_publicize_message":"","jetpack_publicize_feature_enabled":true,"jetpack_social_post_already_shared":true,"jetpack_social_options":{"image_generator_settings":{"template":"highway","default_image_id":0,"font":"","enabled":false},"version":2}},"product_brand":[],"product_cat":[61],"product_tag":[],"class_list":{"0":"post-4368","1":"product","2":"type-product","3":"status-publish","4":"has-post-thumbnail","6":"product_cat-accesorios","8":"first","9":"outofstock","10":"shipping-taxable","11":"purchasable","12":"product-type-simple"},"jetpack_publicize_connections":[],"jetpack_sharing_enabled":true,"_links":{"self":[{"href":"https:\/\/www.kelver.com.ar\/index.php?rest_route=\/wp\/v2\/product\/4368","targetHints":{"allow":["GET"]}}],"collection":[{"href":"https:\/\/www.kelver.com.ar\/index.php?rest_route=\/wp\/v2\/product"}],"about":[{"href":"https:\/\/www.kelver.com.ar\/index.php?rest_route=\/wp\/v2\/types\/product"}],"replies":[{"embeddable":true,"href":"https:\/\/www.kelver.com.ar\/index.php?rest_route=%2Fwp%2Fv2%2Fcomments&post=4368"}],"wp:featuredmedia":[{"embeddable":true,"href":"https:\/\/www.kelver.com.ar\/index.php?rest_route=\/wp\/v2\/media\/4934"}],"wp:attachment":[{"href":"https:\/\/www.kelver.com.ar\/index.php?rest_route=%2Fwp%2Fv2%2Fmedia&parent=4368"}],"wp:term":[{"taxonomy":"product_brand","embeddable":true,"href":"https:\/\/www.kelver.com.ar\/index.php?rest_route=%2Fwp%2Fv2%2Fproduct_brand&post=4368"},{"taxonomy":"product_cat","embeddable":true,"href":"https:\/\/www.kelver.com.ar\/index.php?rest_route=%2Fwp%2Fv2%2Fproduct_cat&post=4368"},{"taxonomy":"product_tag","embeddable":true,"href":"https:\/\/www.kelver.com.ar\/index.php?rest_route=%2Fwp%2Fv2%2Fproduct_tag&post=4368"}],"curies":[{"name":"wp","href":"https:\/\/api.w.org\/{rel}","templated":true}]}}