{"id":4302,"date":"2025-05-28T21:45:43","date_gmt":"2025-05-28T18:45:43","guid":{"rendered":"https:\/\/www.kelver.com.ar\/?product=bluetooth-nano-usb-tp-link-ub400-4-0"},"modified":"2026-04-04T07:03:35","modified_gmt":"2026-04-04T10:03:35","slug":"bluetooth-nano-usb-tp-link-ub400-4-0","status":"publish","type":"product","link":"https:\/\/www.kelver.com.ar\/?product=bluetooth-nano-usb-tp-link-ub400-4-0","title":{"rendered":"Bluetooth Nano Usb Tp-link Ub400 4.0"},"content":{"rendered":"<p>Bluetooth 4.0 \u2013 Aplica la \u00faltima tecnolog\u00eda de Bluetooth 4.0 con poca energ\u00eda (BLE) y es compatible con Bluetooth V3.0\/2.1\/2.0\/1.1<br \/>Sin necesidad de Driver\u2013 Plug and Play para Win 8, Win 8.1, para Win 10<br \/>Tama\u00f1o-Nano \u2013 Ultra peque\u00f1o e id\u00f3neo para transportar con alto rendimiento confiable<br \/>Sistemas Operativos Soportados \u2013 Soporta Windows 10\/8.1\/8\/7<\/p>\n<p>Enlaza Tu Ordenador v\u00eda Bluetooh<br \/>UB400 cambia tu PC Sin Bluetooth por un ordenador con Bluetooth. Simplemente conecta tus dispositivos Bluetooth a tu ordenador y disfr\u00fatalo con facilidad.<\/p>\n<p>Amplio Rango de Operaci\u00f3n.<br \/>Con una distancia de transmisi\u00f3n de hasta 10 m, puedes disfrutar de tu m\u00fasica sin p\u00e9rdidas a trav\u00e9s de tus auriculares Bluetooth, no necesitas estar cerca de tu ordenador.<\/p>\n","protected":false},"excerpt":{"rendered":"<p>Bluetooth 4.0 \u2013 Aplica la \u00faltima tecnolog\u00eda de Bluetooth 4.0 con poca energ\u00eda (BLE) y es compatible con Bluetooth V3.0\/2.1\/2.0\/1.1Sin necesidad de Driver\u2013 Plug and Play para Win 8, Win 8.1, para Win 10Tama\u00f1o-Nano \u2013 Ultra peque\u00f1o e id\u00f3neo para transportar con alto rendimiento confiableSistemas Operativos Soportados \u2013 Soporta Windows 10\/8.1\/8\/7 Enlaza Tu Ordenador v\u00eda&hellip; <br \/> <a class=\"read-more\" href=\"https:\/\/www.kelver.com.ar\/?product=bluetooth-nano-usb-tp-link-ub400-4-0\">Leer m\u00e1s<\/a><\/p>\n","protected":false},"featured_media":4303,"comment_status":"open","ping_status":"closed","template":"","meta":{"_joinchat":[],"jetpack_publicize_message":"","jetpack_publicize_feature_enabled":true,"jetpack_social_post_already_shared":true,"jetpack_social_options":{"image_generator_settings":{"template":"highway","default_image_id":0,"font":"","enabled":false},"version":2}},"product_brand":[],"product_cat":[58],"product_tag":[],"class_list":{"0":"post-4302","1":"product","2":"type-product","3":"status-publish","4":"has-post-thumbnail","6":"product_cat-adaptadores","8":"first","9":"outofstock","10":"shipping-taxable","11":"purchasable","12":"product-type-simple"},"jetpack_publicize_connections":[],"jetpack_sharing_enabled":true,"_links":{"self":[{"href":"https:\/\/www.kelver.com.ar\/index.php?rest_route=\/wp\/v2\/product\/4302","targetHints":{"allow":["GET"]}}],"collection":[{"href":"https:\/\/www.kelver.com.ar\/index.php?rest_route=\/wp\/v2\/product"}],"about":[{"href":"https:\/\/www.kelver.com.ar\/index.php?rest_route=\/wp\/v2\/types\/product"}],"replies":[{"embeddable":true,"href":"https:\/\/www.kelver.com.ar\/index.php?rest_route=%2Fwp%2Fv2%2Fcomments&post=4302"}],"wp:featuredmedia":[{"embeddable":true,"href":"https:\/\/www.kelver.com.ar\/index.php?rest_route=\/wp\/v2\/media\/4303"}],"wp:attachment":[{"href":"https:\/\/www.kelver.com.ar\/index.php?rest_route=%2Fwp%2Fv2%2Fmedia&parent=4302"}],"wp:term":[{"taxonomy":"product_brand","embeddable":true,"href":"https:\/\/www.kelver.com.ar\/index.php?rest_route=%2Fwp%2Fv2%2Fproduct_brand&post=4302"},{"taxonomy":"product_cat","embeddable":true,"href":"https:\/\/www.kelver.com.ar\/index.php?rest_route=%2Fwp%2Fv2%2Fproduct_cat&post=4302"},{"taxonomy":"product_tag","embeddable":true,"href":"https:\/\/www.kelver.com.ar\/index.php?rest_route=%2Fwp%2Fv2%2Fproduct_tag&post=4302"}],"curies":[{"name":"wp","href":"https:\/\/api.w.org\/{rel}","templated":true}]}}