{"id":4245,"date":"2025-05-28T18:20:13","date_gmt":"2025-05-28T15:20:13","guid":{"rendered":"https:\/\/www.kelver.com.ar\/?product=impresora-laser-hp-laserjet-m111w-mono-21-ppm-usb-wifi"},"modified":"2026-04-04T06:53:20","modified_gmt":"2026-04-04T09:53:20","slug":"impresora-laser-hp-laserjet-m111w-mono-21-ppm-usb-wifi","status":"publish","type":"product","link":"https:\/\/www.kelver.com.ar\/?product=impresora-laser-hp-laserjet-m111w-mono-21-ppm-usb-wifi","title":{"rendered":"Impresora Laser Hp Laserjet M111w Mono 21 Ppm Usb Wifi"},"content":{"rendered":"<p>Impresora HP LaserJet M111w<\/p>\n<p>Una impresora l\u00e1ser eficiente y de alta calidad que se adapta a su espacio y presupuesto. Obtenga impresiones r\u00e1pidas con el l\u00e1ser m\u00e1s peque\u00f1o de HP en su clase, adem\u00e1s de la aplicaci\u00f3n HP Smart que ahorra tiempo.Obtenga impresiones l\u00e1ser de calidad profesional e instalaci\u00f3n perfecta.<\/p>\n<p>Rendimiento eficiente del l\u00e1ser de HP m\u00e1s peque\u00f1o en su clase. Termine sus trabajos r\u00e1pidamente con velocidades de impresi\u00f3n r\u00e1pidas.<br \/>El l\u00e1ser m\u00e1s peque\u00f1o de HP en su clase dise\u00f1ado para lograr rendimiento eficiente.<\/p>\n<p>No se distraiga de los negocios. Obtenga escaneos e impresiones de alta calidad desde su tel\u00e9fono. Adem\u00e1s, organice documentos en la mitad del tiempo gracias a los accesos directos que ofrece HP Smart, la mejor aplicaci\u00f3n de impresi\u00f3n de su clase.<br \/>Obtenga escaneados de alta calidad y comp\u00e1rtalos por Dropbox, Google Drive, correo electr\u00f3nico o en la nube desde pr\u00e1cticamente cualquier lugar gracias a la aplicaci\u00f3n HP Smart.<\/p>\n<p>Obtenga la calidad y conveniencia que espera de una impresora l\u00e1ser. Conf\u00ede en la calidad y confiabilidad de HP p\u00e1gina tras p\u00e1gina y logre que la instalaci\u00f3n sea perfecta y la impresi\u00f3n, simple.<\/p>\n","protected":false},"excerpt":{"rendered":"<p>Impresora HP LaserJet M111w Una impresora l\u00e1ser eficiente y de alta calidad que se adapta a su espacio y presupuesto. Obtenga impresiones r\u00e1pidas con el l\u00e1ser m\u00e1s peque\u00f1o de HP en su clase, adem\u00e1s de la aplicaci\u00f3n HP Smart que ahorra tiempo.Obtenga impresiones l\u00e1ser de calidad profesional e instalaci\u00f3n perfecta. Rendimiento eficiente del l\u00e1ser de&hellip; <br \/> <a class=\"read-more\" href=\"https:\/\/www.kelver.com.ar\/?product=impresora-laser-hp-laserjet-m111w-mono-21-ppm-usb-wifi\">Leer m\u00e1s<\/a><\/p>\n","protected":false},"featured_media":4932,"comment_status":"open","ping_status":"closed","template":"","meta":{"_joinchat":[],"jetpack_publicize_message":"","jetpack_publicize_feature_enabled":true,"jetpack_social_post_already_shared":true,"jetpack_social_options":{"image_generator_settings":{"template":"highway","default_image_id":0,"font":"","enabled":false},"version":2}},"product_brand":[],"product_cat":[896],"product_tag":[],"class_list":{"0":"post-4245","1":"product","2":"type-product","3":"status-publish","4":"has-post-thumbnail","6":"product_cat-impresoras-laser","8":"first","9":"outofstock","10":"shipping-taxable","11":"purchasable","12":"product-type-simple"},"jetpack_publicize_connections":[],"jetpack_sharing_enabled":true,"_links":{"self":[{"href":"https:\/\/www.kelver.com.ar\/index.php?rest_route=\/wp\/v2\/product\/4245","targetHints":{"allow":["GET"]}}],"collection":[{"href":"https:\/\/www.kelver.com.ar\/index.php?rest_route=\/wp\/v2\/product"}],"about":[{"href":"https:\/\/www.kelver.com.ar\/index.php?rest_route=\/wp\/v2\/types\/product"}],"replies":[{"embeddable":true,"href":"https:\/\/www.kelver.com.ar\/index.php?rest_route=%2Fwp%2Fv2%2Fcomments&post=4245"}],"wp:featuredmedia":[{"embeddable":true,"href":"https:\/\/www.kelver.com.ar\/index.php?rest_route=\/wp\/v2\/media\/4932"}],"wp:attachment":[{"href":"https:\/\/www.kelver.com.ar\/index.php?rest_route=%2Fwp%2Fv2%2Fmedia&parent=4245"}],"wp:term":[{"taxonomy":"product_brand","embeddable":true,"href":"https:\/\/www.kelver.com.ar\/index.php?rest_route=%2Fwp%2Fv2%2Fproduct_brand&post=4245"},{"taxonomy":"product_cat","embeddable":true,"href":"https:\/\/www.kelver.com.ar\/index.php?rest_route=%2Fwp%2Fv2%2Fproduct_cat&post=4245"},{"taxonomy":"product_tag","embeddable":true,"href":"https:\/\/www.kelver.com.ar\/index.php?rest_route=%2Fwp%2Fv2%2Fproduct_tag&post=4245"}],"curies":[{"name":"wp","href":"https:\/\/api.w.org\/{rel}","templated":true}]}}