{"id":4233,"date":"2025-05-28T17:56:27","date_gmt":"2025-05-28T14:56:27","guid":{"rendered":"https:\/\/www.kelver.com.ar\/?product=impresora-termica-epson-tm-t88vii-012-eth-usb-serie-oferta"},"modified":"2026-04-25T04:34:25","modified_gmt":"2026-04-25T07:34:25","slug":"impresora-termica-epson-tm-t88vii-012-eth-usb-serie-oferta","status":"publish","type":"product","link":"https:\/\/www.kelver.com.ar\/?product=impresora-termica-epson-tm-t88vii-012-eth-usb-serie-oferta","title":{"rendered":"Impresora Termica Epson Tm-t88vii 012 Eth\/usb\/serie Oferta"},"content":{"rendered":"<p>\u00a6\u00a6\u00a6\u00a6\u00a6\u00a6\u00a6\u00a6\u00a6\u00a6\u00a6\u00a6\u00a6\u00a6\u00a6\u00a6\u00a6\u00a6\u00a6\u00a6\u00a6\u00a6\u00a6\u00a6\u00a6\u00a6\u00a6\u00a6\u00a6\u00a6\u00a6\u00a6\u00a6\u00a6\u00a6\u00a6\u00a6\u00a6\u00a6\u00a6\u00a6\u00a6\u00a6\u00a6\u00a6\u00a6\u00a6\u00a6\u00a6\u00a6\u00a6\u00a6\u00a6\u00a6\u00a6\u00a6\u00a6\u00a6\u00a6\u00a6\u00a6\u00a6\u00a6\u00a6\u00a6\u00a6\u00a6\u00a6\u00a6\u00a6\u00a6\u00a6\u00a6\u00a6\u00a6\u00a6\u00a6\u00a6\u00a6\u00a6\u00a6\u00a6\u00a6\u00a6\u00a6\u00a6\u00a6\u00a6\u00a6\u00a6\u00a6\u00a6\u00a6\u00a6\u00a6\u00a6\u00a6\u00a6\u00a6\u00a6\u00a6\u00a6<br \/>KELVER COMPUTACION<br \/>BALANZAS &#8211; CONTROLADORES FISCALES<br \/>\u00a6\u00a6\u00a6\u00a6\u00a6\u00a6\u00a6\u00a6\u00a6\u00a6\u00a6\u00a6\u00a6\u00a6\u00a6\u00a6\u00a6\u00a6\u00a6\u00a6\u00a6\u00a6\u00a6\u00a6\u00a6\u00a6\u00a6\u00a6\u00a6\u00a6\u00a6\u00a6\u00a6\u00a6\u00a6\u00a6\u00a6\u00a6\u00a6\u00a6\u00a6\u00a6\u00a6\u00a6\u00a6\u00a6\u00a6\u00a6\u00a6\u00a6\u00a6\u00a6\u00a6\u00a6\u00a6\u00a6\u00a6\u00a6\u00a6\u00a6\u00a6\u00a6\u00a6\u00a6\u00a6\u00a6\u00a6\u00a6\u00a6\u00a6\u00a6\u00a6\u00a6\u00a6\u00a6\u00a6\u00a6\u00a6\u00a6\u00a6\u00a6\u00a6\u00a6\u00a6\u00a6\u00a6\u00a6\u00a6\u00a6\u00a6\u00a6\u00a6\u00a6\u00a6\u00a6\u00a6\u00a6\u00a6\u00a6\u00a6\u00a6\u00a6<\/p>\n<p>==>Mercadolibre 100% Calificaciones positivas<br \/>==>Hacemos Factura A o B por su compra<br \/>==>38 a\u00f1os en el rubro<br \/>==>Garant\u00eda escrita<br \/>==>Env\u00edos a todo el pa\u00eds: Mercado Env\u00edos, Viacargo<br \/>==>T\u00e9cnicos Autorizados<\/p>\n<p>La Impresora de Recibos o Facturas m\u00e1s r\u00e1pida de la Industria<br \/>Cuando se trata de completar transacciones de clientes y mantener filas en movimiento, la velocidad es primordial. Como la impresora de recibos m\u00e1s r\u00e1pida de la industria, la nueva TM-T88VII de Epson cumple con los est\u00e1ndares m\u00e1s altos.<\/p>\n<p>Con velocidades de impresi\u00f3n ultrarr\u00e1pidas de hasta 500 mm\/seg, la TM-T88VII ayuda a los comerciantes a brindar la mejor experiencia al cliente en pr\u00e1cticamente todos los entornos, especialmente en los de gran volumen como hoteler\u00eda, comercios minoristas, abarrotes, banca y m\u00e1s. Con una larga vida \u00fatil del cabezal de impresi\u00f3n y el cortador autom\u00e1tico, m\u00e1s una garant\u00eda limitada de 4 a\u00f1os, la TM-T88VII tiene un rendimiento en el que puede confiar.<\/p>\n<p>La nueva TM-T88VII tiene la flexibilidad de conectarse a casi cualquier sistema. Se puede compartir din\u00e1micamente con terminales PC-POS, dispositivos m\u00f3viles y servidores en la nube al mismo tiempo. Tambi\u00e9n cuenta con conectividad Ethernet y USB integrados. Adem\u00e1s puede imprimir desde aplicaciones web utilizando la tecnolog\u00eda de impresi\u00f3n ePOS de Epson o utilizar la tecnolog\u00eda Server Direct Print para realizar pedidos en l\u00ednea. Todo esto se puede hacer de forma segura ya que la TM-T88VII es compatible con el \u00faltimo est\u00e1ndar de seguridad Wi-Fi WPA3.<\/p>\n<p>Principales Caracter\u00edsticas<\/p>\n<p>Impresora de recibos de 3 pulgadas de alto rendimiento con desempe\u00f1o y velocidad l\u00edder en la industria.<br \/>Velocidad de Impresi\u00f3n 500 mm\/seg<br \/>Interface USB y Red Ethernet.<br \/>Ideal para impresi\u00f3n de recibos, comandas o facturas en puntos de alto tr\u00e1fico y que requieren alta confiabilidad. <br \/>Nueva funcionalidad Server direct print: Imprime directamente desde el servidor web en cualquier impresora conectada<br \/>Compatible con modelos anteriores Totalmente compatible con el software T88V y T88VI<br \/>Menor impacto medioambiental Bajo consumo energ\u00e9tico, compatibilidad con papel sin fenoles<\/p>\n","protected":false},"excerpt":{"rendered":"<p>\u00a6\u00a6\u00a6\u00a6\u00a6\u00a6\u00a6\u00a6\u00a6\u00a6\u00a6\u00a6\u00a6\u00a6\u00a6\u00a6\u00a6\u00a6\u00a6\u00a6\u00a6\u00a6\u00a6\u00a6\u00a6\u00a6\u00a6\u00a6\u00a6\u00a6\u00a6\u00a6\u00a6\u00a6\u00a6\u00a6\u00a6\u00a6\u00a6\u00a6\u00a6\u00a6\u00a6\u00a6\u00a6\u00a6\u00a6\u00a6\u00a6\u00a6\u00a6\u00a6\u00a6\u00a6\u00a6\u00a6\u00a6\u00a6\u00a6\u00a6\u00a6\u00a6\u00a6\u00a6\u00a6\u00a6\u00a6\u00a6\u00a6\u00a6\u00a6\u00a6\u00a6\u00a6\u00a6\u00a6\u00a6\u00a6\u00a6\u00a6\u00a6\u00a6\u00a6\u00a6\u00a6\u00a6\u00a6\u00a6\u00a6\u00a6\u00a6\u00a6\u00a6\u00a6\u00a6\u00a6\u00a6\u00a6\u00a6\u00a6\u00a6\u00a6KELVER COMPUTACIONBALANZAS &#8211; CONTROLADORES FISCALES\u00a6\u00a6\u00a6\u00a6\u00a6\u00a6\u00a6\u00a6\u00a6\u00a6\u00a6\u00a6\u00a6\u00a6\u00a6\u00a6\u00a6\u00a6\u00a6\u00a6\u00a6\u00a6\u00a6\u00a6\u00a6\u00a6\u00a6\u00a6\u00a6\u00a6\u00a6\u00a6\u00a6\u00a6\u00a6\u00a6\u00a6\u00a6\u00a6\u00a6\u00a6\u00a6\u00a6\u00a6\u00a6\u00a6\u00a6\u00a6\u00a6\u00a6\u00a6\u00a6\u00a6\u00a6\u00a6\u00a6\u00a6\u00a6\u00a6\u00a6\u00a6\u00a6\u00a6\u00a6\u00a6\u00a6\u00a6\u00a6\u00a6\u00a6\u00a6\u00a6\u00a6\u00a6\u00a6\u00a6\u00a6\u00a6\u00a6\u00a6\u00a6\u00a6\u00a6\u00a6\u00a6\u00a6\u00a6\u00a6\u00a6\u00a6\u00a6\u00a6\u00a6\u00a6\u00a6\u00a6\u00a6\u00a6\u00a6\u00a6\u00a6\u00a6 ==>Mercadolibre 100% Calificaciones positivas==>Hacemos Factura A o B por su compra==>38 a\u00f1os en el rubro==>Garant\u00eda escrita==>Env\u00edos a todo el pa\u00eds: Mercado Env\u00edos, Viacargo==>T\u00e9cnicos Autorizados La Impresora de Recibos o Facturas m\u00e1s r\u00e1pida de la IndustriaCuando se trata de completar transacciones de clientes y mantener filas en movimiento, la velocidad es&hellip; <br \/> <a class=\"read-more\" href=\"https:\/\/www.kelver.com.ar\/?product=impresora-termica-epson-tm-t88vii-012-eth-usb-serie-oferta\">Leer m\u00e1s<\/a><\/p>\n","protected":false},"featured_media":5751,"comment_status":"open","ping_status":"closed","template":"","meta":{"_joinchat":[],"jetpack_publicize_message":"","jetpack_publicize_feature_enabled":true,"jetpack_social_post_already_shared":true,"jetpack_social_options":{"image_generator_settings":{"template":"highway","default_image_id":0,"font":"","enabled":false},"version":2}},"product_brand":[],"product_cat":[43],"product_tag":[],"class_list":{"0":"post-4233","1":"product","2":"type-product","3":"status-publish","4":"has-post-thumbnail","6":"product_cat-impresoras-comanderas","8":"first","9":"instock","10":"shipping-taxable","11":"purchasable","12":"product-type-simple"},"jetpack_publicize_connections":[],"jetpack_sharing_enabled":true,"_links":{"self":[{"href":"https:\/\/www.kelver.com.ar\/index.php?rest_route=\/wp\/v2\/product\/4233","targetHints":{"allow":["GET"]}}],"collection":[{"href":"https:\/\/www.kelver.com.ar\/index.php?rest_route=\/wp\/v2\/product"}],"about":[{"href":"https:\/\/www.kelver.com.ar\/index.php?rest_route=\/wp\/v2\/types\/product"}],"replies":[{"embeddable":true,"href":"https:\/\/www.kelver.com.ar\/index.php?rest_route=%2Fwp%2Fv2%2Fcomments&post=4233"}],"wp:featuredmedia":[{"embeddable":true,"href":"https:\/\/www.kelver.com.ar\/index.php?rest_route=\/wp\/v2\/media\/5751"}],"wp:attachment":[{"href":"https:\/\/www.kelver.com.ar\/index.php?rest_route=%2Fwp%2Fv2%2Fmedia&parent=4233"}],"wp:term":[{"taxonomy":"product_brand","embeddable":true,"href":"https:\/\/www.kelver.com.ar\/index.php?rest_route=%2Fwp%2Fv2%2Fproduct_brand&post=4233"},{"taxonomy":"product_cat","embeddable":true,"href":"https:\/\/www.kelver.com.ar\/index.php?rest_route=%2Fwp%2Fv2%2Fproduct_cat&post=4233"},{"taxonomy":"product_tag","embeddable":true,"href":"https:\/\/www.kelver.com.ar\/index.php?rest_route=%2Fwp%2Fv2%2Fproduct_tag&post=4233"}],"curies":[{"name":"wp","href":"https:\/\/api.w.org\/{rel}","templated":true}]}}