{"id":4227,"date":"2025-05-28T17:56:08","date_gmt":"2025-05-28T14:56:08","guid":{"rendered":"https:\/\/www.kelver.com.ar\/?product=impresora-epson-tm-m30ii-nueva-usb-eth-promo"},"modified":"2026-04-21T05:31:40","modified_gmt":"2026-04-21T08:31:40","slug":"impresora-epson-tm-m30ii-nueva-usb-eth-promo","status":"publish","type":"product","link":"https:\/\/www.kelver.com.ar\/?product=impresora-epson-tm-m30ii-nueva-usb-eth-promo","title":{"rendered":"Impresora Epson Tm-m30ii Nueva Usb\/eth Promo"},"content":{"rendered":"<p>Impresora de recibos compacta con m\u00faltiples opciones de interfaz.<br \/>La elegante impresora t\u00e9rmica de recibos TM-m30II POS ofrece m\u00faltiples opciones de interfaz para una versatilidad notable. Una impresora de recibos compacta de 3&#8243; con un dise\u00f1o moderno, cuenta con m\u00faltiples opciones de conectividad con USB, Ethernet. Ideal para entornos comerciales y de hosteler\u00eda concurridos, la TM-m30II tiene una alta velocidad de impresi\u00f3n de hasta 250 mm\/seg. Vida \u00fatil del cabezal de impresi\u00f3n de 150 km y ciclos medios entre fallas (MCBF) de hasta 65 millones de l\u00edneas. Tambi\u00e9n es ideal para la impresi\u00f3n de recibos de cocina con su funci\u00f3n de rotaci\u00f3n de 180 grados e indicaciones LED adicionales para una f\u00e1cil operaci\u00f3n. Equipado con tecnolog\u00eda innovadora de ahorro de papel, le permite reducir el uso de papel hasta en un 49 por ciento *1 .<\/p>\n<p>Controlador de impresora:<br \/>Controlador de Windows (APD), OPOS, OPOS.NET, JavaPOS (Win), JavaPOS (Linux), controlador de puerto virtual TM, controlador CUPS (Linux), controlador de Mac, ePOS SDK (Android, iOS, Javascript)<br \/>Sensores:<br \/>Fin del papel, cubierta abierta<br \/>Indicadores LED:<br \/>LED azul: alimentaci\u00f3n, interfaces (LAN)<br \/>LED naranja: error y\/o falta de papel<br \/>Caracter\u00edstica incorporada:<br \/>Reducci\u00f3n de papel avanzada, rotaci\u00f3n de 180 grados, gu\u00eda de retroceso<\/p>\n","protected":false},"excerpt":{"rendered":"<p>Impresora de recibos compacta con m\u00faltiples opciones de interfaz.La elegante impresora t\u00e9rmica de recibos TM-m30II POS ofrece m\u00faltiples opciones de interfaz para una versatilidad notable. Una impresora de recibos compacta de 3&#8243; con un dise\u00f1o moderno, cuenta con m\u00faltiples opciones de conectividad con USB, Ethernet. Ideal para entornos comerciales y de hosteler\u00eda concurridos, la TM-m30II&hellip; <br \/> <a class=\"read-more\" href=\"https:\/\/www.kelver.com.ar\/?product=impresora-epson-tm-m30ii-nueva-usb-eth-promo\">Leer m\u00e1s<\/a><\/p>\n","protected":false},"featured_media":5363,"comment_status":"open","ping_status":"closed","template":"","meta":{"_joinchat":[],"jetpack_publicize_message":"","jetpack_publicize_feature_enabled":true,"jetpack_social_post_already_shared":true,"jetpack_social_options":{"image_generator_settings":{"template":"highway","default_image_id":0,"font":"","enabled":false},"version":2}},"product_brand":[],"product_cat":[43],"product_tag":[],"class_list":{"0":"post-4227","1":"product","2":"type-product","3":"status-publish","4":"has-post-thumbnail","6":"product_cat-impresoras-comanderas","8":"first","9":"instock","10":"shipping-taxable","11":"purchasable","12":"product-type-simple"},"jetpack_publicize_connections":[],"jetpack_sharing_enabled":true,"_links":{"self":[{"href":"https:\/\/www.kelver.com.ar\/index.php?rest_route=\/wp\/v2\/product\/4227","targetHints":{"allow":["GET"]}}],"collection":[{"href":"https:\/\/www.kelver.com.ar\/index.php?rest_route=\/wp\/v2\/product"}],"about":[{"href":"https:\/\/www.kelver.com.ar\/index.php?rest_route=\/wp\/v2\/types\/product"}],"replies":[{"embeddable":true,"href":"https:\/\/www.kelver.com.ar\/index.php?rest_route=%2Fwp%2Fv2%2Fcomments&post=4227"}],"wp:featuredmedia":[{"embeddable":true,"href":"https:\/\/www.kelver.com.ar\/index.php?rest_route=\/wp\/v2\/media\/5363"}],"wp:attachment":[{"href":"https:\/\/www.kelver.com.ar\/index.php?rest_route=%2Fwp%2Fv2%2Fmedia&parent=4227"}],"wp:term":[{"taxonomy":"product_brand","embeddable":true,"href":"https:\/\/www.kelver.com.ar\/index.php?rest_route=%2Fwp%2Fv2%2Fproduct_brand&post=4227"},{"taxonomy":"product_cat","embeddable":true,"href":"https:\/\/www.kelver.com.ar\/index.php?rest_route=%2Fwp%2Fv2%2Fproduct_cat&post=4227"},{"taxonomy":"product_tag","embeddable":true,"href":"https:\/\/www.kelver.com.ar\/index.php?rest_route=%2Fwp%2Fv2%2Fproduct_tag&post=4227"}],"curies":[{"name":"wp","href":"https:\/\/api.w.org\/{rel}","templated":true}]}}