{"id":4157,"date":"2025-05-27T19:32:02","date_gmt":"2025-05-27T16:32:02","guid":{"rendered":"https:\/\/www.kelver.com.ar\/?product=balanza-comercial-digital-kretz-master-250kg-con-mastil"},"modified":"2026-05-02T11:26:04","modified_gmt":"2026-05-02T14:26:04","slug":"balanza-comercial-digital-kretz-master-250kg-con-mastil","status":"publish","type":"product","link":"https:\/\/www.kelver.com.ar\/?product=balanza-comercial-digital-kretz-master-250kg-con-mastil","title":{"rendered":"Balanza Comercial Digital Kretz Master 250kg Con M\u00e1stil"},"content":{"rendered":"<p>Dise\u00f1ada para la industria, esta balanza es espec\u00edfica para la precisi\u00f3n de carga superior. Es un producto durable, que se destaca por su firmeza y resistencia, ideal para pesar objetos de gran volumen.<\/p>\n<p>Display digital<br \/>La mayor ventaja de contar con una pantalla digital es la visualizaci\u00f3n r\u00e1pida y precisa del pesaje. Vas a ver tanto los kilos como los gramos al instante, sin ning\u00fan esfuerzo.<\/p>\n<p>La practicidad de la tecla Tara<br \/>Aunque es solo una tecla, convierte la balanza en una herramienta de trabajo pr\u00e1ctica, que posibilita restar el peso del recipiente que contiene el producto y alcanzar la medida exacta.<\/p>\n","protected":false},"excerpt":{"rendered":"<p>Dise\u00f1ada para la industria, esta balanza es espec\u00edfica para la precisi\u00f3n de carga superior. Es un producto durable, que se destaca por su firmeza y resistencia, ideal para pesar objetos de gran volumen. Display digitalLa mayor ventaja de contar con una pantalla digital es la visualizaci\u00f3n r\u00e1pida y precisa del pesaje. Vas a ver tanto&hellip; <br \/> <a class=\"read-more\" href=\"https:\/\/www.kelver.com.ar\/?product=balanza-comercial-digital-kretz-master-250kg-con-mastil\">Leer m\u00e1s<\/a><\/p>\n","protected":false},"featured_media":5319,"comment_status":"open","ping_status":"closed","template":"","meta":{"_joinchat":[],"jetpack_publicize_message":"","jetpack_publicize_feature_enabled":true,"jetpack_social_post_already_shared":true,"jetpack_social_options":{"image_generator_settings":{"template":"highway","default_image_id":0,"font":"","enabled":false},"version":2}},"product_brand":[],"product_cat":[39],"product_tag":[],"class_list":{"0":"post-4157","1":"product","2":"type-product","3":"status-publish","4":"has-post-thumbnail","6":"product_cat-balanzas","8":"first","9":"instock","10":"shipping-taxable","11":"purchasable","12":"product-type-simple"},"jetpack_publicize_connections":[],"jetpack_sharing_enabled":true,"_links":{"self":[{"href":"https:\/\/www.kelver.com.ar\/index.php?rest_route=\/wp\/v2\/product\/4157","targetHints":{"allow":["GET"]}}],"collection":[{"href":"https:\/\/www.kelver.com.ar\/index.php?rest_route=\/wp\/v2\/product"}],"about":[{"href":"https:\/\/www.kelver.com.ar\/index.php?rest_route=\/wp\/v2\/types\/product"}],"replies":[{"embeddable":true,"href":"https:\/\/www.kelver.com.ar\/index.php?rest_route=%2Fwp%2Fv2%2Fcomments&post=4157"}],"wp:featuredmedia":[{"embeddable":true,"href":"https:\/\/www.kelver.com.ar\/index.php?rest_route=\/wp\/v2\/media\/5319"}],"wp:attachment":[{"href":"https:\/\/www.kelver.com.ar\/index.php?rest_route=%2Fwp%2Fv2%2Fmedia&parent=4157"}],"wp:term":[{"taxonomy":"product_brand","embeddable":true,"href":"https:\/\/www.kelver.com.ar\/index.php?rest_route=%2Fwp%2Fv2%2Fproduct_brand&post=4157"},{"taxonomy":"product_cat","embeddable":true,"href":"https:\/\/www.kelver.com.ar\/index.php?rest_route=%2Fwp%2Fv2%2Fproduct_cat&post=4157"},{"taxonomy":"product_tag","embeddable":true,"href":"https:\/\/www.kelver.com.ar\/index.php?rest_route=%2Fwp%2Fv2%2Fproduct_tag&post=4157"}],"curies":[{"name":"wp","href":"https:\/\/api.w.org\/{rel}","templated":true}]}}