{"id":3814,"date":"2024-09-16T21:10:08","date_gmt":"2024-09-16T18:10:08","guid":{"rendered":"https:\/\/www.kelver.com.ar\/?product=bascula-kretz-master-150-kg-con-bateria-sin-barral"},"modified":"2026-04-04T08:35:38","modified_gmt":"2026-04-04T11:35:38","slug":"bascula-kretz-master-150-kg-con-bateria-sin-barral","status":"publish","type":"product","link":"https:\/\/www.kelver.com.ar\/?product=bascula-kretz-master-150-kg-con-bateria-sin-barral","title":{"rendered":"Bascula Kretz Master 150 Kg Con Bateria Sin Barral"},"content":{"rendered":"<p>\u00a6\u00a6\u00a6\u00a6\u00a6\u00a6\u00a6\u00a6\u00a6\u00a6\u00a6\u00a6\u00a6\u00a6\u00a6\u00a6\u00a6\u00a6\u00a6\u00a6\u00a6\u00a6\u00a6\u00a6\u00a6\u00a6\u00a6\u00a6\u00a6\u00a6\u00a6\u00a6\u00a6\u00a6\u00a6\u00a6\u00a6\u00a6\u00a6\u00a6\u00a6\u00a6\u00a6\u00a6\u00a6\u00a6\u00a6\u00a6\u00a6\u00a6\u00a6\u00a6\u00a6\u00a6\u00a6\u00a6\u00a6\u00a6\u00a6\u00a6\u00a6\u00a6\u00a6\u00a6\u00a6\u00a6\u00a6\u00a6\u00a6\u00a6\u00a6\u00a6\u00a6\u00a6\u00a6\u00a6\u00a6\u00a6\u00a6\u00a6\u00a6\u00a6\u00a6\u00a6\u00a6\u00a6\u00a6\u00a6\u00a6\u00a6\u00a6\u00a6\u00a6\u00a6\u00a6\u00a6\u00a6\u00a6\u00a6\u00a6\u00a6\u00a6<br \/>KELVER COMPUTACION<br \/>BALANZAS &#8211; CONTROLADORES FISCALES<br \/>\u00a6\u00a6\u00a6\u00a6\u00a6\u00a6\u00a6\u00a6\u00a6\u00a6\u00a6\u00a6\u00a6\u00a6\u00a6\u00a6\u00a6\u00a6\u00a6\u00a6\u00a6\u00a6\u00a6\u00a6\u00a6\u00a6\u00a6\u00a6\u00a6\u00a6\u00a6\u00a6\u00a6\u00a6\u00a6\u00a6\u00a6\u00a6\u00a6\u00a6\u00a6\u00a6\u00a6\u00a6\u00a6\u00a6\u00a6\u00a6\u00a6\u00a6\u00a6\u00a6\u00a6\u00a6\u00a6\u00a6\u00a6\u00a6\u00a6\u00a6\u00a6\u00a6\u00a6\u00a6\u00a6\u00a6\u00a6\u00a6\u00a6\u00a6\u00a6\u00a6\u00a6\u00a6\u00a6\u00a6\u00a6\u00a6\u00a6\u00a6\u00a6\u00a6\u00a6\u00a6\u00a6\u00a6\u00a6\u00a6\u00a6\u00a6\u00a6\u00a6\u00a6\u00a6\u00a6\u00a6\u00a6\u00a6\u00a6\u00a6\u00a6\u00a6<\/p>\n<p>==>Mercadolibre 100% Calificaciones positivas<br \/>==>Hacemos Factura A o B por su compra<br \/>==>Local a la calle en San Isidro<br \/>==>38 a\u00f1os en el rubro<br \/>==>Garant\u00eda escrita<br \/>==>Env\u00edos a todo el pa\u00eds: Mercado Env\u00edos, ViaCargo<br \/>==>T\u00e9cnicos Autorizados<\/p>\n<p>BASCULA KRETZ MASTER 150KG X 50 GRS CON BATERIA<br \/>Funcion Contadora y Suma de Pesadas<\/p>\n<p>Ideal para ingreso y egreso de mercader\u00eda en<br \/>industrias. Su facilidad de uso y robustez lo hacen un<br \/>equipo altamente confiable.<\/p>\n<p>Capacidad: 150 kg x 50 g<\/p>\n<p>&#8211; Caracter\u00edsticas<\/p>\n<p>\u2022\u00danica con funcionamiento a Bater\u00eda en el mercado.<br \/>\u2022Indicador digital de peso con \u00e1ngulo de visi\u00f3n<br \/>regulable montado sobre columna de 80 cm.<br \/>\u2022Opcionalmente el indicador puede solicitarse con<br \/>soporte para pared o escritorio.<br \/>\u2022Teclas de cero, tara e impresi\u00f3n.<br \/>\u2022Indicadores de cero, tara y movimiento.<br \/>\u2022Salida de comunicaci\u00f3n por puerto serie (RS-232),<br \/>para conexi\u00f3n a computadora u opcional a impresores KRETZ\u00ae.<br \/>\u2022Plataforma de acero inoxidable de 520 x 440 mm<\/p>\n","protected":false},"excerpt":{"rendered":"<p>\u00a6\u00a6\u00a6\u00a6\u00a6\u00a6\u00a6\u00a6\u00a6\u00a6\u00a6\u00a6\u00a6\u00a6\u00a6\u00a6\u00a6\u00a6\u00a6\u00a6\u00a6\u00a6\u00a6\u00a6\u00a6\u00a6\u00a6\u00a6\u00a6\u00a6\u00a6\u00a6\u00a6\u00a6\u00a6\u00a6\u00a6\u00a6\u00a6\u00a6\u00a6\u00a6\u00a6\u00a6\u00a6\u00a6\u00a6\u00a6\u00a6\u00a6\u00a6\u00a6\u00a6\u00a6\u00a6\u00a6\u00a6\u00a6\u00a6\u00a6\u00a6\u00a6\u00a6\u00a6\u00a6\u00a6\u00a6\u00a6\u00a6\u00a6\u00a6\u00a6\u00a6\u00a6\u00a6\u00a6\u00a6\u00a6\u00a6\u00a6\u00a6\u00a6\u00a6\u00a6\u00a6\u00a6\u00a6\u00a6\u00a6\u00a6\u00a6\u00a6\u00a6\u00a6\u00a6\u00a6\u00a6\u00a6\u00a6\u00a6\u00a6\u00a6KELVER COMPUTACIONBALANZAS &#8211; CONTROLADORES FISCALES\u00a6\u00a6\u00a6\u00a6\u00a6\u00a6\u00a6\u00a6\u00a6\u00a6\u00a6\u00a6\u00a6\u00a6\u00a6\u00a6\u00a6\u00a6\u00a6\u00a6\u00a6\u00a6\u00a6\u00a6\u00a6\u00a6\u00a6\u00a6\u00a6\u00a6\u00a6\u00a6\u00a6\u00a6\u00a6\u00a6\u00a6\u00a6\u00a6\u00a6\u00a6\u00a6\u00a6\u00a6\u00a6\u00a6\u00a6\u00a6\u00a6\u00a6\u00a6\u00a6\u00a6\u00a6\u00a6\u00a6\u00a6\u00a6\u00a6\u00a6\u00a6\u00a6\u00a6\u00a6\u00a6\u00a6\u00a6\u00a6\u00a6\u00a6\u00a6\u00a6\u00a6\u00a6\u00a6\u00a6\u00a6\u00a6\u00a6\u00a6\u00a6\u00a6\u00a6\u00a6\u00a6\u00a6\u00a6\u00a6\u00a6\u00a6\u00a6\u00a6\u00a6\u00a6\u00a6\u00a6\u00a6\u00a6\u00a6\u00a6\u00a6\u00a6 ==>Mercadolibre 100% Calificaciones positivas==>Hacemos Factura A o B por su compra==>Local a la calle en San Isidro==>38 a\u00f1os en el rubro==>Garant\u00eda escrita==>Env\u00edos a todo el pa\u00eds: Mercado Env\u00edos, ViaCargo==>T\u00e9cnicos Autorizados BASCULA KRETZ MASTER 150KG X 50 GRS CON BATERIAFuncion Contadora y Suma de Pesadas Ideal para ingreso y egreso de&hellip; <br \/> <a class=\"read-more\" href=\"https:\/\/www.kelver.com.ar\/?product=bascula-kretz-master-150-kg-con-bateria-sin-barral\">Leer m\u00e1s<\/a><\/p>\n","protected":false},"featured_media":4969,"comment_status":"open","ping_status":"closed","template":"","meta":{"_joinchat":[],"jetpack_publicize_message":"","jetpack_publicize_feature_enabled":true,"jetpack_social_post_already_shared":true,"jetpack_social_options":{"image_generator_settings":{"template":"highway","default_image_id":0,"font":"","enabled":false},"version":2}},"product_brand":[],"product_cat":[39],"product_tag":[],"class_list":{"0":"post-3814","1":"product","2":"type-product","3":"status-publish","4":"has-post-thumbnail","6":"product_cat-balanzas","8":"first","9":"instock","10":"shipping-taxable","11":"purchasable","12":"product-type-simple"},"jetpack_publicize_connections":[],"jetpack_sharing_enabled":true,"_links":{"self":[{"href":"https:\/\/www.kelver.com.ar\/index.php?rest_route=\/wp\/v2\/product\/3814","targetHints":{"allow":["GET"]}}],"collection":[{"href":"https:\/\/www.kelver.com.ar\/index.php?rest_route=\/wp\/v2\/product"}],"about":[{"href":"https:\/\/www.kelver.com.ar\/index.php?rest_route=\/wp\/v2\/types\/product"}],"replies":[{"embeddable":true,"href":"https:\/\/www.kelver.com.ar\/index.php?rest_route=%2Fwp%2Fv2%2Fcomments&post=3814"}],"wp:featuredmedia":[{"embeddable":true,"href":"https:\/\/www.kelver.com.ar\/index.php?rest_route=\/wp\/v2\/media\/4969"}],"wp:attachment":[{"href":"https:\/\/www.kelver.com.ar\/index.php?rest_route=%2Fwp%2Fv2%2Fmedia&parent=3814"}],"wp:term":[{"taxonomy":"product_brand","embeddable":true,"href":"https:\/\/www.kelver.com.ar\/index.php?rest_route=%2Fwp%2Fv2%2Fproduct_brand&post=3814"},{"taxonomy":"product_cat","embeddable":true,"href":"https:\/\/www.kelver.com.ar\/index.php?rest_route=%2Fwp%2Fv2%2Fproduct_cat&post=3814"},{"taxonomy":"product_tag","embeddable":true,"href":"https:\/\/www.kelver.com.ar\/index.php?rest_route=%2Fwp%2Fv2%2Fproduct_tag&post=3814"}],"curies":[{"name":"wp","href":"https:\/\/api.w.org\/{rel}","templated":true}]}}