{"id":3787,"date":"2024-09-16T19:55:36","date_gmt":"2024-09-16T16:55:36","guid":{"rendered":"https:\/\/www.kelver.com.ar\/?product=all-in-one-saphire-560-sam4s-celeron-128ssd-8gb-ram-blanca"},"modified":"2026-04-16T10:06:00","modified_gmt":"2026-04-16T13:06:00","slug":"all-in-one-saphire-560-sam4s-celeron-128ssd-8gb-ram-blanca","status":"publish","type":"product","link":"https:\/\/www.kelver.com.ar\/?product=all-in-one-saphire-560-sam4s-celeron-128ssd-8gb-ram-blanca","title":{"rendered":"All In One Saphire-560 Sam4s Celeron, 128ssd, 8gb Ram Blanca"},"content":{"rendered":"<p>SAM4S SAPHIRE 560<\/p>\n<p>S-560 es un punto de venta de alta calidad de la marca SAM4S con un dise\u00f1o innovador y elegante. Viene con un procesador Intel Celeron J6412 y tiene una capacidad de almacenamiento de SSD de 128 GB. La pantalla t\u00e1ctil capacitiva de 5W ofrece una experiencia intuitiva para el usuario.<\/p>\n<p>Procesador INTEL<br \/>Procesador Intel J6412 (Quad Core up to 2.6GHz), ideal para cumplir con las necesidades y requerimientos de los software de punto de venta.<\/p>\n<p>Touchscreen Resistente<br \/>La tecnolog\u00eda sensible al tacto con pantalla capacitiva de la SAPH-560 ofrece mayor durabilidad, mejor respuesta al tacto y mejor claridad de imagen, adem\u00e1s de soportar multi-touch. Conoce mas sobre esta tecnolog\u00eda aqui.<\/p>\n<p>Disco Estado Solido<br \/>Disco Estado Solido SSD 128GB suficiente espacio para almacenar todas sus transacciones y reportes, con una excelente velocidad de lectura y escritura.<\/p>\n<p>Base Firme<br \/>Base firme y plegable es unica en el mercado, nos permite una instalaci\u00f3n mas c\u00f3moda y ergon\u00f3mica.<\/p>\n<p>Pantalla de 15&#8243; Pulgadas<br \/>Pantalla de 15 pulgadas LCD con retroiluminacion LED, que ofrece colores vividos para una mejor experiencia del usuario.<\/p>\n<p>Facil Integraci\u00f3n<br \/>Con varios puertos disponibles para una f\u00e1cil integraci\u00f3n, con 6 Puertos USB, 3 Seriales, 1 LAN y 1 Display Port para un monitor adicional.<\/p>\n","protected":false},"excerpt":{"rendered":"<p>SAM4S SAPHIRE 560 S-560 es un punto de venta de alta calidad de la marca SAM4S con un dise\u00f1o innovador y elegante. Viene con un procesador Intel Celeron J6412 y tiene una capacidad de almacenamiento de SSD de 128 GB. La pantalla t\u00e1ctil capacitiva de 5W ofrece una experiencia intuitiva para el usuario. Procesador INTELProcesador&hellip; <br \/> <a class=\"read-more\" href=\"https:\/\/www.kelver.com.ar\/?product=all-in-one-saphire-560-sam4s-celeron-128ssd-8gb-ram-blanca\">Leer m\u00e1s<\/a><\/p>\n","protected":false},"featured_media":5262,"comment_status":"open","ping_status":"closed","template":"","meta":{"_joinchat":[],"jetpack_publicize_message":"","jetpack_publicize_feature_enabled":true,"jetpack_social_post_already_shared":true,"jetpack_social_options":{"image_generator_settings":{"template":"highway","default_image_id":0,"font":"","enabled":false},"version":2}},"product_brand":[],"product_cat":[47],"product_tag":[],"class_list":{"0":"post-3787","1":"product","2":"type-product","3":"status-publish","4":"has-post-thumbnail","6":"product_cat-pos-touch-screen","8":"first","9":"outofstock","10":"shipping-taxable","11":"purchasable","12":"product-type-simple"},"jetpack_publicize_connections":[],"jetpack_sharing_enabled":true,"_links":{"self":[{"href":"https:\/\/www.kelver.com.ar\/index.php?rest_route=\/wp\/v2\/product\/3787","targetHints":{"allow":["GET"]}}],"collection":[{"href":"https:\/\/www.kelver.com.ar\/index.php?rest_route=\/wp\/v2\/product"}],"about":[{"href":"https:\/\/www.kelver.com.ar\/index.php?rest_route=\/wp\/v2\/types\/product"}],"replies":[{"embeddable":true,"href":"https:\/\/www.kelver.com.ar\/index.php?rest_route=%2Fwp%2Fv2%2Fcomments&post=3787"}],"wp:featuredmedia":[{"embeddable":true,"href":"https:\/\/www.kelver.com.ar\/index.php?rest_route=\/wp\/v2\/media\/5262"}],"wp:attachment":[{"href":"https:\/\/www.kelver.com.ar\/index.php?rest_route=%2Fwp%2Fv2%2Fmedia&parent=3787"}],"wp:term":[{"taxonomy":"product_brand","embeddable":true,"href":"https:\/\/www.kelver.com.ar\/index.php?rest_route=%2Fwp%2Fv2%2Fproduct_brand&post=3787"},{"taxonomy":"product_cat","embeddable":true,"href":"https:\/\/www.kelver.com.ar\/index.php?rest_route=%2Fwp%2Fv2%2Fproduct_cat&post=3787"},{"taxonomy":"product_tag","embeddable":true,"href":"https:\/\/www.kelver.com.ar\/index.php?rest_route=%2Fwp%2Fv2%2Fproduct_tag&post=3787"}],"curies":[{"name":"wp","href":"https:\/\/api.w.org\/{rel}","templated":true}]}}