{"id":3527,"date":"2024-09-13T18:05:59","date_gmt":"2024-09-13T15:05:59","guid":{"rendered":"https:\/\/www.kelver.com.ar\/?product=calculadora-cientifica-cifra-sc-820"},"modified":"2026-04-04T06:02:17","modified_gmt":"2026-04-04T09:02:17","slug":"calculadora-cientifica-cifra-sc-820","status":"publish","type":"product","link":"https:\/\/www.kelver.com.ar\/?product=calculadora-cientifica-cifra-sc-820","title":{"rendered":"Calculadora Cient\u00edfica Cifra Sc-820"},"content":{"rendered":"<p>\u00b7         240 funciones.<br \/>\u00b7         12 D\u00edgitos grandes.<br \/>\u00b7         Visor de dos l\u00edneas, que permita ver la f\u00f3rmula y el resultado simult\u00e1neamente<br \/>\u00b7         9 Memorias.<br \/>\u00b7         Funci\u00f3n de repetici\u00f3n y respuesta<br \/>\u00b7         Resoluci\u00f3n de fracciones.<br \/>\u00b7         C\u00e1lculos con grados, minutos y segundos.<br \/>\u00b7         Funciones Trigonom\u00e9tricas y Trigonom\u00e9tricas inversas.<br \/>\u00b7         Funciones Hiperb\u00f3licas e Hiperb\u00f3licas inversas.<br \/>\u00b7         C\u00e1lculos Sexagesimales.<br \/>\u00b7         Permutaci\u00f3n y Combinaci\u00f3n.<br \/>\u00b7         Logaritmos comunes y naturales.<br \/>\u00b7         Potencia y Ra\u00edces.<br \/>\u00b7         Transformaci\u00f3n de coordenadas.<br \/>\u00b7         Conversi\u00f3n de ingenier\u00eda.<br \/>\u00b7         Desviaci\u00f3n est\u00e1ndar.<br \/>\u00b7         Conversi\u00f3n de Unidad Angular<br \/>\u00b7         C\u00e1lculos estad\u00edsticos.<br \/>\u00b7         C\u00e1lculos de Regresi\u00f3n.<br \/>\u00b7         Auto apagado.<br \/>\u00b7         Pie rebatible y tapa protectora.<br \/>\u00b7         Alimentaci\u00f3n 1 Pila CR2025<br \/>\u00b7         Medidas :160 x 80 x 11 mm<\/p>\n","protected":false},"excerpt":{"rendered":"<p>\u00b7 240 funciones.\u00b7 12 D\u00edgitos grandes.\u00b7 Visor de dos l\u00edneas, que permita ver la f\u00f3rmula y el resultado simult\u00e1neamente\u00b7 9 Memorias.\u00b7 Funci\u00f3n de repetici\u00f3n y respuesta\u00b7 Resoluci\u00f3n de fracciones.\u00b7 C\u00e1lculos con grados, minutos y segundos.\u00b7 Funciones Trigonom\u00e9tricas y Trigonom\u00e9tricas inversas.\u00b7 Funciones Hiperb\u00f3licas e Hiperb\u00f3licas inversas.\u00b7 C\u00e1lculos Sexagesimales.\u00b7 Permutaci\u00f3n y Combinaci\u00f3n.\u00b7 Logaritmos comunes y naturales.\u00b7 Potencia&hellip; <br \/> <a class=\"read-more\" href=\"https:\/\/www.kelver.com.ar\/?product=calculadora-cientifica-cifra-sc-820\">Leer m\u00e1s<\/a><\/p>\n","protected":false},"featured_media":4927,"comment_status":"open","ping_status":"closed","template":"","meta":{"_joinchat":[],"jetpack_publicize_message":"","jetpack_publicize_feature_enabled":true,"jetpack_social_post_already_shared":true,"jetpack_social_options":{"image_generator_settings":{"template":"highway","default_image_id":0,"font":"","enabled":false},"version":2}},"product_brand":[],"product_cat":[48],"product_tag":[],"class_list":{"0":"post-3527","1":"product","2":"type-product","3":"status-publish","4":"has-post-thumbnail","6":"product_cat-calculadoras","8":"first","9":"instock","10":"shipping-taxable","11":"purchasable","12":"product-type-simple"},"jetpack_publicize_connections":[],"jetpack_sharing_enabled":true,"_links":{"self":[{"href":"https:\/\/www.kelver.com.ar\/index.php?rest_route=\/wp\/v2\/product\/3527","targetHints":{"allow":["GET"]}}],"collection":[{"href":"https:\/\/www.kelver.com.ar\/index.php?rest_route=\/wp\/v2\/product"}],"about":[{"href":"https:\/\/www.kelver.com.ar\/index.php?rest_route=\/wp\/v2\/types\/product"}],"replies":[{"embeddable":true,"href":"https:\/\/www.kelver.com.ar\/index.php?rest_route=%2Fwp%2Fv2%2Fcomments&post=3527"}],"wp:featuredmedia":[{"embeddable":true,"href":"https:\/\/www.kelver.com.ar\/index.php?rest_route=\/wp\/v2\/media\/4927"}],"wp:attachment":[{"href":"https:\/\/www.kelver.com.ar\/index.php?rest_route=%2Fwp%2Fv2%2Fmedia&parent=3527"}],"wp:term":[{"taxonomy":"product_brand","embeddable":true,"href":"https:\/\/www.kelver.com.ar\/index.php?rest_route=%2Fwp%2Fv2%2Fproduct_brand&post=3527"},{"taxonomy":"product_cat","embeddable":true,"href":"https:\/\/www.kelver.com.ar\/index.php?rest_route=%2Fwp%2Fv2%2Fproduct_cat&post=3527"},{"taxonomy":"product_tag","embeddable":true,"href":"https:\/\/www.kelver.com.ar\/index.php?rest_route=%2Fwp%2Fv2%2Fproduct_tag&post=3527"}],"curies":[{"name":"wp","href":"https:\/\/api.w.org\/{rel}","templated":true}]}}