{"id":3509,"date":"2024-09-13T18:05:26","date_gmt":"2024-09-13T15:05:26","guid":{"rendered":"https:\/\/www.kelver.com.ar\/?product=cifra-calculadora-de-bolsillo-b-123ap"},"modified":"2026-04-04T08:14:40","modified_gmt":"2026-04-04T11:14:40","slug":"cifra-calculadora-de-bolsillo-b-123ap","status":"publish","type":"product","link":"https:\/\/www.kelver.com.ar\/?product=cifra-calculadora-de-bolsillo-b-123ap","title":{"rendered":"Cifra Calculadora De Bolsillo B-123ap"},"content":{"rendered":"<p>Visor de cristal l\u00edquido de 8 d\u00edgitos<br \/>C\u00e1lculo de funciones b\u00e1sicas<br \/>Porcentaje<br \/>Cambio de signo<br \/>Ra\u00edz cuadrada<br \/>Memoria acumulativa de 3 teclas independiente<br \/>Dimensiones 88 x 56 x 9 mm<br \/>Alimentaci\u00f3n dual con celda solar y bater\u00eda<\/p>\n","protected":false},"excerpt":{"rendered":"<p>Visor de cristal l\u00edquido de 8 d\u00edgitosC\u00e1lculo de funciones b\u00e1sicasPorcentajeCambio de signoRa\u00edz cuadradaMemoria acumulativa de 3 teclas independienteDimensiones 88 x 56 x 9 mmAlimentaci\u00f3n dual con celda solar y bater\u00eda<\/p>\n","protected":false},"featured_media":4924,"comment_status":"open","ping_status":"closed","template":"","meta":{"_joinchat":[],"jetpack_publicize_message":"","jetpack_publicize_feature_enabled":true,"jetpack_social_post_already_shared":true,"jetpack_social_options":{"image_generator_settings":{"template":"highway","default_image_id":0,"font":"","enabled":false},"version":2}},"product_brand":[],"product_cat":[48],"product_tag":[],"class_list":{"0":"post-3509","1":"product","2":"type-product","3":"status-publish","4":"has-post-thumbnail","6":"product_cat-calculadoras","8":"first","9":"outofstock","10":"shipping-taxable","11":"purchasable","12":"product-type-simple"},"jetpack_publicize_connections":[],"jetpack_sharing_enabled":true,"_links":{"self":[{"href":"https:\/\/www.kelver.com.ar\/index.php?rest_route=\/wp\/v2\/product\/3509","targetHints":{"allow":["GET"]}}],"collection":[{"href":"https:\/\/www.kelver.com.ar\/index.php?rest_route=\/wp\/v2\/product"}],"about":[{"href":"https:\/\/www.kelver.com.ar\/index.php?rest_route=\/wp\/v2\/types\/product"}],"replies":[{"embeddable":true,"href":"https:\/\/www.kelver.com.ar\/index.php?rest_route=%2Fwp%2Fv2%2Fcomments&post=3509"}],"wp:featuredmedia":[{"embeddable":true,"href":"https:\/\/www.kelver.com.ar\/index.php?rest_route=\/wp\/v2\/media\/4924"}],"wp:attachment":[{"href":"https:\/\/www.kelver.com.ar\/index.php?rest_route=%2Fwp%2Fv2%2Fmedia&parent=3509"}],"wp:term":[{"taxonomy":"product_brand","embeddable":true,"href":"https:\/\/www.kelver.com.ar\/index.php?rest_route=%2Fwp%2Fv2%2Fproduct_brand&post=3509"},{"taxonomy":"product_cat","embeddable":true,"href":"https:\/\/www.kelver.com.ar\/index.php?rest_route=%2Fwp%2Fv2%2Fproduct_cat&post=3509"},{"taxonomy":"product_tag","embeddable":true,"href":"https:\/\/www.kelver.com.ar\/index.php?rest_route=%2Fwp%2Fv2%2Fproduct_tag&post=3509"}],"curies":[{"name":"wp","href":"https:\/\/api.w.org\/{rel}","templated":true}]}}