{"id":3449,"date":"2024-09-12T23:30:47","date_gmt":"2024-09-12T20:30:47","guid":{"rendered":"https:\/\/www.kelver.com.ar\/?product=balanza-comercial-kretz-report-nx-ethernet-wifi-30-kg"},"modified":"2026-04-04T05:52:00","modified_gmt":"2026-04-04T08:52:00","slug":"balanza-comercial-kretz-report-nx-ethernet-wifi-30-kg","status":"publish","type":"product","link":"https:\/\/www.kelver.com.ar\/?product=balanza-comercial-kretz-report-nx-ethernet-wifi-30-kg","title":{"rendered":"Balanza Comercial Kretz Report Nx Ethernet + Wifi 30 Kg"},"content":{"rendered":"<p>Esta balanza es ideal para tu tienda o negocio, ya que te permitir\u00e1 determinar el peso exacto de los productos que comercialices. Gracias a su dise\u00f1o simple, operar\u00e1s de forma r\u00e1pida y sencilla.<\/p>\n<p>Dise\u00f1o funcional y vers\u00e1til<br \/>Con su funci\u00f3n tara, podr\u00e1s realizar nuevos pesajes desde cero, lo que te brindar\u00e1 gran practicidad y comodidad para trabajar.<\/p>\n","protected":false},"excerpt":{"rendered":"<p>Esta balanza es ideal para tu tienda o negocio, ya que te permitir\u00e1 determinar el peso exacto de los productos que comercialices. Gracias a su dise\u00f1o simple, operar\u00e1s de forma r\u00e1pida y sencilla. Dise\u00f1o funcional y vers\u00e1tilCon su funci\u00f3n tara, podr\u00e1s realizar nuevos pesajes desde cero, lo que te brindar\u00e1 gran practicidad y comodidad para&hellip; <br \/> <a class=\"read-more\" href=\"https:\/\/www.kelver.com.ar\/?product=balanza-comercial-kretz-report-nx-ethernet-wifi-30-kg\">Leer m\u00e1s<\/a><\/p>\n","protected":false},"featured_media":4923,"comment_status":"open","ping_status":"closed","template":"","meta":{"_joinchat":[],"jetpack_publicize_message":"","jetpack_publicize_feature_enabled":true,"jetpack_social_post_already_shared":true,"jetpack_social_options":{"image_generator_settings":{"template":"highway","default_image_id":0,"font":"","enabled":false},"version":2}},"product_brand":[],"product_cat":[39],"product_tag":[],"class_list":{"0":"post-3449","1":"product","2":"type-product","3":"status-publish","4":"has-post-thumbnail","6":"product_cat-balanzas","8":"first","9":"instock","10":"shipping-taxable","11":"purchasable","12":"product-type-simple"},"jetpack_publicize_connections":[],"jetpack_sharing_enabled":true,"_links":{"self":[{"href":"https:\/\/www.kelver.com.ar\/index.php?rest_route=\/wp\/v2\/product\/3449","targetHints":{"allow":["GET"]}}],"collection":[{"href":"https:\/\/www.kelver.com.ar\/index.php?rest_route=\/wp\/v2\/product"}],"about":[{"href":"https:\/\/www.kelver.com.ar\/index.php?rest_route=\/wp\/v2\/types\/product"}],"replies":[{"embeddable":true,"href":"https:\/\/www.kelver.com.ar\/index.php?rest_route=%2Fwp%2Fv2%2Fcomments&post=3449"}],"wp:featuredmedia":[{"embeddable":true,"href":"https:\/\/www.kelver.com.ar\/index.php?rest_route=\/wp\/v2\/media\/4923"}],"wp:attachment":[{"href":"https:\/\/www.kelver.com.ar\/index.php?rest_route=%2Fwp%2Fv2%2Fmedia&parent=3449"}],"wp:term":[{"taxonomy":"product_brand","embeddable":true,"href":"https:\/\/www.kelver.com.ar\/index.php?rest_route=%2Fwp%2Fv2%2Fproduct_brand&post=3449"},{"taxonomy":"product_cat","embeddable":true,"href":"https:\/\/www.kelver.com.ar\/index.php?rest_route=%2Fwp%2Fv2%2Fproduct_cat&post=3449"},{"taxonomy":"product_tag","embeddable":true,"href":"https:\/\/www.kelver.com.ar\/index.php?rest_route=%2Fwp%2Fv2%2Fproduct_tag&post=3449"}],"curies":[{"name":"wp","href":"https:\/\/api.w.org\/{rel}","templated":true}]}}