{"id":3242,"date":"2024-09-05T22:01:42","date_gmt":"2024-09-05T19:01:42","guid":{"rendered":"https:\/\/www.kelver.com.ar\/?product=impresora-termica-epson-tm-t20iii-comandera-ethernet"},"modified":"2026-04-19T03:43:22","modified_gmt":"2026-04-19T06:43:22","slug":"impresora-termica-epson-tm-t20iii-comandera-ethernet","status":"publish","type":"product","link":"https:\/\/www.kelver.com.ar\/?product=impresora-termica-epson-tm-t20iii-comandera-ethernet","title":{"rendered":"Impresora T\u00e9rmica Epson Tm-t20iii Comandera Ethernet"},"content":{"rendered":"<p>\u00a6\u00a6\u00a6\u00a6\u00a6\u00a6\u00a6\u00a6\u00a6\u00a6\u00a6\u00a6\u00a6\u00a6\u00a6\u00a6\u00a6\u00a6\u00a6\u00a6\u00a6\u00a6\u00a6\u00a6\u00a6\u00a6\u00a6\u00a6\u00a6\u00a6\u00a6\u00a6\u00a6\u00a6\u00a6\u00a6\u00a6\u00a6\u00a6\u00a6\u00a6\u00a6\u00a6\u00a6\u00a6\u00a6\u00a6\u00a6\u00a6\u00a6\u00a6\u00a6\u00a6\u00a6\u00a6\u00a6\u00a6\u00a6\u00a6\u00a6\u00a6\u00a6\u00a6\u00a6\u00a6\u00a6\u00a6\u00a6\u00a6\u00a6\u00a6\u00a6\u00a6\u00a6\u00a6\u00a6\u00a6\u00a6\u00a6\u00a6\u00a6\u00a6\u00a6\u00a6\u00a6\u00a6\u00a6\u00a6\u00a6\u00a6\u00a6\u00a6\u00a6\u00a6\u00a6\u00a6\u00a6\u00a6\u00a6\u00a6\u00a6\u00a6<br \/>KELVER COMPUTACION<br \/>BALANZAS &#8211; CONTROLADORES FISCALES <br \/>\u00a6\u00a6\u00a6\u00a6\u00a6\u00a6\u00a6\u00a6\u00a6\u00a6\u00a6\u00a6\u00a6\u00a6\u00a6\u00a6\u00a6\u00a6\u00a6\u00a6\u00a6\u00a6\u00a6\u00a6\u00a6\u00a6\u00a6\u00a6\u00a6\u00a6\u00a6\u00a6\u00a6\u00a6\u00a6\u00a6\u00a6\u00a6\u00a6\u00a6\u00a6\u00a6\u00a6\u00a6\u00a6\u00a6\u00a6\u00a6\u00a6\u00a6\u00a6\u00a6\u00a6\u00a6\u00a6\u00a6\u00a6\u00a6\u00a6\u00a6\u00a6\u00a6\u00a6\u00a6\u00a6\u00a6\u00a6\u00a6\u00a6\u00a6\u00a6\u00a6\u00a6\u00a6\u00a6\u00a6\u00a6\u00a6\u00a6\u00a6\u00a6\u00a6\u00a6\u00a6\u00a6\u00a6\u00a6\u00a6\u00a6\u00a6\u00a6\u00a6\u00a6\u00a6\u00a6\u00a6\u00a6\u00a6\u00a6\u00a6\u00a6\u00a6<\/p>\n<p>==>Mercadolibre 100% Calificaciones positivas<br \/>==>Hacemos Factura A o B por su compra<br \/>==>Local a la calle en San Isidro<br \/>==>38 a\u00f1os en el rubro<br \/>==>Garant\u00eda escrita<br \/>==>Env\u00edos a todo el pa\u00eds: Mercado Env\u00edos,<br \/>==>Tecnicos Autorizados<\/p>\n<p>**************************************************************<br \/>Impresora T\u00e9rmica Epson TM-T20III Ethernet<br \/>**************************************************************<\/p>\n<p>La impresora t\u00e9rmica TM-T20III imprime textos y gr\u00e1ficos en recibos a velocidades de hasta 250 mm\/s, as\u00ed como logotipos, cupones y c\u00f3digos de barras de forma n\u00edtida.<\/p>\n<p>Aprovecha las caracter\u00edsticas que facilitan su uso, como la carga r\u00e1pida de papel, el cortador autom\u00e1tico y los indicadores LED. Con las opciones para reducir el consumo de papel en un 30%, y un promedio de fiabilidad que esperas de una impresora Epson.<br \/>M\u00e9todo de impresi\u00f3n: Impresi\u00f3n t\u00e9rmica de l\u00edneas<br \/>Tecnolog\u00eda: L\u00ednea t\u00e9rmica<br \/>Velocidad de impresi\u00f3n :250 mm\/s<br \/>Velocidad de impresi\u00f3n de recibo 200 mm\/s<br \/>Juego de caracteres impresi\u00f3n A:NK<br \/>Capacidad de la columna recibo :Ancho de papel 80 mm, 48 \/ 64<br \/>Registro de caracteres: 95 alfanum\u00e9rico, 18 internacional, 128 \u00d7 43 gr\u00e1fico<br \/>Caracteres por pulgada: 22,6 cpp \/ 16,9 cpp<br \/>Densidad de puntos :203 ppp x 203 ppp<br \/>Impresi\u00f3n color :Negro<\/p>\n<p>DISTRIBUIDOR Y SERVICIO TECNICO OFICIAL EPSON<\/p>\n<p>\u00a6\u00a6\u00a6\u00a6\u00a6\u00a6\u00a6\u00a6\u00a6\u00a6\u00a6\u00a6\u00a6\u00a6\u00a6\u00a6\u00a6\u00a6\u00a6\u00a6\u00a6\u00a6\u00a6\u00a6\u00a6\u00a6\u00a6\u00a6\u00a6\u00a6\u00a6\u00a6\u00a6\u00a6\u00a6\u00a6\u00a6\u00a6\u00a6\u00a6\u00a6\u00a6\u00a6\u00a6\u00a6\u00a6\u00a6\u00a6\u00a6\u00a6\u00a6\u00a6\u00a6\u00a6\u00a6\u00a6\u00a6\u00a6\u00a6\u00a6\u00a6\u00a6\u00a6\u00a6\u00a6\u00a6\u00a6\u00a6\u00a6\u00a6\u00a6\u00a6\u00a6\u00a6\u00a6\u00a6\u00a6\u00a6\u00a6\u00a6\u00a6\u00a6\u00a6\u00a6\u00a6\u00a6\u00a6\u00a6\u00a6\u00a6\u00a6\u00a6\u00a6\u00a6\u00a6\u00a6\u00a6\u00a6\u00a6\u00a6\u00a6\u00a6\u00a6\u00a6\u00a6\u00a6\u00a6\u00a6\u00a6\u00a6\u00a6\u00a6\u00a6\u00a6\u00a6\u00a6\u00a6\u00a6\u00a6<br \/>Casi 40 a\u00f1os en el rubro avalan nuestra trayectoria<br \/>Cuente con nosotros. Lo asesoraremos para que tenga la mejor solucion. Le biendaremos:<br \/>Asesoramiento<br \/>El mejor servicio<br \/>Stock permanente<br \/>Velocidad en entregas<br \/>Productos de Calidad<\/p>\n<p>PRECIO CALIDAD Y SERVICIO<\/p>\n<p>\u00a6\u00a6\u00a6\u00a6\u00a6\u00a6\u00a6\u00a6\u00a6\u00a6\u00a6\u00a6\u00a6\u00a6\u00a6\u00a6\u00a6\u00a6\u00a6\u00a6\u00a6\u00a6\u00a6\u00a6\u00a6\u00a6\u00a6\u00a6\u00a6\u00a6\u00a6\u00a6\u00a6\u00a6\u00a6\u00a6\u00a6\u00a6\u00a6\u00a6\u00a6\u00a6\u00a6\u00a6\u00a6\u00a6\u00a6\u00a6\u00a6\u00a6\u00a6\u00a6\u00a6\u00a6\u00a6\u00a6\u00a6\u00a6\u00a6\u00a6\u00a6\u00a6\u00a6\u00a6\u00a6\u00a6\u00a6\u00a6\u00a6\u00a6\u00a6\u00a6\u00a6\u00a6\u00a6\u00a6\u00a6\u00a6\u00a6\u00a6\u00a6\u00a6\u00a6\u00a6\u00a6\u00a6\u00a6\u00a6\u00a6\u00a6\u00a6\u00a6\u00a6\u00a6\u00a6\u00a6\u00a6\u00a6\u00a6\u00a6\u00a6\u00a6\u00a6\u00a6\u00a6\u00a6\u00a6\u00a6\u00a6\u00a6\u00a6\u00a6\u00a6\u00a6\u00a6\u00a6\u00a6\u00a6\u00a6<br \/>Ademas contamos con: Impresoras Fiscales, Software de<br \/>Facturaci\u00f3n, Lectores C\u00f3digo de barras, Impresoras de ticket<br \/>no fiscales, Impresoras de etiquetas, Contadores de Billetes,<br \/>All in One Touchscreen, Calculadoras electronicas,<br \/>Destructoras de documentos, Balanzas Electronicas, Insumos<\/p>\n<p>No dudes en consultarnos, estamos para ayudarte!<\/p>\n<p>KELVER COMPUTACION<\/p>\n","protected":false},"excerpt":{"rendered":"<p>\u00a6\u00a6\u00a6\u00a6\u00a6\u00a6\u00a6\u00a6\u00a6\u00a6\u00a6\u00a6\u00a6\u00a6\u00a6\u00a6\u00a6\u00a6\u00a6\u00a6\u00a6\u00a6\u00a6\u00a6\u00a6\u00a6\u00a6\u00a6\u00a6\u00a6\u00a6\u00a6\u00a6\u00a6\u00a6\u00a6\u00a6\u00a6\u00a6\u00a6\u00a6\u00a6\u00a6\u00a6\u00a6\u00a6\u00a6\u00a6\u00a6\u00a6\u00a6\u00a6\u00a6\u00a6\u00a6\u00a6\u00a6\u00a6\u00a6\u00a6\u00a6\u00a6\u00a6\u00a6\u00a6\u00a6\u00a6\u00a6\u00a6\u00a6\u00a6\u00a6\u00a6\u00a6\u00a6\u00a6\u00a6\u00a6\u00a6\u00a6\u00a6\u00a6\u00a6\u00a6\u00a6\u00a6\u00a6\u00a6\u00a6\u00a6\u00a6\u00a6\u00a6\u00a6\u00a6\u00a6\u00a6\u00a6\u00a6\u00a6\u00a6\u00a6KELVER COMPUTACIONBALANZAS &#8211; CONTROLADORES FISCALES \u00a6\u00a6\u00a6\u00a6\u00a6\u00a6\u00a6\u00a6\u00a6\u00a6\u00a6\u00a6\u00a6\u00a6\u00a6\u00a6\u00a6\u00a6\u00a6\u00a6\u00a6\u00a6\u00a6\u00a6\u00a6\u00a6\u00a6\u00a6\u00a6\u00a6\u00a6\u00a6\u00a6\u00a6\u00a6\u00a6\u00a6\u00a6\u00a6\u00a6\u00a6\u00a6\u00a6\u00a6\u00a6\u00a6\u00a6\u00a6\u00a6\u00a6\u00a6\u00a6\u00a6\u00a6\u00a6\u00a6\u00a6\u00a6\u00a6\u00a6\u00a6\u00a6\u00a6\u00a6\u00a6\u00a6\u00a6\u00a6\u00a6\u00a6\u00a6\u00a6\u00a6\u00a6\u00a6\u00a6\u00a6\u00a6\u00a6\u00a6\u00a6\u00a6\u00a6\u00a6\u00a6\u00a6\u00a6\u00a6\u00a6\u00a6\u00a6\u00a6\u00a6\u00a6\u00a6\u00a6\u00a6\u00a6\u00a6\u00a6\u00a6\u00a6 ==>Mercadolibre 100% Calificaciones positivas==>Hacemos Factura A o B por su compra==>Local a la calle en San Isidro==>38 a\u00f1os en el rubro==>Garant\u00eda escrita==>Env\u00edos a todo el pa\u00eds: Mercado Env\u00edos,==>Tecnicos Autorizados **************************************************************Impresora T\u00e9rmica Epson TM-T20III Ethernet************************************************************** La impresora t\u00e9rmica TM-T20III imprime textos y gr\u00e1ficos en recibos a velocidades de hasta 250&hellip; <br \/> <a class=\"read-more\" href=\"https:\/\/www.kelver.com.ar\/?product=impresora-termica-epson-tm-t20iii-comandera-ethernet\">Leer m\u00e1s<\/a><\/p>\n","protected":false},"featured_media":5569,"comment_status":"open","ping_status":"closed","template":"","meta":{"_joinchat":[],"jetpack_publicize_message":"","jetpack_publicize_feature_enabled":true,"jetpack_social_post_already_shared":true,"jetpack_social_options":{"image_generator_settings":{"template":"highway","default_image_id":0,"font":"","enabled":false},"version":2}},"product_brand":[],"product_cat":[43],"product_tag":[],"class_list":{"0":"post-3242","1":"product","2":"type-product","3":"status-publish","4":"has-post-thumbnail","6":"product_cat-impresoras-comanderas","8":"first","9":"instock","10":"shipping-taxable","11":"purchasable","12":"product-type-simple"},"jetpack_publicize_connections":[],"jetpack_sharing_enabled":true,"_links":{"self":[{"href":"https:\/\/www.kelver.com.ar\/index.php?rest_route=\/wp\/v2\/product\/3242","targetHints":{"allow":["GET"]}}],"collection":[{"href":"https:\/\/www.kelver.com.ar\/index.php?rest_route=\/wp\/v2\/product"}],"about":[{"href":"https:\/\/www.kelver.com.ar\/index.php?rest_route=\/wp\/v2\/types\/product"}],"replies":[{"embeddable":true,"href":"https:\/\/www.kelver.com.ar\/index.php?rest_route=%2Fwp%2Fv2%2Fcomments&post=3242"}],"wp:featuredmedia":[{"embeddable":true,"href":"https:\/\/www.kelver.com.ar\/index.php?rest_route=\/wp\/v2\/media\/5569"}],"wp:attachment":[{"href":"https:\/\/www.kelver.com.ar\/index.php?rest_route=%2Fwp%2Fv2%2Fmedia&parent=3242"}],"wp:term":[{"taxonomy":"product_brand","embeddable":true,"href":"https:\/\/www.kelver.com.ar\/index.php?rest_route=%2Fwp%2Fv2%2Fproduct_brand&post=3242"},{"taxonomy":"product_cat","embeddable":true,"href":"https:\/\/www.kelver.com.ar\/index.php?rest_route=%2Fwp%2Fv2%2Fproduct_cat&post=3242"},{"taxonomy":"product_tag","embeddable":true,"href":"https:\/\/www.kelver.com.ar\/index.php?rest_route=%2Fwp%2Fv2%2Fproduct_tag&post=3242"}],"curies":[{"name":"wp","href":"https:\/\/api.w.org\/{rel}","templated":true}]}}