{"id":899,"date":"2020-01-17T21:25:53","date_gmt":"2020-01-17T18:25:53","guid":{"rendered":"http:\/\/www.kelver.com.ar\/?page_id=899"},"modified":"2025-12-10T17:31:16","modified_gmt":"2025-12-10T20:31:16","slug":"mesmerize","status":"publish","type":"page","link":"https:\/\/www.kelver.com.ar\/","title":{"rendered":"Front Page"},"content":{"rendered":"<div  class=\"overlappable-4 content-section content-section-spacing\" id=\"overlappable-4\" style=\"background-color: #ffffff;\" data-label=\"Overlappable\" data-id=\"overlappable-4\" data-overlap=\"true\" data-category=\"overlappable\" data-export-id=\"overlappable-4\"><div  class=\"gridContainer\"> <div  class=\"row spaced-cols text-center center-sm\" data-type=\"row\"><div  class=\"col-xs-12 col-sm-4 col-padding\"> <i  class=\"fa icon shadow-large-black aligncenter color1 fa-wrench reverse round large\"><\/i> <div  data-type=\"column\" class=\"\"> <h5  class=\"\">SERVICIO POSTVENTA<\/h5> <p  class=\"\">Contamos con tecnicos capacitados para resolver problemas y dar asesoramiento tanto en nuestro local como de forma remota<\/p><\/div> <\/div> <div  class=\"col-xs-12 col-sm-4 col-padding\"> <i  class=\"fa icon shadow-large-black aligncenter color1 fa-money reverse round large\"><\/i> <div  data-type=\"column\" class=\"\"> <h5  class=\"\">DESCUENTOS EN LOS PRECIOS DE PAGINA WEB<\/h5> <p  class=\"\">Descuentos exclusivos comprando en nuestra pagina web&nbsp;<\/p><\/div> <\/div><div  class=\"col-xs-12 col-sm-4 col-padding\"> <i  class=\"fa icon shadow-large-black aligncenter color1 fa-dollar reverse round large\"><\/i> <div  data-type=\"column\" class=\"\"><h5  class=\"\">EXCELENTES PRECIOS<\/h5> <p  class=\"\">Tenemos los mejores precios del mercado. Podemos mejorar cualquier presupuesto escrito. Vendemos a distribuidores equipos y repuestos. Pida su presupuesto\n<\/p><\/div> <\/div> <\/div> <\/div><\/div><div  class=\"about-1 content-section\" id=\"about-1\" style=\"background-color: #f5fafd;\" data-label=\"About\" data-id=\"about-1\" data-category=\"about\" data-export-id=\"about-1\"><div  class=\"gridContainer\"> <div  class=\"row text-center\"><div  class=\"section-title-col\" data-type=\"column\"> <h5  class=\"\">NOSOTROS<\/h5> <h2  class=\"\">Kelver Computacion, una empresa familiar brindando servicios por mas de 2 decadas<\/h2> <p  class=\"lead\">Amamos lo que hacemos. Por eso continuamos cada dia brindando mas y mejor servicio<\/p><\/div> <\/div> <div  class=\"row\"> <div  class=\"button-holder space-bottom space-bottom-small\" data-type=\"column\"> <a  class=\"button color1\" href=\"https:\/\/www.kelver.com.ar?page_id=41\" target=\"_self\" data-cp-link=\"1\" rel=\"noopener noreferrer\">CONTACTO<\/a><\/div> <div  class=\"col-xs bottom-xs flexbox image-group-bottom-3-img space-bottom-xs center-xs\"> <img  decoding=\"async\" loading=\"lazy\" title=\"cropped-local-kelverbis.jpg\" class=\"left-img shadow-large-black\" alt=\"\" src=\"https:\/\/i1.wp.com\/www.kelver.com.ar\/wp-content\/uploads\/2020\/01\/cropped-local-kelverbis.jpg?w=3840\" data-size=\"500x300\" width=\"392\" height=\"236\"> <img  decoding=\"async\" loading=\"lazy\" title=\"cropped-kelver-todos-scaled-2.jpg\" class=\"center-img shadow-large-black\" alt=\"\" src=\"https:\/\/i0.wp.com\/www.kelver.com.ar\/wp-content\/uploads\/2019\/10\/cropped-kelver-todos-scaled-2.jpg?w=3840\" data-size=\"500x300\" width=\"471\" height=\"300\"> <img  decoding=\"async\" loading=\"lazy\" title=\"cropped-local-kelver1bis.jpg\" class=\"right-img shadow-large-black\" alt=\"\" src=\"https:\/\/i2.wp.com\/www.kelver.com.ar\/wp-content\/uploads\/2020\/01\/cropped-local-kelver1bis.jpg?w=3840\" data-size=\"500x300\" width=\"392\" height=\"236\"><\/div> <\/div><\/div> <\/div><div  class=\"content-2 content-section content-section-spacing\" id=\"content-1\" style=\"background-color: rgb(255, 255, 255); background-image: none;\" data-label=\"Content\" data-id=\"content--1\" data-category=\"content\" data-export-id=\"content-2\"><div > <div  class=\"row middle-xs\"><div  class=\"col-sm-5 bg-image shadow-large-black\" style=\"background-image: url(&quot;https:\/\/www.kelver.com.ar\/wp-content\/uploads\/2020\/01\/cropped-computadora-tablet-tarjeta-credito-pago.jpg&quot;);\" data-bg=\"image\"><\/div> <div  class=\"col-sm-7 full-col-left-padding full-col-right-padding\"> <div  class=\"row\"> <div  class=\"space-bottom-small content-title-col\" data-type=\"column\"> <h5  class=\"\">FORMAS DE PAGO<\/h5> <h2  class=\"\">Compra en cuotas!!<\/h2> <p  class=\"\">Puede abonar por los diferentes medios de pago electronicos, transferecia bancaria o contado en nuestro local<\/p><a  class=\"button blue\" href=\"https:\/\/www.kelver.com.ar?page_id=74\" target=\"_self\" data-cp-link=\"1\" rel=\"noopener noreferrer\">OTRAS FORMAS DE PAGO<\/a><\/div> <\/div> <div  class=\"row spaced-cols \" data-type=\"row\"> <div  class=\"col-xs-6\" data-type=\"column\">  <\/div>    <\/div><\/div> <\/div><\/div> <\/div><div  class=\"blog-section blog-section-standard content-section content-section-spacing\" id=\"latest-news-1\" style=\"background-color: #f5fafd;\" data-label=\"Latest-news\" data-id=\"blog-section\" data-category=\"latest_news\" data-export-id=\"blog-section\"><div  class=\"gridContainer\"> <div  class=\"row\"><div  class=\"section-title-col\" data-type=\"column\"> <h2  class=\"\">Ultimas Novedades<\/h2> <p  class=\"lead\">Mantengase informado sobre lanzamientos nuevos modelos de controladores y balanzas&nbsp;<\/p><\/div> <\/div> <div  class=\"row\"> <div  data-type=\"row\" data-content-shortcode=\"mesmerize_latest_news\" data-dynamic-columns=\"handled\">\t\t<div class=\"row center-sm content-left-sm\">\n\t\t\t\t\t<div id=\"post-5044\" class=\"col-sm-6 col-md-4 space-bottom space-bottom-xs\">\n\t\t\t\t<div class=\"post-content card y-move bordered\">\n\t\t\t\t\t<div class=\"post-thumbnail\">\n   <a href=\"https:\/\/www.kelver.com.ar\/?p=5044\" class=\"post-list-item-thumb \">\n      \n            <svg class=\"mesmerize-post-list-item-thumb-placeholder\" width=\"890\" height=\"580\" viewBox=\"0 0 890 580\"\n         preserveAspectRatio=\"none\">\n         <rect width=\"890\" height=\"580\" style=\"fill:#FF9800;\"><\/rect>\n      <\/svg>\n               <\/a>\n<\/div>\n\t\t\t\t\t<div class=\"col-padding col-padding-xs\">\n\t\t\t\t\t\t<h3 class=\"post-title space-bottom-small\">\n\t\t\t\t\t\t\t<a href=\"https:\/\/www.kelver.com.ar\/?p=5044\" rel=\"bookmark\">\n\t\t\t\t\t\t\t\tNueva KRETZ REPORT PRO\t\t\t\t\t\t\t<\/a>\n\t\t\t\t\t\t<\/h3>\n\t\t\t\t\t\t<p>Balanza&nbsp;inteligente, desarrollada para el retail moderno que busca velocidad, conectividad total y m\u00e1xima capacidad operativa. Permite pesar, imprimir, etiquetar y gestionar datos con precisi\u00f3n, integr\u00e1ndose f\u00e1cilmente a redes locales o[&hellip;]<\/p>\n\t\t\t\t\t\t<a class=\"read-more link\" href=\"https:\/\/www.kelver.com.ar\/?p=5044\">\n\t\t\t\t\t\t\tRead more\t\t\t\t\t\t<\/a>\n\t\t\t\t\t<\/div>\n\t\t\t\t<\/div>\n\t\t\t<\/div>\n\t\t\t\t\t\t<div id=\"post-2442\" class=\"col-sm-6 col-md-4 space-bottom space-bottom-xs\">\n\t\t\t\t<div class=\"post-content card y-move bordered\">\n\t\t\t\t\t<div class=\"post-thumbnail\">\n   <a href=\"https:\/\/www.kelver.com.ar\/?p=2442\" class=\"post-list-item-thumb \">\n      <img loading=\"lazy\" decoding=\"async\" width=\"1024\" height=\"1448\" src=\"https:\/\/i0.wp.com\/www.kelver.com.ar\/wp-content\/uploads\/2024\/04\/Servicio-Tecnico-1.jpg?fit=1024%2C1448&amp;ssl=1\" class=\"attachment-post-thumbnail size-post-thumbnail wp-post-image\" alt=\"\" srcset=\"https:\/\/i0.wp.com\/www.kelver.com.ar\/wp-content\/uploads\/2024\/04\/Servicio-Tecnico-1.jpg?w=1414&amp;ssl=1 1414w, https:\/\/i0.wp.com\/www.kelver.com.ar\/wp-content\/uploads\/2024\/04\/Servicio-Tecnico-1.jpg?resize=212%2C300&amp;ssl=1 212w, https:\/\/i0.wp.com\/www.kelver.com.ar\/wp-content\/uploads\/2024\/04\/Servicio-Tecnico-1.jpg?resize=724%2C1024&amp;ssl=1 724w, https:\/\/i0.wp.com\/www.kelver.com.ar\/wp-content\/uploads\/2024\/04\/Servicio-Tecnico-1.jpg?resize=768%2C1086&amp;ssl=1 768w, https:\/\/i0.wp.com\/www.kelver.com.ar\/wp-content\/uploads\/2024\/04\/Servicio-Tecnico-1.jpg?resize=1086%2C1536&amp;ssl=1 1086w, https:\/\/i0.wp.com\/www.kelver.com.ar\/wp-content\/uploads\/2024\/04\/Servicio-Tecnico-1.jpg?resize=1024%2C1448&amp;ssl=1 1024w, https:\/\/i0.wp.com\/www.kelver.com.ar\/wp-content\/uploads\/2024\/04\/Servicio-Tecnico-1.jpg?resize=764%2C1080&amp;ssl=1 764w, https:\/\/i0.wp.com\/www.kelver.com.ar\/wp-content\/uploads\/2024\/04\/Servicio-Tecnico-1.jpg?resize=600%2C849&amp;ssl=1 600w\" sizes=\"auto, (max-width: 1024px) 100vw, 1024px\" \/>   <\/a>\n<\/div>\n\t\t\t\t\t<div class=\"col-padding col-padding-xs\">\n\t\t\t\t\t\t<h3 class=\"post-title space-bottom-small\">\n\t\t\t\t\t\t\t<a href=\"https:\/\/www.kelver.com.ar\/?p=2442\" rel=\"bookmark\">\n\t\t\t\t\t\t\t\t\t\t\t\t\t\t\t<\/a>\n\t\t\t\t\t\t<\/h3>\n\t\t\t\t\t\t<p>Reparaci\u00f3n y service general de equipos fiscales. Renovaci\u00f3n de certificados. Altas y bajas de equipos en la AFIP. Descarga de reportes pendientes. Servicio remoto. Explicaci\u00f3n de uso de equipos de[&hellip;]<\/p>\n\t\t\t\t\t\t<a class=\"read-more link\" href=\"https:\/\/www.kelver.com.ar\/?p=2442\">\n\t\t\t\t\t\t\tRead more\t\t\t\t\t\t<\/a>\n\t\t\t\t\t<\/div>\n\t\t\t\t<\/div>\n\t\t\t<\/div>\n\t\t\t\t\t\t<div id=\"post-2387\" class=\"col-sm-6 col-md-4 space-bottom space-bottom-xs\">\n\t\t\t\t<div class=\"post-content card y-move bordered\">\n\t\t\t\t\t<div class=\"post-thumbnail\">\n   <a href=\"https:\/\/www.kelver.com.ar\/?p=2387\" class=\"post-list-item-thumb \">\n      <img loading=\"lazy\" decoding=\"async\" width=\"1024\" height=\"1280\" src=\"https:\/\/i0.wp.com\/www.kelver.com.ar\/wp-content\/uploads\/2024\/03\/vlcsnap-2024-03-01-17h18m03s056.png?fit=1024%2C1280&amp;ssl=1\" class=\"attachment-post-thumbnail size-post-thumbnail wp-post-image\" alt=\"\" srcset=\"https:\/\/i0.wp.com\/www.kelver.com.ar\/wp-content\/uploads\/2024\/03\/vlcsnap-2024-03-01-17h18m03s056.png?w=1080&amp;ssl=1 1080w, https:\/\/i0.wp.com\/www.kelver.com.ar\/wp-content\/uploads\/2024\/03\/vlcsnap-2024-03-01-17h18m03s056.png?resize=240%2C300&amp;ssl=1 240w, https:\/\/i0.wp.com\/www.kelver.com.ar\/wp-content\/uploads\/2024\/03\/vlcsnap-2024-03-01-17h18m03s056.png?resize=819%2C1024&amp;ssl=1 819w, https:\/\/i0.wp.com\/www.kelver.com.ar\/wp-content\/uploads\/2024\/03\/vlcsnap-2024-03-01-17h18m03s056.png?resize=768%2C960&amp;ssl=1 768w, https:\/\/i0.wp.com\/www.kelver.com.ar\/wp-content\/uploads\/2024\/03\/vlcsnap-2024-03-01-17h18m03s056.png?resize=1024%2C1280&amp;ssl=1 1024w, https:\/\/i0.wp.com\/www.kelver.com.ar\/wp-content\/uploads\/2024\/03\/vlcsnap-2024-03-01-17h18m03s056.png?resize=864%2C1080&amp;ssl=1 864w, https:\/\/i0.wp.com\/www.kelver.com.ar\/wp-content\/uploads\/2024\/03\/vlcsnap-2024-03-01-17h18m03s056.png?resize=600%2C750&amp;ssl=1 600w\" sizes=\"auto, (max-width: 1024px) 100vw, 1024px\" \/>   <\/a>\n<\/div>\n\t\t\t\t\t<div class=\"col-padding col-padding-xs\">\n\t\t\t\t\t\t<h3 class=\"post-title space-bottom-small\">\n\t\t\t\t\t\t\t<a href=\"https:\/\/www.kelver.com.ar\/?p=2387\" rel=\"bookmark\">\n\t\t\t\t\t\t\t\tEstamos en Instagram!\t\t\t\t\t\t\t<\/a>\n\t\t\t\t\t\t<\/h3>\n\t\t\t\t\t\t<p>Ahora podes encontrarnos en instagram @kelvercomputacion, y enterarte de novedades, promos y descuentos antes que nadie. No pierdas tu oportunidad, seguimos, dale like a nuestras publicaciones y compra lo que[&hellip;]<\/p>\n\t\t\t\t\t\t<a class=\"read-more link\" href=\"https:\/\/www.kelver.com.ar\/?p=2387\">\n\t\t\t\t\t\t\tRead more\t\t\t\t\t\t<\/a>\n\t\t\t\t\t<\/div>\n\t\t\t\t<\/div>\n\t\t\t<\/div>\n\t\t\t\t<\/div>\n\t<\/div><\/div> <div  class=\"row\"><div  class=\"text-center\"> <a  class=\"button color1\" href=\"https:\/\/www.kelver.com.ar\/?page_id=19\" data-attr-shortcode=\"href:mesmerize_blog_link\">VER TODOS LOS POST<\/a><\/div> <\/div><\/div><\/div><div  class=\"clients-4 content-section content-section-spacing-small\" id=\"clients-1\" style=\"background-color: rgb(255, 255, 255); background-image: none;\" data-label=\"Clients\" data-id=\"clients--1\" data-category=\"clients\" data-export-id=\"clients-4\"><div  class=\"gridContainer\"> <div  class=\"row\"><div  class=\"section-title-col\" data-type=\"column\"> <h2  class=\"font-700\">Algunas Marcas que Comercializamos<\/h2> <\/div> <\/div> <div  class=\"row spaced-cols middle-xs center-xs space-bottom padding-lr\" data-type=\"row\"> <div  class=\"col-xs-6 col-sm-2 col-md-3\"> <img  decoding=\"async\" loading=\"lazy\" title=\"cropped-logo-kretz.png\" class=\"custom-image\" alt=\"\" src=\"https:\/\/i2.wp.com\/www.kelver.com.ar\/wp-content\/uploads\/2020\/01\/cropped-logo-kretz.png?w=3840\" width=\"250\" height=\"80\"><\/div><div  class=\"col-xs-6 col-sm-2 col-md-3\"><img  decoding=\"async\" loading=\"lazy\" title=\"cropped-Logo-Zebra-600x600-1.png\" class=\"custom-image\" alt=\"\" src=\"https:\/\/i1.wp.com\/www.kelver.com.ar\/wp-content\/uploads\/2020\/01\/cropped-Logo-Zebra-600x600-1.png?w=3840\" width=\"250\" height=\"250\"> <\/div>  <div  class=\"col-xs-6 col-sm-2 col-md-3\"><img  decoding=\"async\" loading=\"lazy\" title=\"cropped-logo-hasar.png\" class=\"custom-image\" alt=\"\" src=\"https:\/\/i0.wp.com\/www.kelver.com.ar\/wp-content\/uploads\/2020\/01\/cropped-logo-hasar.png?w=3840\" width=\"220\" height=\"220\"> <\/div> <div  class=\"col-xs-6 col-sm-2 col-md-3\"><img  decoding=\"async\" loading=\"lazy\" title=\"cropped-logo-sam4s.jpg\" class=\"custom-image\" alt=\"\" src=\"https:\/\/i1.wp.com\/www.kelver.com.ar\/wp-content\/uploads\/2020\/01\/cropped-logo-sam4s.jpg?w=3840\" width=\"250\" height=\"75\"> <\/div> <div  class=\"col-xs-6 col-sm-2 col-md-3\"><img  decoding=\"async\" loading=\"lazy\" title=\"cropped-logo-moretti.jpg\" class=\"custom-image\" alt=\"\" src=\"https:\/\/i1.wp.com\/www.kelver.com.ar\/wp-content\/uploads\/2020\/01\/cropped-logo-moretti.jpg?w=3840\" width=\"250\" height=\"196\"> <\/div> <div  class=\"col-xs-6 col-sm-2 col-md-3\"> <img  decoding=\"async\" loading=\"lazy\" title=\"cropped-logo-symbolg.png\" class=\"custom-image\" alt=\"\" src=\"https:\/\/i0.wp.com\/www.kelver.com.ar\/wp-content\/uploads\/2020\/01\/cropped-logo-symbolg.png?w=3840\" width=\"250\" height=\"81\"><\/div> <div  class=\"col-xs-6 col-sm-2 col-md-3\"><img  decoding=\"async\" loading=\"lazy\" title=\"cropped-logo-elitronic2-1.jpg\" class=\"custom-image\" alt=\"\" src=\"https:\/\/i2.wp.com\/www.kelver.com.ar\/wp-content\/uploads\/2020\/01\/cropped-logo-elitronic2-1.jpg?w=3840\" width=\"217\" height=\"217\"> <\/div><div  class=\"col-xs-6 col-sm-2 col-md-3\"><img  decoding=\"async\" loading=\"lazy\" title=\"cropped-logo-NCR_logo_color.svg_.png\" class=\"custom-image\" alt=\"\" src=\"https:\/\/i0.wp.com\/www.kelver.com.ar\/wp-content\/uploads\/2020\/01\/cropped-logo-NCR_logo_color.svg_.png?w=3840\" width=\"250\" height=\"72\"> <\/div><div  class=\"col-xs-6 col-sm-2 col-md-3\"><img  decoding=\"async\" loading=\"lazy\" title=\"cropped-logo-dyna.jpg\" class=\"custom-image\" alt=\"\" src=\"https:\/\/i0.wp.com\/www.kelver.com.ar\/wp-content\/uploads\/2020\/01\/cropped-logo-dyna.jpg?w=3840\" width=\"250\" height=\"155\"> <\/div><div  class=\"col-xs-6 col-sm-2 col-md-3\"><img  decoding=\"async\" loading=\"lazy\" title=\"cropped-logo-honeywell.gif\" class=\"custom-image\" alt=\"\" src=\"https:\/\/i0.wp.com\/www.kelver.com.ar\/wp-content\/uploads\/2020\/01\/cropped-logo-honeywell.gif?w=3840\" width=\"200\" height=\"200\"> <\/div><div  class=\"col-xs-6 col-sm-2 col-md-3\"><img  decoding=\"async\" loading=\"lazy\" title=\"cropped-logo-Epson-.png\" class=\"custom-image\" alt=\"\" src=\"https:\/\/i1.wp.com\/www.kelver.com.ar\/wp-content\/uploads\/2020\/01\/cropped-logo-Epson-.png?w=3840\" width=\"250\" height=\"141\"> <\/div><div  class=\"col-xs-6 col-sm-2 col-md-3\"><img  decoding=\"async\" loading=\"lazy\" title=\"cropped-logo-cifraM.jpg\" class=\"custom-image\" alt=\"\" src=\"https:\/\/i2.wp.com\/www.kelver.com.ar\/wp-content\/uploads\/2020\/01\/cropped-logo-cifraM.jpg?w=3840\" width=\"250\" height=\"250\"> <\/div><\/div><\/div> <\/div><div  class=\"contact-1 content-section content-section-spacing white-text\" id=\"contact-1\" data-label=\"Contact\" data-parallax-depth=\"20\" data-id=\"contact-1\" data-category=\"contact\" data-export-id=\"contact-1\"><div  class=\"gridContainer\"> <div  class=\"row text-center\"><div  class=\"section-title-col\" data-type=\"column\"> <h2  class=\"\">Contactenos<\/h2> <p  class=\"lead\">Abierto de Lunes a Viernes de 9 a 18hs y Sabados de 9 a 13hs.\n<\/p><\/div> <\/div> <div  class=\"row text-center\"> <div  class=\"col-xs-12 col-sm-8 col-sm-offset-2 contact-form-wrapper\"> <div  class=\"card large-padding\"> <div  data-content-shortcode=\"mesmerize_contact_form shortcode=&quot;contact-form-7 id=&amp;amp;quot;77&amp;amp;quot; title=&amp;amp;quot;Contact form 1&amp;amp;quot;&quot;\" data-editable=\"true\">\n<div class=\"wpcf7 no-js\" id=\"wpcf7-f77-o1\" lang=\"en-US\" dir=\"ltr\" data-wpcf7-id=\"77\">\n<div class=\"screen-reader-response\"><p role=\"status\" aria-live=\"polite\" aria-atomic=\"true\"><\/p> <ul><\/ul><\/div>\n<form action=\"\/index.php?rest_route=%2Fwp%2Fv2%2Fpages%2F899#wpcf7-f77-o1\" method=\"post\" class=\"wpcf7-form init wpcf7-acceptance-as-validation\" aria-label=\"Contact form\" novalidate=\"novalidate\" data-status=\"init\">\n<fieldset class=\"hidden-fields-container\"><input type=\"hidden\" name=\"_wpcf7\" value=\"77\" \/><input type=\"hidden\" name=\"_wpcf7_version\" value=\"6.1.5\" \/><input type=\"hidden\" name=\"_wpcf7_locale\" value=\"en_US\" \/><input type=\"hidden\" name=\"_wpcf7_unit_tag\" value=\"wpcf7-f77-o1\" \/><input type=\"hidden\" name=\"_wpcf7_container_post\" value=\"0\" \/><input type=\"hidden\" name=\"_wpcf7_posted_data_hash\" value=\"\" \/><input type=\"hidden\" name=\"_wpcf7_recaptcha_response\" value=\"\" \/>\n<\/fieldset>\n<p><label>\n\t\t<font size = 3 color=#aac7c8 face=verdana> Nombre*\n\n <span class=\"wpcf7-form-control-wrap\" data-name=\"your-name\"><input size=\"40\" maxlength=\"400\" class=\"wpcf7-form-control wpcf7-text wpcf7-validates-as-required\" aria-required=\"true\" aria-invalid=\"false\" value=\"\" type=\"text\" name=\"your-name\" \/><\/span>\n\t\t<\/font><\/label>\n<\/p>\n<p><label>\n\t\t<font size = 3 color=#aac7c8 face=verdana> Email*\n\n <span class=\"wpcf7-form-control-wrap\" data-name=\"your-email\"><input size=\"40\" maxlength=\"400\" class=\"wpcf7-form-control wpcf7-email wpcf7-validates-as-required wpcf7-text wpcf7-validates-as-email\" aria-required=\"true\" aria-invalid=\"false\" value=\"\" type=\"email\" name=\"your-email\" \/><\/span>\n\t\t<\/font><\/label>\n<\/p>\n<p><label>\n\t\t<font size = 3 color=#aac7c8 face=verdana> Telefono*\n\n <span class=\"wpcf7-form-control-wrap\" data-name=\"your-phone\"><input size=\"40\" maxlength=\"400\" class=\"wpcf7-form-control wpcf7-text wpcf7-validates-as-required\" aria-required=\"true\" aria-invalid=\"false\" value=\"\" type=\"text\" name=\"your-phone\" \/><\/span>\n\t\t<\/font><\/label>\n<\/p>\n<p><label>\n\t\t<font size = 3 color=#aac7c8 face=verdana> Asunto\n\n <span class=\"wpcf7-form-control-wrap\" data-name=\"your-subject\"><input size=\"40\" maxlength=\"400\" class=\"wpcf7-form-control wpcf7-text\" aria-invalid=\"false\" value=\"\" type=\"text\" name=\"your-subject\" \/><\/span>\n\t\t<\/font><\/label>\n<\/p>\n<p><label>\n\t\t<font size = 3 color=#aac7c8 face=verdana> Mensaje\n\n <span class=\"wpcf7-form-control-wrap\" data-name=\"your-message\"><textarea cols=\"40\" rows=\"10\" maxlength=\"2000\" class=\"wpcf7-form-control wpcf7-textarea\" aria-invalid=\"false\" name=\"your-message\"><\/textarea><\/span>\n\t\t<\/font><\/label>\n<\/p>\n<p><iframe loading=\"lazy\" src=\"https:\/\/www.google.com\/maps\/embed?pb=!1m18!1m12!1m3!1d3287.5767194071213!2d-58.533347084358745!3d-34.51361376024396!2m3!1f0!2f0!3f0!3m2!1i1024!2i768!4f13.1!3m3!1m2!1s0x95bcb0ecd17e9d21%3A0xfbe0578f00ce2146!2sKelver!5e0!3m2!1ses!2sar!4v1579799833768!5m2!1ses!2sar\" width=\"800\" height=\"600\" frameborder=\"0\" style=\"border:0;\" allowfullscreen=\"\"><\/iframe>\n<\/p>\n<span class=\"wpcf7-form-control-wrap recaptcha\" data-name=\"recaptcha\"><span data-sitekey=\"6LeJYMEUAAAAAK6oO0VgmoQxeNlONC_zf4d1QDQ2\" class=\"wpcf7-form-control wpcf7-recaptcha g-recaptcha\"><\/span>\r\n<noscript>\r\n\t<div class=\"grecaptcha-noscript\">\r\n\t\t<iframe loading=\"lazy\" src=\"https:\/\/www.google.com\/recaptcha\/api\/fallback?k=6LeJYMEUAAAAAK6oO0VgmoQxeNlONC_zf4d1QDQ2\" frameborder=\"0\" scrolling=\"no\" width=\"310\" height=\"430\">\r\n\t\t<\/iframe>\r\n\t\t<textarea name=\"g-recaptcha-response\" rows=\"3\" cols=\"40\" placeholder=\"reCaptcha Response Here\">\r\n\t\t<\/textarea>\r\n\t<\/div>\r\n<\/noscript>\r\n<\/span>\n<p><input class=\"wpcf7-form-control wpcf7-submit has-spinner\" type=\"submit\" value=\"Enviar\" \/>\n<\/p><input type='hidden' class='wpcf7-pum' value='{\"closepopup\":false,\"closedelay\":0,\"openpopup\":false,\"openpopup_id\":0}' \/><div class=\"wpcf7-response-output\" aria-hidden=\"true\"><\/div>\n<\/form>\n<\/div>\n<\/div><\/div><\/div><\/div><\/div><\/div>","protected":false},"excerpt":{"rendered":"<p>SERVICIO POSTVENTA Contamos con tecnicos capacitados para resolver problemas y dar asesoramiento tanto en nuestro local como de forma remota DESCUENTOS EN LOS PRECIOS DE PAGINA WEB Descuentos exclusivos comprando en nuestra pagina web&nbsp; EXCELENTES PRECIOS Tenemos los mejores precios del mercado. Podemos mejorar cualquier presupuesto escrito. Vendemos a distribuidores equipos y repuestos. Pida su&hellip; <br \/> <a class=\"read-more\" href=\"https:\/\/www.kelver.com.ar\/?p=2387\">Leer m\u00e1s<\/a><\/p>\n","protected":false},"author":2,"featured_media":0,"parent":0,"menu_order":0,"comment_status":"closed","ping_status":"closed","template":"page-templates\/homepage.php","meta":{"_joinchat":[],"footnotes":""},"class_list":["post-899","page","type-page","status-publish","hentry"],"jetpack_sharing_enabled":true,"_links":{"self":[{"href":"https:\/\/www.kelver.com.ar\/index.php?rest_route=\/wp\/v2\/pages\/899","targetHints":{"allow":["GET"]}}],"collection":[{"href":"https:\/\/www.kelver.com.ar\/index.php?rest_route=\/wp\/v2\/pages"}],"about":[{"href":"https:\/\/www.kelver.com.ar\/index.php?rest_route=\/wp\/v2\/types\/page"}],"author":[{"embeddable":true,"href":"https:\/\/www.kelver.com.ar\/index.php?rest_route=\/wp\/v2\/users\/2"}],"replies":[{"embeddable":true,"href":"https:\/\/www.kelver.com.ar\/index.php?rest_route=%2Fwp%2Fv2%2Fcomments&post=899"}],"version-history":[{"count":33,"href":"https:\/\/www.kelver.com.ar\/index.php?rest_route=\/wp\/v2\/pages\/899\/revisions"}],"predecessor-version":[{"id":3013,"href":"https:\/\/www.kelver.com.ar\/index.php?rest_route=\/wp\/v2\/pages\/899\/revisions\/3013"}],"wp:attachment":[{"href":"https:\/\/www.kelver.com.ar\/index.php?rest_route=%2Fwp%2Fv2%2Fmedia&parent=899"}],"curies":[{"name":"wp","href":"https:\/\/api.w.org\/{rel}","templated":true}]}}